{"id":181634,"date":"2025-02-28T13:26:29","date_gmt":"2025-02-28T13:26:29","guid":{"rendered":"https:\/\/nexgendecors.com\/en\/product\/all-natural-ingredients-no-synthetics-lemon-lavender-scent-carpet-refresher-room-deodorizer-powder\/"},"modified":"2025-04-06T11:30:05","modified_gmt":"2025-04-06T11:30:05","slug":"all-natural-ingredients-no-synthetics-lemon-lavender-scent-carpet-refresher-room-deodorizer-powder","status":"publish","type":"product","link":"https:\/\/nexgendecors.com\/fr\/product\/all-natural-ingredients-no-synthetics-lemon-lavender-scent-carpet-refresher-room-deodorizer-powder\/","title":{"rendered":"Tous les ingr\u00e9dients naturels Pas de produits synth\u00e9tiques Parfum de citron et de lavande D\u00e9sodorisant de tapis D\u00e9sodorisant de pi\u00e8ce en poudre"},"content":{"rendered":"<ul>\n<li><strong>taper : <\/strong> Air Fresheners<\/li>\n<li><strong>air freshener use : <\/strong> Accueil<\/li>\n<li><strong>forme : <\/strong> Cylindrical Bottle<\/li>\n<li><strong>lieu d&#039;origine : <\/strong> Zhejiang, Chine<\/li>\n<li><strong>Nom de marque : <\/strong> ATTAINHEART<\/li>\n<li><strong>num\u00e9ro de mod\u00e8le : <\/strong> AH-517<\/li>\n<li><strong>teneur en principe actif : <\/strong> 5% (Inclure) -15%<\/li>\n<li><strong>Nom du produit : <\/strong> Carpet&amp; Room deodorizer powder<\/li>\n<li><strong>Mat\u00e9riel : <\/strong> Plastic Shell, Powder<\/li>\n<li><strong>Capacit\u00e9 : <\/strong> 713G\/25 Fl.oz<\/li>\n<li><strong>Fonctionnalit\u00e9 : <\/strong> Deodorizing and deodorizing effect<\/li>\n<li><strong>Couleur : <\/strong> Blanc<\/li>\n<li><strong>OEM : <\/strong> Acceptd<\/li>\n<li><strong>Certificat : <\/strong> MSDS<\/li>\n<li><strong>Parfum : <\/strong> Lavender, cotton, passion fruit scent can be customized<\/li>\n<li><strong>Accessory : <\/strong> Plastic shell, powder<\/li>\n<\/ul>","protected":false},"excerpt":{"rendered":"<p>type : D\u00e9sodorisants d'int\u00e9rieur Utilisation : Maison Forme : Bouteille cylindrique Lieu d'origine : Zhejiang, Chine Marque<\/p>","protected":false},"featured_media":181633,"comment_status":"open","ping_status":"closed","template":"","meta":[],"product_brand":[],"product_cat":[30967],"product_tag":[],"class_list":{"0":"post-181634","1":"product","2":"type-product","3":"status-publish","4":"has-post-thumbnail","6":"product_cat-fragrance","8":"first","9":"instock","10":"taxable","11":"shipping-taxable","12":"purchasable","13":"product-type-simple"},"_links":{"self":[{"href":"https:\/\/nexgendecors.com\/fr\/wp-json\/wp\/v2\/product\/181634","targetHints":{"allow":["GET"]}}],"collection":[{"href":"https:\/\/nexgendecors.com\/fr\/wp-json\/wp\/v2\/product"}],"about":[{"href":"https:\/\/nexgendecors.com\/fr\/wp-json\/wp\/v2\/types\/product"}],"replies":[{"embeddable":true,"href":"https:\/\/nexgendecors.com\/fr\/wp-json\/wp\/v2\/comments?post=181634"}],"version-history":[{"count":0,"href":"https:\/\/nexgendecors.com\/fr\/wp-json\/wp\/v2\/product\/181634\/revisions"}],"wp:featuredmedia":[{"embeddable":true,"href":"https:\/\/nexgendecors.com\/fr\/wp-json\/wp\/v2\/media\/181633"}],"wp:attachment":[{"href":"https:\/\/nexgendecors.com\/fr\/wp-json\/wp\/v2\/media?parent=181634"}],"wp:term":[{"taxonomy":"product_brand","embeddable":true,"href":"https:\/\/nexgendecors.com\/fr\/wp-json\/wp\/v2\/product_brand?post=181634"},{"taxonomy":"product_cat","embeddable":true,"href":"https:\/\/nexgendecors.com\/fr\/wp-json\/wp\/v2\/product_cat?post=181634"},{"taxonomy":"product_tag","embeddable":true,"href":"https:\/\/nexgendecors.com\/fr\/wp-json\/wp\/v2\/product_tag?post=181634"}],"curies":[{"name":"wp","href":"https:\/\/api.w.org\/{rel}","templated":true}]}}