{"id":181654,"date":"2025-02-28T13:28:10","date_gmt":"2025-02-28T13:28:10","guid":{"rendered":"https:\/\/nexgendecors.com\/en\/product\/f-urinal-screen-deodorizer-urinal-cakes-anti-splash-odor-protection-for-toilets-in-bathroom-office-stadiums-schools\/"},"modified":"2025-04-06T11:30:18","modified_gmt":"2025-04-06T11:30:18","slug":"f-urinal-screen-deodorizer-urinal-cakes-anti-splash-odor-protection-for-toilets-in-bathroom-office-stadiums-schools","status":"publish","type":"product","link":"https:\/\/nexgendecors.com\/fr\/product\/f-urinal-screen-deodorizer-urinal-cakes-anti-splash-odor-protection-for-toilets-in-bathroom-office-stadiums-schools\/","title":{"rendered":"\u00c9cran d&#039;urinoir F D\u00e9sodorisant Urinoirs G\u00e2teaux Anti-\u00e9claboussures Protection contre les odeurs pour toilettes dans les salles de bains Bureau Stades \u00c9coles"},"content":{"rendered":"<ul>\n<li><strong>lieu d&#039;origine : <\/strong> Guangdong, Chine<\/li>\n<li><strong>nom de marque : <\/strong> FANER<\/li>\n<li><strong>num\u00e9ro de mod\u00e8le : <\/strong> URINAL SCREEN<\/li>\n<li><strong>fonctionnalit\u00e9 : <\/strong> Durable<\/li>\n<li><strong>Nom du produit : <\/strong> Urinal Screen<\/li>\n<li><strong>Mat\u00e9riel : <\/strong> EVA<\/li>\n<li><strong>Utilisation : <\/strong> Urinal<\/li>\n<li><strong>Fonction : <\/strong> Keeping Air Fresh<\/li>\n<li><strong>Duration : <\/strong> 30-45 Days<\/li>\n<li><strong>Urinal Screen Dimensions : <\/strong> 16 cm diameter, 0.5cm in thickness<\/li>\n<li><strong>Package Dimensions : <\/strong> 60*40*50 cm 360 PCS\/CTN<\/li>\n<\/ul>","protected":false},"excerpt":{"rendered":"<p>Lieu d&#039;origine : Guangdong, Chine Nom de marque : FANER Num\u00e9ro de mod\u00e8le : TAMIS D&#039;URINOIR Caract\u00e9ristique : Durable Nom du produit<\/p>","protected":false},"featured_media":181653,"comment_status":"open","ping_status":"closed","template":"","meta":[],"product_brand":[],"product_cat":[30967],"product_tag":[],"class_list":{"0":"post-181654","1":"product","2":"type-product","3":"status-publish","4":"has-post-thumbnail","6":"product_cat-fragrance","8":"first","9":"instock","10":"taxable","11":"shipping-taxable","12":"purchasable","13":"product-type-variable"},"_links":{"self":[{"href":"https:\/\/nexgendecors.com\/fr\/wp-json\/wp\/v2\/product\/181654","targetHints":{"allow":["GET"]}}],"collection":[{"href":"https:\/\/nexgendecors.com\/fr\/wp-json\/wp\/v2\/product"}],"about":[{"href":"https:\/\/nexgendecors.com\/fr\/wp-json\/wp\/v2\/types\/product"}],"replies":[{"embeddable":true,"href":"https:\/\/nexgendecors.com\/fr\/wp-json\/wp\/v2\/comments?post=181654"}],"version-history":[{"count":0,"href":"https:\/\/nexgendecors.com\/fr\/wp-json\/wp\/v2\/product\/181654\/revisions"}],"wp:featuredmedia":[{"embeddable":true,"href":"https:\/\/nexgendecors.com\/fr\/wp-json\/wp\/v2\/media\/181653"}],"wp:attachment":[{"href":"https:\/\/nexgendecors.com\/fr\/wp-json\/wp\/v2\/media?parent=181654"}],"wp:term":[{"taxonomy":"product_brand","embeddable":true,"href":"https:\/\/nexgendecors.com\/fr\/wp-json\/wp\/v2\/product_brand?post=181654"},{"taxonomy":"product_cat","embeddable":true,"href":"https:\/\/nexgendecors.com\/fr\/wp-json\/wp\/v2\/product_cat?post=181654"},{"taxonomy":"product_tag","embeddable":true,"href":"https:\/\/nexgendecors.com\/fr\/wp-json\/wp\/v2\/product_tag?post=181654"}],"curies":[{"name":"wp","href":"https:\/\/api.w.org\/{rel}","templated":true}]}}