{"id":181703,"date":"2025-02-28T13:30:28","date_gmt":"2025-02-28T13:30:28","guid":{"rendered":"https:\/\/nexgendecors.com\/en\/product\/good-smell-hotel-and-home-air-fresheners\/"},"modified":"2025-04-06T11:30:40","modified_gmt":"2025-04-06T11:30:40","slug":"good-smell-hotel-and-home-air-fresheners","status":"publish","type":"product","link":"https:\/\/nexgendecors.com\/fr\/product\/good-smell-hotel-and-home-air-fresheners\/","title":{"rendered":"D\u00e9sodorisants pour h\u00f4tels et maisons Good Smell"},"content":{"rendered":"<ul>\n<li><strong>taper : <\/strong> Air Fresheners<\/li>\n<li><strong>air freshener use : <\/strong> Accueil<\/li>\n<li><strong>forme : <\/strong> Spray<\/li>\n<li><strong>fonctionnalit\u00e9 : <\/strong> Durable<\/li>\n<li><strong>lieu d&#039;origine : <\/strong> Guangdong, Chine<\/li>\n<li><strong>Nom de marque : <\/strong> OEM<\/li>\n<li><strong>num\u00e9ro de mod\u00e8le : <\/strong> KS-201<\/li>\n<li><strong>Nom du produit : <\/strong> Air freshener spray<\/li>\n<li><strong>Can material : <\/strong> Tinplate<\/li>\n<li><strong>Capacit\u00e9 : <\/strong> 300 ml<\/li>\n<li><strong>Can size : <\/strong> 52*190mm<\/li>\n<li><strong>Net weight : <\/strong> 180g<\/li>\n<li><strong>Frangance : <\/strong> Vanilla,Rose,Jasmine,Lavender,Lemon,etc<\/li>\n<\/ul>","protected":false},"excerpt":{"rendered":"<p>type : D\u00e9sodorisants utilisation du d\u00e9sodorisant : Maison forme : Spray caract\u00e9ristique : Durable lieu d&#039;origine : Guangdong,<\/p>","protected":false},"featured_media":181702,"comment_status":"open","ping_status":"closed","template":"","meta":[],"product_brand":[],"product_cat":[30967],"product_tag":[],"class_list":{"0":"post-181703","1":"product","2":"type-product","3":"status-publish","4":"has-post-thumbnail","6":"product_cat-fragrance","8":"first","9":"instock","10":"taxable","11":"shipping-taxable","12":"purchasable","13":"product-type-simple"},"_links":{"self":[{"href":"https:\/\/nexgendecors.com\/fr\/wp-json\/wp\/v2\/product\/181703","targetHints":{"allow":["GET"]}}],"collection":[{"href":"https:\/\/nexgendecors.com\/fr\/wp-json\/wp\/v2\/product"}],"about":[{"href":"https:\/\/nexgendecors.com\/fr\/wp-json\/wp\/v2\/types\/product"}],"replies":[{"embeddable":true,"href":"https:\/\/nexgendecors.com\/fr\/wp-json\/wp\/v2\/comments?post=181703"}],"version-history":[{"count":0,"href":"https:\/\/nexgendecors.com\/fr\/wp-json\/wp\/v2\/product\/181703\/revisions"}],"wp:featuredmedia":[{"embeddable":true,"href":"https:\/\/nexgendecors.com\/fr\/wp-json\/wp\/v2\/media\/181702"}],"wp:attachment":[{"href":"https:\/\/nexgendecors.com\/fr\/wp-json\/wp\/v2\/media?parent=181703"}],"wp:term":[{"taxonomy":"product_brand","embeddable":true,"href":"https:\/\/nexgendecors.com\/fr\/wp-json\/wp\/v2\/product_brand?post=181703"},{"taxonomy":"product_cat","embeddable":true,"href":"https:\/\/nexgendecors.com\/fr\/wp-json\/wp\/v2\/product_cat?post=181703"},{"taxonomy":"product_tag","embeddable":true,"href":"https:\/\/nexgendecors.com\/fr\/wp-json\/wp\/v2\/product_tag?post=181703"}],"curies":[{"name":"wp","href":"https:\/\/api.w.org\/{rel}","templated":true}]}}