{"id":181911,"date":"2025-02-28T14:11:41","date_gmt":"2025-02-28T14:11:41","guid":{"rendered":"https:\/\/nexgendecors.com\/en\/product\/wholesale-high-quality-300ml-650ml-eco-friendly-and-long-lasting-home-room-air-freshener-spray-oem\/"},"modified":"2025-04-06T11:32:33","modified_gmt":"2025-04-06T11:32:33","slug":"wholesale-high-quality-300ml-650ml-eco-friendly-and-long-lasting-home-room-air-freshener-spray-oem","status":"publish","type":"product","link":"https:\/\/nexgendecors.com\/fr\/product\/wholesale-high-quality-300ml-650ml-eco-friendly-and-long-lasting-home-room-air-freshener-spray-oem\/","title":{"rendered":"Wholesale High Quality 300ml-650ml Eco-friendly and Long Lasting Home Room Air Freshener Spray OEM"},"content":{"rendered":"<ul>\n<li><strong>taper : <\/strong> Air Fresheners<\/li>\n<li><strong>air freshener use : <\/strong> Accueil<\/li>\n<li><strong>forme : <\/strong> Spray<\/li>\n<li><strong>fonctionnalit\u00e9 : <\/strong> Durable<\/li>\n<li><strong>lieu d&#039;origine : <\/strong> Guangdong, Chine<\/li>\n<li><strong>Nom de marque : <\/strong> HEYI<\/li>\n<li><strong>num\u00e9ro de mod\u00e8le : <\/strong> HEYI-003<\/li>\n<li><strong>teneur en principe actif : <\/strong>  15%\uff08Include\uff09-30%<\/li>\n<li><strong>Nom du produit : <\/strong> aerosol spray air freshener<\/li>\n<li><strong>Capacit\u00e9 : <\/strong> 300ml~650ml<\/li>\n<li><strong>Certificat : <\/strong> ISO9001 SABER REACH<\/li>\n<li><strong>ODM\/OEM : <\/strong> Acceptable<\/li>\n<li><strong>Garantie : <\/strong> 3 years<\/li>\n<li><strong>Color: : <\/strong> Personnalis\u00e9<\/li>\n<li><strong>Quantit\u00e9 minimale de commande : <\/strong> 7500pcs<\/li>\n<li><strong>Qt\u00e9\/cartons : <\/strong> 24 PCS\/CTN<\/li>\n<\/ul>","protected":false},"excerpt":{"rendered":"<p>type : D\u00e9sodorisants utilisation du d\u00e9sodorisant : Maison forme : Spray caract\u00e9ristique : Durable lieu d&#039;origine : Guangdong,<\/p>","protected":false},"featured_media":181910,"comment_status":"open","ping_status":"closed","template":"","meta":[],"product_brand":[],"product_cat":[30967],"product_tag":[],"class_list":{"0":"post-181911","1":"product","2":"type-product","3":"status-publish","4":"has-post-thumbnail","6":"product_cat-fragrance","8":"first","9":"instock","10":"taxable","11":"shipping-taxable","12":"purchasable","13":"product-type-simple"},"_links":{"self":[{"href":"https:\/\/nexgendecors.com\/fr\/wp-json\/wp\/v2\/product\/181911","targetHints":{"allow":["GET"]}}],"collection":[{"href":"https:\/\/nexgendecors.com\/fr\/wp-json\/wp\/v2\/product"}],"about":[{"href":"https:\/\/nexgendecors.com\/fr\/wp-json\/wp\/v2\/types\/product"}],"replies":[{"embeddable":true,"href":"https:\/\/nexgendecors.com\/fr\/wp-json\/wp\/v2\/comments?post=181911"}],"version-history":[{"count":0,"href":"https:\/\/nexgendecors.com\/fr\/wp-json\/wp\/v2\/product\/181911\/revisions"}],"wp:featuredmedia":[{"embeddable":true,"href":"https:\/\/nexgendecors.com\/fr\/wp-json\/wp\/v2\/media\/181910"}],"wp:attachment":[{"href":"https:\/\/nexgendecors.com\/fr\/wp-json\/wp\/v2\/media?parent=181911"}],"wp:term":[{"taxonomy":"product_brand","embeddable":true,"href":"https:\/\/nexgendecors.com\/fr\/wp-json\/wp\/v2\/product_brand?post=181911"},{"taxonomy":"product_cat","embeddable":true,"href":"https:\/\/nexgendecors.com\/fr\/wp-json\/wp\/v2\/product_cat?post=181911"},{"taxonomy":"product_tag","embeddable":true,"href":"https:\/\/nexgendecors.com\/fr\/wp-json\/wp\/v2\/product_tag?post=181911"}],"curies":[{"name":"wp","href":"https:\/\/api.w.org\/{rel}","templated":true}]}}