{"id":181918,"date":"2025-02-28T14:11:53","date_gmt":"2025-02-28T14:11:53","guid":{"rendered":"https:\/\/nexgendecors.com\/en\/product\/100ml-portable-lavender-scent-liquid-type-air-freshener-spray\/"},"modified":"2025-04-06T11:32:45","modified_gmt":"2025-04-06T11:32:45","slug":"100ml-portable-lavender-scent-liquid-type-air-freshener-spray","status":"publish","type":"product","link":"https:\/\/nexgendecors.com\/fr\/product\/100ml-portable-lavender-scent-liquid-type-air-freshener-spray\/","title":{"rendered":"Spray rafra\u00eechisseur d'air portable de 100ml \u00e0 l'odeur de lavande, de type liquide"},"content":{"rendered":"<ul>\n<li><strong>taper : <\/strong> Air Fresheners, Spray<\/li>\n<li><strong>air freshener use : <\/strong> Accueil<\/li>\n<li><strong>forme : <\/strong> Spray<\/li>\n<li><strong>fonctionnalit\u00e9 : <\/strong> Durable<\/li>\n<li><strong>lieu d&#039;origine : <\/strong> Zhejiang, Chine<\/li>\n<li><strong>Nom de marque : <\/strong> Ocean Star<\/li>\n<li><strong>num\u00e9ro de mod\u00e8le : <\/strong> OS161032<\/li>\n<li><strong>teneur en principe actif : <\/strong> 5% (Inclure) -15%<\/li>\n<li><strong>Parfum : <\/strong> personnalisable<\/li>\n<li><strong>Mod\u00e8le : <\/strong> \/<\/li>\n<li><strong>safety : <\/strong> Sustainable, Non-Toxic<\/li>\n<li><strong>Model No.: : <\/strong> OS161032<\/li>\n<li><strong>Scented oil : <\/strong> Scented oil<\/li>\n<li><strong>Eco-Friendly: : <\/strong> Oui<\/li>\n<li><strong>Size: : <\/strong> 37*135mm<\/li>\n<li><strong>OME accepted: : <\/strong> Oui<\/li>\n<li><strong>Ingredient: : <\/strong> Chemical<\/li>\n<li><strong>promotion gift scent: : <\/strong> CUSTOMIZED<\/li>\n<li><strong>packing: : <\/strong> OPP BAG<\/li>\n<\/ul>","protected":false},"excerpt":{"rendered":"<p>type : D\u00e9sodorisants, Spray d\u00e9sodorisant utilisation : Maison forme : Spray caract\u00e9ristique : Durable lieu d'origine :<\/p>","protected":false},"featured_media":181917,"comment_status":"open","ping_status":"closed","template":"","meta":[],"product_brand":[],"product_cat":[30967],"product_tag":[],"class_list":{"0":"post-181918","1":"product","2":"type-product","3":"status-publish","4":"has-post-thumbnail","6":"product_cat-fragrance","8":"first","9":"instock","10":"taxable","11":"shipping-taxable","12":"purchasable","13":"product-type-variable"},"_links":{"self":[{"href":"https:\/\/nexgendecors.com\/fr\/wp-json\/wp\/v2\/product\/181918","targetHints":{"allow":["GET"]}}],"collection":[{"href":"https:\/\/nexgendecors.com\/fr\/wp-json\/wp\/v2\/product"}],"about":[{"href":"https:\/\/nexgendecors.com\/fr\/wp-json\/wp\/v2\/types\/product"}],"replies":[{"embeddable":true,"href":"https:\/\/nexgendecors.com\/fr\/wp-json\/wp\/v2\/comments?post=181918"}],"version-history":[{"count":0,"href":"https:\/\/nexgendecors.com\/fr\/wp-json\/wp\/v2\/product\/181918\/revisions"}],"wp:featuredmedia":[{"embeddable":true,"href":"https:\/\/nexgendecors.com\/fr\/wp-json\/wp\/v2\/media\/181917"}],"wp:attachment":[{"href":"https:\/\/nexgendecors.com\/fr\/wp-json\/wp\/v2\/media?parent=181918"}],"wp:term":[{"taxonomy":"product_brand","embeddable":true,"href":"https:\/\/nexgendecors.com\/fr\/wp-json\/wp\/v2\/product_brand?post=181918"},{"taxonomy":"product_cat","embeddable":true,"href":"https:\/\/nexgendecors.com\/fr\/wp-json\/wp\/v2\/product_cat?post=181918"},{"taxonomy":"product_tag","embeddable":true,"href":"https:\/\/nexgendecors.com\/fr\/wp-json\/wp\/v2\/product_tag?post=181918"}],"curies":[{"name":"wp","href":"https:\/\/api.w.org\/{rel}","templated":true}]}}