{"id":181995,"date":"2025-02-28T14:29:23","date_gmt":"2025-02-28T14:29:23","guid":{"rendered":"https:\/\/nexgendecors.com\/en\/product\/0-5l-0-8l-gold-white-turkish-arabic-arab-thermal-thermos-tea-vacuum-coffee-pot-with-glass-inner\/"},"modified":"2025-04-06T11:33:56","modified_gmt":"2025-04-06T11:33:56","slug":"0-5l-0-8l-gold-white-turkish-arabic-arab-thermal-thermos-tea-vacuum-coffee-pot-with-glass-inner","status":"publish","type":"product","link":"https:\/\/nexgendecors.com\/fr\/product\/0-5l-0-8l-gold-white-turkish-arabic-arab-thermal-thermos-tea-vacuum-coffee-pot-with-glass-inner\/","title":{"rendered":"Cafeti\u00e8re isotherme turque arabe de 0,5 L ou 0,8 L avec int\u00e9rieur en verre"},"content":{"rendered":"<ul>\n<li><strong>lieu d&#039;origine : <\/strong> Zhejiang, Chine<\/li>\n<li><strong>nom de marque : <\/strong> OEM<\/li>\n<li><strong>num\u00e9ro de mod\u00e8le : <\/strong> NC-X143<\/li>\n<li><strong>plastic type : <\/strong> ABS<\/li>\n<li><strong>fonctionnalit\u00e9 : <\/strong> WITH LID, Sustainable, Stocked, Large Capacity<\/li>\n<li><strong>type de verrerie : <\/strong> coffee pot<\/li>\n<li><strong>mat\u00e9riel : <\/strong> ABS<\/li>\n<li><strong>type de m\u00e9tal : <\/strong> iron<\/li>\n<li><strong>style : <\/strong> turkish arabic<\/li>\n<li><strong>Nom du produit : <\/strong> vacuum dallah coffee pot<\/li>\n<li><strong>Couleur : <\/strong> Blanc<\/li>\n<li><strong>Fonction : <\/strong> Keeping Drink Hot Cold<\/li>\n<li><strong>Capacit\u00e9 : <\/strong> 05\/0.8L<\/li>\n<li><strong>Taper : <\/strong> Coffee Ware<\/li>\n<li><strong>Logo : <\/strong> Customize Logo Acceptable<\/li>\n<li><strong>Emballage : <\/strong> Color Box<\/li>\n<li><strong>Application : <\/strong> Restaurants Home Cafe<\/li>\n<li><strong>Style : <\/strong> Calssical<\/li>\n<li><strong>Utilisation : <\/strong> Brewing Coffee<\/li>\n<\/ul>","protected":false},"excerpt":{"rendered":"<p>lieu d&#039;origine : Zhejiang, Chine nom de marque : OEM num\u00e9ro de mod\u00e8le : NC-X143 type de plastique : ABS caract\u00e9ristique :<\/p>","protected":false},"featured_media":181994,"comment_status":"open","ping_status":"closed","template":"","meta":[],"product_brand":[],"product_cat":[30935],"product_tag":[],"class_list":{"0":"post-181995","1":"product","2":"type-product","3":"status-publish","4":"has-post-thumbnail","6":"product_cat-coffee-supplies","8":"first","9":"instock","10":"taxable","11":"shipping-taxable","12":"purchasable","13":"product-type-variable"},"_links":{"self":[{"href":"https:\/\/nexgendecors.com\/fr\/wp-json\/wp\/v2\/product\/181995","targetHints":{"allow":["GET"]}}],"collection":[{"href":"https:\/\/nexgendecors.com\/fr\/wp-json\/wp\/v2\/product"}],"about":[{"href":"https:\/\/nexgendecors.com\/fr\/wp-json\/wp\/v2\/types\/product"}],"replies":[{"embeddable":true,"href":"https:\/\/nexgendecors.com\/fr\/wp-json\/wp\/v2\/comments?post=181995"}],"version-history":[{"count":0,"href":"https:\/\/nexgendecors.com\/fr\/wp-json\/wp\/v2\/product\/181995\/revisions"}],"wp:featuredmedia":[{"embeddable":true,"href":"https:\/\/nexgendecors.com\/fr\/wp-json\/wp\/v2\/media\/181994"}],"wp:attachment":[{"href":"https:\/\/nexgendecors.com\/fr\/wp-json\/wp\/v2\/media?parent=181995"}],"wp:term":[{"taxonomy":"product_brand","embeddable":true,"href":"https:\/\/nexgendecors.com\/fr\/wp-json\/wp\/v2\/product_brand?post=181995"},{"taxonomy":"product_cat","embeddable":true,"href":"https:\/\/nexgendecors.com\/fr\/wp-json\/wp\/v2\/product_cat?post=181995"},{"taxonomy":"product_tag","embeddable":true,"href":"https:\/\/nexgendecors.com\/fr\/wp-json\/wp\/v2\/product_tag?post=181995"}],"curies":[{"name":"wp","href":"https:\/\/api.w.org\/{rel}","templated":true}]}}