{"id":182035,"date":"2025-02-28T14:30:15","date_gmt":"2025-02-28T14:30:15","guid":{"rendered":"https:\/\/nexgendecors.com\/en\/product\/wholesale-japanese-ceramic-coffee-tea-cups-vintage-coarse-pottery-with-saucers-upcale-milk-tea-shop-accessories-commercial-use\/"},"modified":"2025-04-06T11:34:26","modified_gmt":"2025-04-06T11:34:26","slug":"wholesale-japanese-ceramic-coffee-tea-cups-vintage-coarse-pottery-with-saucers-upcale-milk-tea-shop-accessories-commercial-use","status":"publish","type":"product","link":"https:\/\/nexgendecors.com\/fr\/product\/wholesale-japanese-ceramic-coffee-tea-cups-vintage-coarse-pottery-with-saucers-upcale-milk-tea-shop-accessories-commercial-use\/","title":{"rendered":"Tasses \u00e0 caf\u00e9 et \u00e0 th\u00e9 japonaises en c\u00e9ramique, style vintage, avec soucoupes, accessoires haut de gamme pour salon de th\u00e9 au lait, usage commercial"},"content":{"rendered":"<ul>\n<li><strong>type de verrerie : <\/strong> Coffee &amp; Tea Sets<\/li>\n<li><strong>style : <\/strong> Minimalist<\/li>\n<li><strong>mat\u00e9riel : <\/strong> c\u00e9ramique<\/li>\n<li><strong>type de c\u00e9ramique : <\/strong> Porcelain<\/li>\n<li><strong>fonctionnalit\u00e9 : <\/strong> Durable<\/li>\n<li><strong>lieu d&#039;origine : <\/strong> Fujian, Chine<\/li>\n<li><strong>nom de marque : <\/strong> OEM<\/li>\n<\/ul>","protected":false},"excerpt":{"rendered":"<p>Type de verrerie : Services \u00e0 caf\u00e9 et \u00e0 th\u00e9 Style : Minimaliste Mat\u00e9riau : C\u00e9ramique Type de c\u00e9ramique : Porcelaine Caract\u00e9ristique : Durable<\/p>","protected":false},"featured_media":182034,"comment_status":"open","ping_status":"closed","template":"","meta":[],"product_brand":[],"product_cat":[30935],"product_tag":[],"class_list":{"0":"post-182035","1":"product","2":"type-product","3":"status-publish","4":"has-post-thumbnail","6":"product_cat-coffee-supplies","8":"first","9":"instock","10":"taxable","11":"shipping-taxable","12":"purchasable","13":"product-type-variable"},"_links":{"self":[{"href":"https:\/\/nexgendecors.com\/fr\/wp-json\/wp\/v2\/product\/182035","targetHints":{"allow":["GET"]}}],"collection":[{"href":"https:\/\/nexgendecors.com\/fr\/wp-json\/wp\/v2\/product"}],"about":[{"href":"https:\/\/nexgendecors.com\/fr\/wp-json\/wp\/v2\/types\/product"}],"replies":[{"embeddable":true,"href":"https:\/\/nexgendecors.com\/fr\/wp-json\/wp\/v2\/comments?post=182035"}],"version-history":[{"count":0,"href":"https:\/\/nexgendecors.com\/fr\/wp-json\/wp\/v2\/product\/182035\/revisions"}],"wp:featuredmedia":[{"embeddable":true,"href":"https:\/\/nexgendecors.com\/fr\/wp-json\/wp\/v2\/media\/182034"}],"wp:attachment":[{"href":"https:\/\/nexgendecors.com\/fr\/wp-json\/wp\/v2\/media?parent=182035"}],"wp:term":[{"taxonomy":"product_brand","embeddable":true,"href":"https:\/\/nexgendecors.com\/fr\/wp-json\/wp\/v2\/product_brand?post=182035"},{"taxonomy":"product_cat","embeddable":true,"href":"https:\/\/nexgendecors.com\/fr\/wp-json\/wp\/v2\/product_cat?post=182035"},{"taxonomy":"product_tag","embeddable":true,"href":"https:\/\/nexgendecors.com\/fr\/wp-json\/wp\/v2\/product_tag?post=182035"}],"curies":[{"name":"wp","href":"https:\/\/api.w.org\/{rel}","templated":true}]}}