{"id":182161,"date":"2025-02-28T14:53:23","date_gmt":"2025-02-28T14:53:23","guid":{"rendered":"https:\/\/nexgendecors.com\/en\/product\/plastic-bags-wholesale-durable-ldpe-hdpe-garbage-bags-waterproof-and-tear-resistant-for-office-kitchen-and-outdoor-gardens\/"},"modified":"2025-04-06T11:35:15","modified_gmt":"2025-04-06T11:35:15","slug":"sacs-en-plastique-en-gros-durables-ldpe-hdpe-sacs-poubelles-impermeables-et-resistants-a-la-dechirure-pour-la-cuisine-de-bureau-et-les-jardins-exterieurs","status":"publish","type":"product","link":"https:\/\/nexgendecors.com\/fr\/product\/sacs-en-plastique-en-gros-durables-ldpe-hdpe-sacs-poubelles-impermeables-et-resistants-a-la-dechirure-pour-la-cuisine-de-bureau-et-les-jardins-exterieurs\/","title":{"rendered":"Sacs en plastique en gros, sacs poubelles durables en PEBD\/PEHD, imperm\u00e9ables et r\u00e9sistants aux d\u00e9chirures pour le bureau, la cuisine et les jardins ext\u00e9rieurs"},"content":{"rendered":"<ul>\n<li><strong>Lieu d&#039;origine : <\/strong> Guangdong, Chine<\/li>\n<li><strong>Nom de marque : <\/strong> Personnalis\u00e9<\/li>\n<li><strong>Utilisation industrielle : <\/strong> Industriel\/Cuisine\/M\u00e9nage<\/li>\n<li><strong>Structure mat\u00e9rielle : <\/strong> PEHD, PEBD<\/li>\n<li><strong>Type de sac : <\/strong> SAC POUBELLE<\/li>\n<li><strong>Commande personnalis\u00e9e : <\/strong> Accepter<\/li>\n<li><strong>Fonctionnalit\u00e9 : <\/strong> Usage intensif<\/li>\n<li><strong>Type de plastique : <\/strong> PEBD\/PEHD<\/li>\n<li><strong>Impression du logo : <\/strong> Personnalis\u00e9<\/li>\n<li><strong>Gestion de l&#039;impression : <\/strong> \u00e0 la demande du client<\/li>\n<li><strong>Nom du produit : <\/strong> Sacs en plastique tr\u00e8s r\u00e9sistants<\/li>\n<li><strong>Taille : <\/strong> Taille personnalis\u00e9e accept\u00e9e<\/li>\n<li><strong>Couleur : <\/strong> Noir\/Vert\/Bleu\/Jaune<\/li>\n<li><strong>\u00c9paisseur : <\/strong> \u00c9paisseur personnalis\u00e9e<\/li>\n<li><strong>Logo : <\/strong> Accepter l&#039;impression de logo personnalis\u00e9<\/li>\n<li><strong>Impression : <\/strong> Impression personnalis\u00e9e accept\u00e9e<\/li>\n<li><strong>Quantit\u00e9 minimale de commande : <\/strong> 2000 pi\u00e8ces<\/li>\n<li><strong>Mat\u00e9riel : <\/strong> PEHD PEBD PE<\/li>\n<li><strong>Application : <\/strong> Accueil Cuisine H\u00f4tel Restaurant<\/li>\n<li><strong>Utilisation : <\/strong> Ordures<\/li>\n<\/ul>","protected":false},"excerpt":{"rendered":"<p>Lieu d&#039;origine : Guangdong, Chine Nom de marque : Personnalis\u00e9 Utilisation industrielle : Industriel\/Cuisine\/M\u00e9nage Structure du mat\u00e9riau : PEHD,<\/p>","protected":false},"featured_media":182160,"comment_status":"open","ping_status":"closed","template":"","meta":[],"product_brand":[],"product_cat":[30962],"product_tag":[],"class_list":{"0":"post-182161","1":"product","2":"type-product","3":"status-publish","4":"has-post-thumbnail","6":"product_cat-trash-can","8":"first","9":"instock","10":"taxable","11":"shipping-taxable","12":"purchasable","13":"product-type-variable"},"_links":{"self":[{"href":"https:\/\/nexgendecors.com\/fr\/wp-json\/wp\/v2\/product\/182161","targetHints":{"allow":["GET"]}}],"collection":[{"href":"https:\/\/nexgendecors.com\/fr\/wp-json\/wp\/v2\/product"}],"about":[{"href":"https:\/\/nexgendecors.com\/fr\/wp-json\/wp\/v2\/types\/product"}],"replies":[{"embeddable":true,"href":"https:\/\/nexgendecors.com\/fr\/wp-json\/wp\/v2\/comments?post=182161"}],"version-history":[{"count":0,"href":"https:\/\/nexgendecors.com\/fr\/wp-json\/wp\/v2\/product\/182161\/revisions"}],"wp:featuredmedia":[{"embeddable":true,"href":"https:\/\/nexgendecors.com\/fr\/wp-json\/wp\/v2\/media\/182160"}],"wp:attachment":[{"href":"https:\/\/nexgendecors.com\/fr\/wp-json\/wp\/v2\/media?parent=182161"}],"wp:term":[{"taxonomy":"product_brand","embeddable":true,"href":"https:\/\/nexgendecors.com\/fr\/wp-json\/wp\/v2\/product_brand?post=182161"},{"taxonomy":"product_cat","embeddable":true,"href":"https:\/\/nexgendecors.com\/fr\/wp-json\/wp\/v2\/product_cat?post=182161"},{"taxonomy":"product_tag","embeddable":true,"href":"https:\/\/nexgendecors.com\/fr\/wp-json\/wp\/v2\/product_tag?post=182161"}],"curies":[{"name":"wp","href":"https:\/\/api.w.org\/{rel}","templated":true}]}}