{"id":182298,"date":"2025-02-28T15:43:57","date_gmt":"2025-02-28T15:43:57","guid":{"rendered":"https:\/\/nexgendecors.com\/en\/product\/anno-unisex-medical-garden-specialist-shoes-custom-logo-wholesale-fashion-design-comfortable-features\/"},"modified":"2025-04-06T11:36:27","modified_gmt":"2025-04-06T11:36:27","slug":"anno-unisex-medical-garden-specialist-shoes-custom-logo-wholesale-fashion-design-comfortable-features","status":"publish","type":"product","link":"https:\/\/nexgendecors.com\/fr\/product\/anno-unisex-medical-garden-specialist-shoes-custom-logo-wholesale-fashion-design-comfortable-features\/","title":{"rendered":"ANNO Unisexe Chaussures M\u00e9dicales et de Jardin Sp\u00e9cialis\u00e9es Logo Personnalis\u00e9 En Gros Design de Mode Confortable Caract\u00e9ristiques"},"content":{"rendered":"<ul>\n<li><strong>Saison : <\/strong> All Seasons<\/li>\n<li><strong>Mat\u00e9riau de la semelle ext\u00e9rieure : <\/strong> eva<\/li>\n<li><strong>Mat\u00e9riau sup\u00e9rieur : <\/strong> EVA<\/li>\n<li><strong>Fonctionnalit\u00e9 : <\/strong> COMFORTABLE<\/li>\n<li><strong>Lieu d&#039;origine : <\/strong> Chine<\/li>\n<li><strong>Nom de marque : <\/strong> ANNO<\/li>\n<li><strong>Num\u00e9ro de mod\u00e8le : <\/strong> ANR1906<\/li>\n<\/ul>","protected":false},"excerpt":{"rendered":"<p>Saison : Toutes saisons Mat\u00e9riau de la semelle ext\u00e9rieure : EVA Mat\u00e9riau sup\u00e9rieur : EVA Caract\u00e9ristique : CONFORTABLE Lieu d&#039;origine : Chine<\/p>","protected":false},"featured_media":182297,"comment_status":"open","ping_status":"closed","template":"","meta":[],"product_brand":[],"product_cat":[30968],"product_tag":[],"class_list":{"0":"post-182298","1":"product","2":"type-product","3":"status-publish","4":"has-post-thumbnail","6":"product_cat-housekeeping-uniforms-aprons","8":"first","9":"instock","10":"taxable","11":"shipping-taxable","12":"purchasable","13":"product-type-variable"},"_links":{"self":[{"href":"https:\/\/nexgendecors.com\/fr\/wp-json\/wp\/v2\/product\/182298","targetHints":{"allow":["GET"]}}],"collection":[{"href":"https:\/\/nexgendecors.com\/fr\/wp-json\/wp\/v2\/product"}],"about":[{"href":"https:\/\/nexgendecors.com\/fr\/wp-json\/wp\/v2\/types\/product"}],"replies":[{"embeddable":true,"href":"https:\/\/nexgendecors.com\/fr\/wp-json\/wp\/v2\/comments?post=182298"}],"version-history":[{"count":0,"href":"https:\/\/nexgendecors.com\/fr\/wp-json\/wp\/v2\/product\/182298\/revisions"}],"wp:featuredmedia":[{"embeddable":true,"href":"https:\/\/nexgendecors.com\/fr\/wp-json\/wp\/v2\/media\/182297"}],"wp:attachment":[{"href":"https:\/\/nexgendecors.com\/fr\/wp-json\/wp\/v2\/media?parent=182298"}],"wp:term":[{"taxonomy":"product_brand","embeddable":true,"href":"https:\/\/nexgendecors.com\/fr\/wp-json\/wp\/v2\/product_brand?post=182298"},{"taxonomy":"product_cat","embeddable":true,"href":"https:\/\/nexgendecors.com\/fr\/wp-json\/wp\/v2\/product_cat?post=182298"},{"taxonomy":"product_tag","embeddable":true,"href":"https:\/\/nexgendecors.com\/fr\/wp-json\/wp\/v2\/product_tag?post=182298"}],"curies":[{"name":"wp","href":"https:\/\/api.w.org\/{rel}","templated":true}]}}