{"id":182720,"date":"2025-02-28T15:54:21","date_gmt":"2025-02-28T15:54:21","guid":{"rendered":"https:\/\/nexgendecors.com\/en\/product\/fashion-stewardess-hat-women-formal-vest-pant-skirt-japanese-style-aviation-waistcoat-stewardess-airline-stewardess-uniform\/"},"modified":"2025-04-06T11:38:15","modified_gmt":"2025-04-06T11:38:15","slug":"fashion-stewardess-hat-women-formal-vest-pant-skirt-japanese-style-aviation-waistcoat-stewardess-airline-stewardess-uniform","status":"publish","type":"product","link":"https:\/\/nexgendecors.com\/fr\/product\/fashion-stewardess-hat-women-formal-vest-pant-skirt-japanese-style-aviation-waistcoat-stewardess-airline-stewardess-uniform\/","title":{"rendered":"Fashion Stewardess Hat Women Formal Vest Pant Skirt Japanese Style Aviation Waistcoat Stewardess Airline Stewardess Uniform"},"content":{"rendered":"<ul>\n<li><strong>Type de produit : <\/strong> uniforme<\/li>\n<li><strong>Utiliser : <\/strong> Airline<\/li>\n<li><strong>D\u00e9lai de commande d&#039;\u00e9chantillon de 7 jours : <\/strong> Soutien<\/li>\n<li><strong>Needle detection : <\/strong> Oui<\/li>\n<li><strong>Type d&#039;alimentation : <\/strong> In-Stock Items<\/li>\n<li><strong>Mat\u00e9riel : <\/strong> Nylon \/ Cotton<\/li>\n<li><strong>Genre : <\/strong> Femmes<\/li>\n<li><strong>Type d&#039;uniforme : <\/strong> STEWARDESS<\/li>\n<li><strong>Lieu d&#039;origine : <\/strong> Shanghai, Chine<\/li>\n<li><strong>Nom de marque : <\/strong> Touchhealthy<\/li>\n<li><strong>Num\u00e9ro de mod\u00e8le : <\/strong> M108<\/li>\n<li><strong>Available Quantity : <\/strong> 10000<\/li>\n<li><strong>Conception : <\/strong> Stewardess Aviation Uniform<\/li>\n<li><strong>Nom du produit : <\/strong> Airline Uniform Suit<\/li>\n<li><strong>Couleur : <\/strong> red blue black<\/li>\n<li><strong>Product Keywords : <\/strong> Aviation Uniform Waistcoat<\/li>\n<li><strong>Logo : <\/strong> custom logo<\/li>\n<li><strong>Utilisation : <\/strong> Airline Stewardess Wear<\/li>\n<li><strong>Taille : <\/strong> European Americal Asia Size<\/li>\n<li><strong>Fonctionnalit\u00e9 : <\/strong> Custom Logoair Hostess Uniform<\/li>\n<li><strong>Style : <\/strong> fashion<\/li>\n<li><strong>Tissu : <\/strong> 65%polyester\/35%cotton<\/li>\n<\/ul>","protected":false},"excerpt":{"rendered":"<p>Type de produit : uniforme Utilisation : compagnie a\u00e9rienne D\u00e9lai de commande d'\u00e9chantillons de 7 jours : Support D\u00e9tection de l'aiguille : Oui Fourniture<\/p>","protected":false},"featured_media":182719,"comment_status":"open","ping_status":"closed","template":"","meta":[],"product_brand":[],"product_cat":[30949,30850],"product_tag":[],"class_list":{"0":"post-182720","1":"product","2":"type-product","3":"status-publish","4":"has-post-thumbnail","6":"product_cat-hotel-supplies","7":"product_cat-wholesale-furniture","9":"first","10":"instock","11":"taxable","12":"shipping-taxable","13":"purchasable","14":"product-type-variable"},"_links":{"self":[{"href":"https:\/\/nexgendecors.com\/fr\/wp-json\/wp\/v2\/product\/182720","targetHints":{"allow":["GET"]}}],"collection":[{"href":"https:\/\/nexgendecors.com\/fr\/wp-json\/wp\/v2\/product"}],"about":[{"href":"https:\/\/nexgendecors.com\/fr\/wp-json\/wp\/v2\/types\/product"}],"replies":[{"embeddable":true,"href":"https:\/\/nexgendecors.com\/fr\/wp-json\/wp\/v2\/comments?post=182720"}],"version-history":[{"count":0,"href":"https:\/\/nexgendecors.com\/fr\/wp-json\/wp\/v2\/product\/182720\/revisions"}],"wp:featuredmedia":[{"embeddable":true,"href":"https:\/\/nexgendecors.com\/fr\/wp-json\/wp\/v2\/media\/182719"}],"wp:attachment":[{"href":"https:\/\/nexgendecors.com\/fr\/wp-json\/wp\/v2\/media?parent=182720"}],"wp:term":[{"taxonomy":"product_brand","embeddable":true,"href":"https:\/\/nexgendecors.com\/fr\/wp-json\/wp\/v2\/product_brand?post=182720"},{"taxonomy":"product_cat","embeddable":true,"href":"https:\/\/nexgendecors.com\/fr\/wp-json\/wp\/v2\/product_cat?post=182720"},{"taxonomy":"product_tag","embeddable":true,"href":"https:\/\/nexgendecors.com\/fr\/wp-json\/wp\/v2\/product_tag?post=182720"}],"curies":[{"name":"wp","href":"https:\/\/api.w.org\/{rel}","templated":true}]}}