{"id":182870,"date":"2025-02-28T15:58:00","date_gmt":"2025-02-28T15:58:00","guid":{"rendered":"https:\/\/nexgendecors.com\/en\/product\/new-design-pink-stewardess-fashion-airline-stewardess-sexy-stewardess-costume-hostess-flight-attendant-airlines-uniforms\/"},"modified":"2025-04-06T11:39:19","modified_gmt":"2025-04-06T11:39:19","slug":"new-design-pink-stewardess-fashion-airline-stewardess-sexy-stewardess-costume-hostess-flight-attendant-airlines-uniforms","status":"publish","type":"product","link":"https:\/\/nexgendecors.com\/fr\/product\/new-design-pink-stewardess-fashion-airline-stewardess-sexy-stewardess-costume-hostess-flight-attendant-airlines-uniforms\/","title":{"rendered":"New Design pink Stewardess Fashion Airline Stewardess Sexy Stewardess Costume Hostess Flight Attendant Airlines Uniforms"},"content":{"rendered":"<ul>\n<li><strong>Type de produit : <\/strong> uniforme<\/li>\n<li><strong>Utiliser : <\/strong> Airline<\/li>\n<li><strong>D\u00e9lai de commande d&#039;\u00e9chantillon de 7 jours : <\/strong> Soutien<\/li>\n<li><strong>Needle detection : <\/strong> Oui<\/li>\n<li><strong>Type d&#039;alimentation : <\/strong> In-Stock Items<\/li>\n<li><strong>Mat\u00e9riel : <\/strong> 100% Polyester<\/li>\n<li><strong>Genre : <\/strong> Femmes<\/li>\n<li><strong>Type d&#039;uniforme : <\/strong> STEWARDESS<\/li>\n<li><strong>Lieu d&#039;origine : <\/strong> Shanghai, Chine<\/li>\n<li><strong>Nom de marque : <\/strong> Touchhealthy<\/li>\n<li><strong>Num\u00e9ro de mod\u00e8le : <\/strong> 8108<\/li>\n<li><strong>Available Quantity : <\/strong> 10000<\/li>\n<li><strong>Nom du produit : <\/strong> Airline Uniform Suit<\/li>\n<li><strong>Couleur : <\/strong> Customer&#8217;s Request<\/li>\n<li><strong>Logo : <\/strong> Custom Logo Acceptable<\/li>\n<li><strong>Taille : <\/strong> European Americal Asia Size<\/li>\n<li><strong>Utilisation : <\/strong> Airline Stewardess Wear<\/li>\n<li><strong>Style : <\/strong> Airline Polot Uniform<\/li>\n<li><strong>Tissu : <\/strong> Polyester Cotton<\/li>\n<li><strong>Conception : <\/strong> Customized Designs<\/li>\n<li><strong>Quantit\u00e9 minimale de commande : <\/strong> 1PC<\/li>\n<li><strong>Product Keywords : <\/strong> Aviation Uniform Pilot suit<\/li>\n<\/ul>","protected":false},"excerpt":{"rendered":"<p>Type de produit : uniforme Utilisation : compagnie a\u00e9rienne D\u00e9lai de commande d'\u00e9chantillons de 7 jours : Support D\u00e9tection de l'aiguille : Oui Fourniture<\/p>","protected":false},"featured_media":182895,"comment_status":"open","ping_status":"closed","template":"","meta":[],"product_brand":[],"product_cat":[30968],"product_tag":[],"class_list":{"0":"post-182870","1":"product","2":"type-product","3":"status-publish","4":"has-post-thumbnail","6":"product_cat-housekeeping-uniforms-aprons","8":"first","9":"instock","10":"taxable","11":"shipping-taxable","12":"purchasable","13":"product-type-variable"},"_links":{"self":[{"href":"https:\/\/nexgendecors.com\/fr\/wp-json\/wp\/v2\/product\/182870","targetHints":{"allow":["GET"]}}],"collection":[{"href":"https:\/\/nexgendecors.com\/fr\/wp-json\/wp\/v2\/product"}],"about":[{"href":"https:\/\/nexgendecors.com\/fr\/wp-json\/wp\/v2\/types\/product"}],"replies":[{"embeddable":true,"href":"https:\/\/nexgendecors.com\/fr\/wp-json\/wp\/v2\/comments?post=182870"}],"version-history":[{"count":0,"href":"https:\/\/nexgendecors.com\/fr\/wp-json\/wp\/v2\/product\/182870\/revisions"}],"wp:featuredmedia":[{"embeddable":true,"href":"https:\/\/nexgendecors.com\/fr\/wp-json\/wp\/v2\/media\/182895"}],"wp:attachment":[{"href":"https:\/\/nexgendecors.com\/fr\/wp-json\/wp\/v2\/media?parent=182870"}],"wp:term":[{"taxonomy":"product_brand","embeddable":true,"href":"https:\/\/nexgendecors.com\/fr\/wp-json\/wp\/v2\/product_brand?post=182870"},{"taxonomy":"product_cat","embeddable":true,"href":"https:\/\/nexgendecors.com\/fr\/wp-json\/wp\/v2\/product_cat?post=182870"},{"taxonomy":"product_tag","embeddable":true,"href":"https:\/\/nexgendecors.com\/fr\/wp-json\/wp\/v2\/product_tag?post=182870"}],"curies":[{"name":"wp","href":"https:\/\/api.w.org\/{rel}","templated":true}]}}