{"id":182892,"date":"2025-02-28T15:58:11","date_gmt":"2025-02-28T15:58:11","guid":{"rendered":"https:\/\/nexgendecors.com\/en\/product\/airline-uniform-for-women-stewardess-hostess-cabin-crew-flight-attendant-airlines-women-suit-uniforms\/"},"modified":"2025-04-06T11:39:30","modified_gmt":"2025-04-06T11:39:30","slug":"airline-uniform-for-women-stewardess-hostess-cabin-crew-flight-attendant-airlines-women-suit-uniforms","status":"publish","type":"product","link":"https:\/\/nexgendecors.com\/fr\/product\/airline-uniform-for-women-stewardess-hostess-cabin-crew-flight-attendant-airlines-women-suit-uniforms\/","title":{"rendered":"Uniforme de compagnie a\u00e9rienne pour femmes H\u00f4tesse de l'air H\u00f4tesse de cabine H\u00f4tesse de l'air H\u00f4tesse de l'air Uniformes de costume pour femmes de la compagnie a\u00e9rienne"},"content":{"rendered":"<ul>\n<li><strong>Type de produit : <\/strong> uniforme<\/li>\n<li><strong>Utiliser : <\/strong> Airline<\/li>\n<li><strong>D\u00e9lai de commande d&#039;\u00e9chantillon de 7 jours : <\/strong> Soutien<\/li>\n<li><strong>Needle detection : <\/strong> Oui<\/li>\n<li><strong>Type d&#039;alimentation : <\/strong> In-Stock Items<\/li>\n<li><strong>Mat\u00e9riel : <\/strong> Polyester \/ Coton<\/li>\n<li><strong>Genre : <\/strong> Femmes<\/li>\n<li><strong>Type d&#039;uniforme : <\/strong> STEWARDESS<\/li>\n<li><strong>Lieu d&#039;origine : <\/strong> Shanghai, Chine<\/li>\n<li><strong>Nom de marque : <\/strong> Touchhealthy<\/li>\n<li><strong>Num\u00e9ro de mod\u00e8le : <\/strong> 8109<\/li>\n<li><strong>Available Quantity : <\/strong> 10000<\/li>\n<li><strong>Logo : <\/strong> Customized Logo Accepted<\/li>\n<li><strong>Couleur : <\/strong> Customer&#8217;s Request<\/li>\n<li><strong>Nom du produit : <\/strong> Airline Uniform Suit<\/li>\n<li><strong>Taille : <\/strong> Custom Sizes<\/li>\n<li><strong>Style : <\/strong> Fashionable<\/li>\n<li><strong>Utilisation : <\/strong> Airline Stewardess Wear<\/li>\n<li><strong>Tissu : <\/strong> Polyester Cotton<\/li>\n<li><strong>Conception : <\/strong> Stewardess Aviation Uniform<\/li>\n<li><strong>Quantit\u00e9 minimale de commande : <\/strong> 1PCS<\/li>\n<li><strong>Product Keywords : <\/strong> Aviation Uniform Suit<\/li>\n<\/ul>","protected":false},"excerpt":{"rendered":"<p>Type de produit : uniforme Utilisation : compagnie a\u00e9rienne D\u00e9lai de commande d'\u00e9chantillons de 7 jours : Support D\u00e9tection de l'aiguille : Oui Fourniture<\/p>","protected":false},"featured_media":182922,"comment_status":"open","ping_status":"closed","template":"","meta":[],"product_brand":[],"product_cat":[30968],"product_tag":[],"class_list":{"0":"post-182892","1":"product","2":"type-product","3":"status-publish","4":"has-post-thumbnail","6":"product_cat-housekeeping-uniforms-aprons","8":"first","9":"instock","10":"taxable","11":"shipping-taxable","12":"purchasable","13":"product-type-variable"},"_links":{"self":[{"href":"https:\/\/nexgendecors.com\/fr\/wp-json\/wp\/v2\/product\/182892","targetHints":{"allow":["GET"]}}],"collection":[{"href":"https:\/\/nexgendecors.com\/fr\/wp-json\/wp\/v2\/product"}],"about":[{"href":"https:\/\/nexgendecors.com\/fr\/wp-json\/wp\/v2\/types\/product"}],"replies":[{"embeddable":true,"href":"https:\/\/nexgendecors.com\/fr\/wp-json\/wp\/v2\/comments?post=182892"}],"version-history":[{"count":0,"href":"https:\/\/nexgendecors.com\/fr\/wp-json\/wp\/v2\/product\/182892\/revisions"}],"wp:featuredmedia":[{"embeddable":true,"href":"https:\/\/nexgendecors.com\/fr\/wp-json\/wp\/v2\/media\/182922"}],"wp:attachment":[{"href":"https:\/\/nexgendecors.com\/fr\/wp-json\/wp\/v2\/media?parent=182892"}],"wp:term":[{"taxonomy":"product_brand","embeddable":true,"href":"https:\/\/nexgendecors.com\/fr\/wp-json\/wp\/v2\/product_brand?post=182892"},{"taxonomy":"product_cat","embeddable":true,"href":"https:\/\/nexgendecors.com\/fr\/wp-json\/wp\/v2\/product_cat?post=182892"},{"taxonomy":"product_tag","embeddable":true,"href":"https:\/\/nexgendecors.com\/fr\/wp-json\/wp\/v2\/product_tag?post=182892"}],"curies":[{"name":"wp","href":"https:\/\/api.w.org\/{rel}","templated":true}]}}