{"id":182992,"date":"2025-03-01T09:10:37","date_gmt":"2025-03-01T09:10:37","guid":{"rendered":"https:\/\/nexgendecors.com\/en\/product\/custom-cooking-clothes-professional-coat-kitchen-workwear-suit-restaurant-work-shirt-chef-uniform-sets\/"},"modified":"2025-04-06T11:40:01","modified_gmt":"2025-04-06T11:40:01","slug":"custom-cooking-clothes-professional-coat-kitchen-workwear-suit-restaurant-work-shirt-chef-uniform-sets","status":"publish","type":"product","link":"https:\/\/nexgendecors.com\/fr\/product\/custom-cooking-clothes-professional-coat-kitchen-workwear-suit-restaurant-work-shirt-chef-uniform-sets\/","title":{"rendered":"V\u00eatements de cuisine personnalis\u00e9s, manteau professionnel, v\u00eatements de travail de cuisine, chemise de travail de restaurant, ensembles d&#039;uniformes de chef"},"content":{"rendered":"<ul>\n<li><strong>Printing Methods : <\/strong> Aucun<\/li>\n<li><strong>Utiliser : <\/strong> Restaurant &amp; Bar<\/li>\n<li><strong>Type d&#039;article : <\/strong> Chef Jackets<\/li>\n<li><strong>Type de tissu : <\/strong> tricot\u00e9<\/li>\n<li><strong>D\u00e9lai de commande d&#039;\u00e9chantillon de 7 jours : <\/strong> Soutien<\/li>\n<li><strong>Type d&#039;alimentation : <\/strong> Service OEM<\/li>\n<li><strong>Mat\u00e9riel : <\/strong> Polyester \/ Coton<\/li>\n<li><strong>Genre : <\/strong> Unisexe<\/li>\n<li><strong>Type d&#039;uniforme : <\/strong> Chefs Uniform<\/li>\n<li><strong>Lieu d&#039;origine : <\/strong> Shanghai, Chine<\/li>\n<li><strong>Nom de marque : <\/strong> OEM, ZX<\/li>\n<li><strong>Num\u00e9ro de mod\u00e8le : <\/strong> ZX<\/li>\n<li><strong>Style : <\/strong> Slim Fit<\/li>\n<li><strong>Taille : <\/strong> European Americal Asia Size<\/li>\n<li><strong>Couleur : <\/strong> Customer&#8217;s Requirements<\/li>\n<li><strong>Logo : <\/strong> Customers&#8217; Logo<\/li>\n<li><strong>Tissu : <\/strong> 65%polyester35%cotton<\/li>\n<li><strong>Sleeve : <\/strong> Short Sleeve Long Sleeve Customized<\/li>\n<li><strong>Saison : <\/strong> Spring Summer Autumn<\/li>\n<li><strong>Fonctionnalit\u00e9 : <\/strong> Anti-wrinkle<\/li>\n<li><strong>Type de produit : <\/strong> uniforme<\/li>\n<\/ul>","protected":false},"excerpt":{"rendered":"<p>M\u00e9thodes d&#039;impression : Aucune Utilisation : Restaurant et bar Type d&#039;article : Vestes de chef Type de tissu : tricot\u00e9 7 jours<\/p>","protected":false},"featured_media":183037,"comment_status":"open","ping_status":"closed","template":"","meta":[],"product_brand":[],"product_cat":[30968],"product_tag":[],"class_list":{"0":"post-182992","1":"product","2":"type-product","3":"status-publish","4":"has-post-thumbnail","6":"product_cat-housekeeping-uniforms-aprons","8":"first","9":"instock","10":"taxable","11":"shipping-taxable","12":"purchasable","13":"product-type-variable"},"_links":{"self":[{"href":"https:\/\/nexgendecors.com\/fr\/wp-json\/wp\/v2\/product\/182992","targetHints":{"allow":["GET"]}}],"collection":[{"href":"https:\/\/nexgendecors.com\/fr\/wp-json\/wp\/v2\/product"}],"about":[{"href":"https:\/\/nexgendecors.com\/fr\/wp-json\/wp\/v2\/types\/product"}],"replies":[{"embeddable":true,"href":"https:\/\/nexgendecors.com\/fr\/wp-json\/wp\/v2\/comments?post=182992"}],"version-history":[{"count":0,"href":"https:\/\/nexgendecors.com\/fr\/wp-json\/wp\/v2\/product\/182992\/revisions"}],"wp:featuredmedia":[{"embeddable":true,"href":"https:\/\/nexgendecors.com\/fr\/wp-json\/wp\/v2\/media\/183037"}],"wp:attachment":[{"href":"https:\/\/nexgendecors.com\/fr\/wp-json\/wp\/v2\/media?parent=182992"}],"wp:term":[{"taxonomy":"product_brand","embeddable":true,"href":"https:\/\/nexgendecors.com\/fr\/wp-json\/wp\/v2\/product_brand?post=182992"},{"taxonomy":"product_cat","embeddable":true,"href":"https:\/\/nexgendecors.com\/fr\/wp-json\/wp\/v2\/product_cat?post=182992"},{"taxonomy":"product_tag","embeddable":true,"href":"https:\/\/nexgendecors.com\/fr\/wp-json\/wp\/v2\/product_tag?post=182992"}],"curies":[{"name":"wp","href":"https:\/\/api.w.org\/{rel}","templated":true}]}}