{"id":183235,"date":"2025-03-01T09:18:35","date_gmt":"2025-03-01T09:18:35","guid":{"rendered":"https:\/\/nexgendecors.com\/en\/product\/zx-custom-women-nurse-uniforms-scrubs-sets-cargo-jogger-short-sleeve-half-open-medical-work-scrubs-t-shirt-pants-multi-pockets\/"},"modified":"2025-04-12T14:29:39","modified_gmt":"2025-04-12T14:29:39","slug":"uniformes-dinfirmiere-personnalises-zx-pour-femmes-ensembles-de-gommages-jogging-cargo-a-manches-courtes-demi-ouvert-travail-medical-t-shirt-pantalon-poches-multiples","status":"publish","type":"product","link":"https:\/\/nexgendecors.com\/fr\/product\/uniformes-dinfirmiere-personnalises-zx-pour-femmes-ensembles-de-gommages-jogging-cargo-a-manches-courtes-demi-ouvert-travail-medical-t-shirt-pantalon-poches-multiples\/","title":{"rendered":"Femmes Uniformes Scrubs Jogger Manches Courtes Demi-Ouverte Travail M\u00e9dical Scrubs T-Shirt Pantalon Multi-Poches"},"content":{"rendered":"<ul>\n<li><strong>Utiliser : <\/strong> H\u00f4pital<\/li>\n<li><strong>Type de tissu : <\/strong> SERG\u00c9<\/li>\n<li><strong>D\u00e9lai de commande d&#039;\u00e9chantillon de 7 jours : <\/strong> Soutien<\/li>\n<li><strong>Type d&#039;alimentation : <\/strong> Service OEM<\/li>\n<li><strong>Genre : <\/strong> Femmes<\/li>\n<li><strong>Type d&#039;uniforme : <\/strong> Ensembles de gommage<\/li>\n<li><strong>Lieu d&#039;origine : <\/strong> Chine<\/li>\n<li><strong>Nom de la production : <\/strong> Fabricants Ind\u00e9fini Femme Hommes Uniformes d&#039;h\u00f4pital\/V\u00eatements de travail<\/li>\n<li><strong>Couleur : <\/strong> Rouge\/Noir\/Rose\/Bleu\/Orange\/Jaune\/Gris\/Blanc<\/li>\n<li><strong>Hauts : <\/strong> T-shirt \u00e0 manches courtes avec fermeture \u00e0 demi-bouton<\/li>\n<li><strong>Pantalon : <\/strong> pantalon de jogging cargo avec cordon de serrage<\/li>\n<li><strong>Mot-cl\u00e9 : <\/strong> Blouses\/Uniforme d&#039;h\u00f4pital\/Uniformes hospitalarios\/Uniforme Krankenhaus<\/li>\n<li><strong>Utilisation : <\/strong> esth\u00e9ticienne\/infirmi\u00e8re\/aidante<\/li>\n<li><strong>Zone d&#039;utilisation : <\/strong> Salon de beaut\u00e9, h\u00f4pital, clinique, centre de soins infirmiers, h\u00f4tel, spa<\/li>\n<li><strong>Utiliser pour : <\/strong> unning, randonn\u00e9e, voyage, jogging, d\u00e9tente, v\u00eatements de sport d\u00e9contract\u00e9s<\/li>\n<li><strong>Style : <\/strong> Mode, d\u00e9contract\u00e9, professionnel, gratuit<\/li>\n<li><strong>Type de produit : <\/strong> uniforme<\/li>\n<\/ul>","protected":false},"excerpt":{"rendered":"<p>Utilisation : H\u00f4pital Type de tissu : TWILL 7 jours de d\u00e9lai de commande d'\u00e9chantillon : Support Type de fourniture : Service OEM<\/p>","protected":false},"featured_media":183234,"comment_status":"open","ping_status":"closed","template":"","meta":[],"product_brand":[],"product_cat":[30968],"product_tag":[],"class_list":{"0":"post-183235","1":"product","2":"type-product","3":"status-publish","4":"has-post-thumbnail","6":"product_cat-housekeeping-uniforms-aprons","8":"first","9":"instock","10":"taxable","11":"shipping-taxable","12":"purchasable","13":"product-type-variable"},"_links":{"self":[{"href":"https:\/\/nexgendecors.com\/fr\/wp-json\/wp\/v2\/product\/183235","targetHints":{"allow":["GET"]}}],"collection":[{"href":"https:\/\/nexgendecors.com\/fr\/wp-json\/wp\/v2\/product"}],"about":[{"href":"https:\/\/nexgendecors.com\/fr\/wp-json\/wp\/v2\/types\/product"}],"replies":[{"embeddable":true,"href":"https:\/\/nexgendecors.com\/fr\/wp-json\/wp\/v2\/comments?post=183235"}],"version-history":[{"count":0,"href":"https:\/\/nexgendecors.com\/fr\/wp-json\/wp\/v2\/product\/183235\/revisions"}],"wp:featuredmedia":[{"embeddable":true,"href":"https:\/\/nexgendecors.com\/fr\/wp-json\/wp\/v2\/media\/183234"}],"wp:attachment":[{"href":"https:\/\/nexgendecors.com\/fr\/wp-json\/wp\/v2\/media?parent=183235"}],"wp:term":[{"taxonomy":"product_brand","embeddable":true,"href":"https:\/\/nexgendecors.com\/fr\/wp-json\/wp\/v2\/product_brand?post=183235"},{"taxonomy":"product_cat","embeddable":true,"href":"https:\/\/nexgendecors.com\/fr\/wp-json\/wp\/v2\/product_cat?post=183235"},{"taxonomy":"product_tag","embeddable":true,"href":"https:\/\/nexgendecors.com\/fr\/wp-json\/wp\/v2\/product_tag?post=183235"}],"curies":[{"name":"wp","href":"https:\/\/api.w.org\/{rel}","templated":true}]}}