{"id":183243,"date":"2025-03-01T09:18:58","date_gmt":"2025-03-01T09:18:58","guid":{"rendered":"https:\/\/nexgendecors.com\/en\/product\/womens-stand-neck-short-sleeve-top-and-multi-pocket-straight-pants-sets-comfortable-medical-scrubs\/"},"modified":"2025-04-12T14:30:13","modified_gmt":"2025-04-12T14:30:13","slug":"womens-stand-neck-short-sleeve-top-and-multi-pocket-straight-pants-sets-comfortable-medical-scrubs","status":"publish","type":"product","link":"https:\/\/nexgendecors.com\/fr\/product\/womens-stand-neck-short-sleeve-top-and-multi-pocket-straight-pants-sets-comfortable-medical-scrubs\/","title":{"rendered":"Ensemble confortable de blouses m\u00e9dicales pour femmes, compos\u00e9 d'un haut \u00e0 manches courtes \u00e0 col montant et d'un pantalon droit \u00e0 poches multiples"},"content":{"rendered":"<ul>\n<li><strong>Utiliser : <\/strong> H\u00f4pital<\/li>\n<li><strong>Type de tissu : <\/strong> SERG\u00c9<\/li>\n<li><strong>D\u00e9lai de commande d&#039;\u00e9chantillon de 7 jours : <\/strong> Soutien<\/li>\n<li><strong>Seamless Fusing : <\/strong> Oui<\/li>\n<li><strong>Type d&#039;alimentation : <\/strong> Service OEM<\/li>\n<li><strong>Mat\u00e9riel : <\/strong> Polyester \/ Coton<\/li>\n<li><strong>Genre : <\/strong> Femmes<\/li>\n<li><strong>Type d&#039;uniforme : <\/strong> Ensembles de gommage<\/li>\n<li><strong>Lieu d&#039;origine : <\/strong> Chine<\/li>\n<li><strong>Nom de marque : <\/strong> Custom Brand Logo\/Personal Label<\/li>\n<li><strong>Num\u00e9ro de mod\u00e8le : <\/strong> New Style<\/li>\n<li><strong>Nom de la production : <\/strong> Custom Wholesale Hospital Uniform\/Workwear<\/li>\n<li><strong>Logo : <\/strong> Embroidery Label<\/li>\n<li><strong>Hauts : <\/strong> Shortsleeve Stand-Neck Tshirt<\/li>\n<li><strong>Pantalon : <\/strong> Straight cargo pants With Drawstring<\/li>\n<li><strong>Mot-cl\u00e9 : <\/strong> Hospital Uniform\/Uniforme de enfermera hospitalaria<\/li>\n<li><strong>Style : <\/strong> Casual Sport Suit<\/li>\n<li><strong>Utilisation : <\/strong> nurses, dental assistants, nursing students, doctors, hospital workers<\/li>\n<li><strong>Zone d&#039;utilisation : <\/strong> Uniform Workwear For Clinic\/Beauty Salon\/Spa Club\/Pharmacy\/Healthcare<\/li>\n<li><strong>Type de produit : <\/strong> uniforme<\/li>\n<li><strong>Printing Methods : <\/strong> Aucun<\/li>\n<\/ul>","protected":false},"excerpt":{"rendered":"<p>Utilisation : H\u00f4pital Type de tissu : TWILL D\u00e9lai de 7 jours pour la commande d'\u00e9chantillons : Prise en charge Fusion sans couture : Oui Fourniture<\/p>","protected":false},"featured_media":183242,"comment_status":"open","ping_status":"closed","template":"","meta":[],"product_brand":[],"product_cat":[30968],"product_tag":[],"class_list":{"0":"post-183243","1":"product","2":"type-product","3":"status-publish","4":"has-post-thumbnail","6":"product_cat-housekeeping-uniforms-aprons","8":"first","9":"instock","10":"taxable","11":"shipping-taxable","12":"purchasable","13":"product-type-variable"},"_links":{"self":[{"href":"https:\/\/nexgendecors.com\/fr\/wp-json\/wp\/v2\/product\/183243","targetHints":{"allow":["GET"]}}],"collection":[{"href":"https:\/\/nexgendecors.com\/fr\/wp-json\/wp\/v2\/product"}],"about":[{"href":"https:\/\/nexgendecors.com\/fr\/wp-json\/wp\/v2\/types\/product"}],"replies":[{"embeddable":true,"href":"https:\/\/nexgendecors.com\/fr\/wp-json\/wp\/v2\/comments?post=183243"}],"version-history":[{"count":0,"href":"https:\/\/nexgendecors.com\/fr\/wp-json\/wp\/v2\/product\/183243\/revisions"}],"wp:featuredmedia":[{"embeddable":true,"href":"https:\/\/nexgendecors.com\/fr\/wp-json\/wp\/v2\/media\/183242"}],"wp:attachment":[{"href":"https:\/\/nexgendecors.com\/fr\/wp-json\/wp\/v2\/media?parent=183243"}],"wp:term":[{"taxonomy":"product_brand","embeddable":true,"href":"https:\/\/nexgendecors.com\/fr\/wp-json\/wp\/v2\/product_brand?post=183243"},{"taxonomy":"product_cat","embeddable":true,"href":"https:\/\/nexgendecors.com\/fr\/wp-json\/wp\/v2\/product_cat?post=183243"},{"taxonomy":"product_tag","embeddable":true,"href":"https:\/\/nexgendecors.com\/fr\/wp-json\/wp\/v2\/product_tag?post=183243"}],"curies":[{"name":"wp","href":"https:\/\/api.w.org\/{rel}","templated":true}]}}