{"id":183351,"date":"2025-03-01T09:19:18","date_gmt":"2025-03-01T09:19:18","guid":{"rendered":"https:\/\/nexgendecors.com\/en\/product\/stylish-slim-fit-nurse-medical-scrub-uniform-sets-stretch-tunic-scrubsuit-hospital-beauty-salon-spa-woman-worksuit-two-piece\/"},"modified":"2025-04-06T11:42:23","modified_gmt":"2025-04-06T11:42:23","slug":"stylish-slim-fit-nurse-medical-scrub-uniform-sets-stretch-tunic-scrubsuit-hospital-beauty-salon-spa-woman-worksuit-two-piece","status":"publish","type":"product","link":"https:\/\/nexgendecors.com\/fr\/product\/stylish-slim-fit-nurse-medical-scrub-uniform-sets-stretch-tunic-scrubsuit-hospital-beauty-salon-spa-woman-worksuit-two-piece\/","title":{"rendered":"Stylish Slim Fit Nurse Medical Scrub Uniform Sets Stretch Tunic Scrubsuit Hospital Beauty Salon Spa Woman Worksuit Two Piece"},"content":{"rendered":"<ul>\n<li><strong>Utiliser : <\/strong> H\u00f4pital<\/li>\n<li><strong>Type de tissu : <\/strong> SERG\u00c9<\/li>\n<li><strong>D\u00e9lai de commande d&#039;\u00e9chantillon de 7 jours : <\/strong> Soutien<\/li>\n<li><strong>Type d&#039;alimentation : <\/strong> Service OEM<\/li>\n<li><strong>Mat\u00e9riel : <\/strong> Polyester \/ Cotton \/ Spandex  \/ Rayon<\/li>\n<li><strong>Genre : <\/strong> Femmes<\/li>\n<li><strong>Type d&#039;uniforme : <\/strong> Nurse<\/li>\n<li><strong>Lieu d&#039;origine : <\/strong> Shanghai, Chine<\/li>\n<li><strong>Nom de marque : <\/strong> OEM<\/li>\n<li><strong>Num\u00e9ro de mod\u00e8le : <\/strong> S-00100<\/li>\n<li><strong>Nom de la production : <\/strong> Custom Female Hospital uniform<\/li>\n<li><strong>Tissu : <\/strong> Polyester Rayon Spandex<\/li>\n<li><strong>Couleur : <\/strong> purple\/hunter green\/ceil blue\/black\/pink\/blue Customized<\/li>\n<li><strong>Logo : <\/strong> Embroidery\/Printed<\/li>\n<li><strong>Sample Order : <\/strong> Soutien<\/li>\n<li><strong>Taper : <\/strong> Short or Long sleeve T-shirt with side zipper+cargo jogger pants<\/li>\n<li><strong>Style : <\/strong> Modern Fashion Elegant stylish<\/li>\n<li><strong>Utilisation : <\/strong> Tall Girl<\/li>\n<li><strong>Mod\u00e8le : <\/strong> Custom printed design<\/li>\n<li><strong>Saison : <\/strong> Spring Summer<\/li>\n<li><strong>Type de produit : <\/strong> uniforme<\/li>\n<\/ul>","protected":false},"excerpt":{"rendered":"<p>Utilisation : H\u00f4pital Type de tissu : TWILL 7 jours de d\u00e9lai de commande d'\u00e9chantillon : Support Type de fourniture : Service OEM<\/p>","protected":false},"featured_media":183350,"comment_status":"open","ping_status":"closed","template":"","meta":[],"product_brand":[],"product_cat":[30968],"product_tag":[],"class_list":{"0":"post-183351","1":"product","2":"type-product","3":"status-publish","4":"has-post-thumbnail","6":"product_cat-housekeeping-uniforms-aprons","8":"first","9":"instock","10":"taxable","11":"shipping-taxable","12":"purchasable","13":"product-type-variable"},"_links":{"self":[{"href":"https:\/\/nexgendecors.com\/fr\/wp-json\/wp\/v2\/product\/183351","targetHints":{"allow":["GET"]}}],"collection":[{"href":"https:\/\/nexgendecors.com\/fr\/wp-json\/wp\/v2\/product"}],"about":[{"href":"https:\/\/nexgendecors.com\/fr\/wp-json\/wp\/v2\/types\/product"}],"replies":[{"embeddable":true,"href":"https:\/\/nexgendecors.com\/fr\/wp-json\/wp\/v2\/comments?post=183351"}],"version-history":[{"count":0,"href":"https:\/\/nexgendecors.com\/fr\/wp-json\/wp\/v2\/product\/183351\/revisions"}],"wp:featuredmedia":[{"embeddable":true,"href":"https:\/\/nexgendecors.com\/fr\/wp-json\/wp\/v2\/media\/183350"}],"wp:attachment":[{"href":"https:\/\/nexgendecors.com\/fr\/wp-json\/wp\/v2\/media?parent=183351"}],"wp:term":[{"taxonomy":"product_brand","embeddable":true,"href":"https:\/\/nexgendecors.com\/fr\/wp-json\/wp\/v2\/product_brand?post=183351"},{"taxonomy":"product_cat","embeddable":true,"href":"https:\/\/nexgendecors.com\/fr\/wp-json\/wp\/v2\/product_cat?post=183351"},{"taxonomy":"product_tag","embeddable":true,"href":"https:\/\/nexgendecors.com\/fr\/wp-json\/wp\/v2\/product_tag?post=183351"}],"curies":[{"name":"wp","href":"https:\/\/api.w.org\/{rel}","templated":true}]}}