{"id":183369,"date":"2025-03-01T09:19:46","date_gmt":"2025-03-01T09:19:46","guid":{"rendered":"https:\/\/nexgendecors.com\/en\/product\/zx-custom-women-nurse-scrubs-uniforms-sets-2023-fashionable-o-neck-short-sleeve-stacked-medical-scrubs-t-shirt-leg-pants\/"},"modified":"2025-04-12T14:28:50","modified_gmt":"2025-04-12T14:28:50","slug":"zx-custom-women-nurse-scrubs-uniforms-sets-2023-fashionable-o-neck-short-sleeve-stacked-medical-scrubs-t-shirt-leg-pants","status":"publish","type":"product","link":"https:\/\/nexgendecors.com\/fr\/product\/zx-custom-women-nurse-scrubs-uniforms-sets-2023-fashionable-o-neck-short-sleeve-stacked-medical-scrubs-t-shirt-leg-pants\/","title":{"rendered":"ZX Custom Women Nurse Scrubs Uniforms Sets 2023 Fashionable O-Neck Short Sleeve Stacked Medical Scrubs T-Shirt Leg Pants"},"content":{"rendered":"<ul>\n<li><strong>Utiliser : <\/strong> Hospital, Medical\/Nursing\/Healthcare\/Lab Coat<\/li>\n<li><strong>Type de tissu : <\/strong> SERG\u00c9<\/li>\n<li><strong>D\u00e9lai de commande d&#039;\u00e9chantillon de 7 jours : <\/strong> Soutien<\/li>\n<li><strong>Seamless Fusing : <\/strong> NON<\/li>\n<li><strong>Type d&#039;alimentation : <\/strong> Service OEM<\/li>\n<li><strong>Genre : <\/strong> Femmes<\/li>\n<li><strong>Type d&#039;uniforme : <\/strong> Ensembles de gommage<\/li>\n<li><strong>Lieu d&#039;origine : <\/strong> Chine<\/li>\n<li><strong>Nom de la production : <\/strong> Fabricants Ind\u00e9fini Femme Hommes Uniformes d&#039;h\u00f4pital\/V\u00eatements de travail<\/li>\n<li><strong>Couleur : <\/strong> Rouge\/Noir\/Rose\/Bleu\/Orange\/Jaune\/Gris\/Blanc<\/li>\n<li><strong>Hauts : <\/strong> Shortsleeve Stacked TShirt<\/li>\n<li><strong>Pantalon : <\/strong> Stacking leg pants<\/li>\n<li><strong>Mot-cl\u00e9 : <\/strong> Blouses\/Uniforme d&#039;h\u00f4pital\/Uniformes hospitalarios\/Uniforme Krankenhaus<\/li>\n<li><strong>Utilisation : <\/strong> esth\u00e9ticienne\/infirmi\u00e8re\/aidante<\/li>\n<li><strong>Zone d&#039;utilisation : <\/strong> Salon de beaut\u00e9, h\u00f4pital, clinique, centre de soins infirmiers, h\u00f4tel, spa<\/li>\n<li><strong>Type de produit : <\/strong> uniforme<\/li>\n<li><strong>Printing Methods : <\/strong> Aucun<\/li>\n<\/ul>","protected":false},"excerpt":{"rendered":"<p>Utilisation : H\u00f4pital, m\u00e9dical, soins infirmiers, soins de sant\u00e9, blouse de laboratoire Type de tissu : TWILL D\u00e9lai de 7 jours pour les commandes d'\u00e9chantillons : Support Seamless Fusing :<\/p>","protected":false},"featured_media":183368,"comment_status":"open","ping_status":"closed","template":"","meta":[],"product_brand":[],"product_cat":[30968],"product_tag":[],"class_list":{"0":"post-183369","1":"product","2":"type-product","3":"status-publish","4":"has-post-thumbnail","6":"product_cat-housekeeping-uniforms-aprons","8":"first","9":"instock","10":"taxable","11":"shipping-taxable","12":"purchasable","13":"product-type-variable"},"_links":{"self":[{"href":"https:\/\/nexgendecors.com\/fr\/wp-json\/wp\/v2\/product\/183369","targetHints":{"allow":["GET"]}}],"collection":[{"href":"https:\/\/nexgendecors.com\/fr\/wp-json\/wp\/v2\/product"}],"about":[{"href":"https:\/\/nexgendecors.com\/fr\/wp-json\/wp\/v2\/types\/product"}],"replies":[{"embeddable":true,"href":"https:\/\/nexgendecors.com\/fr\/wp-json\/wp\/v2\/comments?post=183369"}],"version-history":[{"count":0,"href":"https:\/\/nexgendecors.com\/fr\/wp-json\/wp\/v2\/product\/183369\/revisions"}],"wp:featuredmedia":[{"embeddable":true,"href":"https:\/\/nexgendecors.com\/fr\/wp-json\/wp\/v2\/media\/183368"}],"wp:attachment":[{"href":"https:\/\/nexgendecors.com\/fr\/wp-json\/wp\/v2\/media?parent=183369"}],"wp:term":[{"taxonomy":"product_brand","embeddable":true,"href":"https:\/\/nexgendecors.com\/fr\/wp-json\/wp\/v2\/product_brand?post=183369"},{"taxonomy":"product_cat","embeddable":true,"href":"https:\/\/nexgendecors.com\/fr\/wp-json\/wp\/v2\/product_cat?post=183369"},{"taxonomy":"product_tag","embeddable":true,"href":"https:\/\/nexgendecors.com\/fr\/wp-json\/wp\/v2\/product_tag?post=183369"}],"curies":[{"name":"wp","href":"https:\/\/api.w.org\/{rel}","templated":true}]}}