{"id":183396,"date":"2025-03-01T09:20:19","date_gmt":"2025-03-01T09:20:19","guid":{"rendered":"https:\/\/nexgendecors.com\/en\/product\/custom-hotel-cleaner-uniforms-staff-shirt-apron-work-suit-sets-unisex-nanny-housekeeping-cleaning-clothes\/"},"modified":"2025-04-12T14:20:41","modified_gmt":"2025-04-12T14:20:41","slug":"custom-hotel-cleaner-uniforms-staff-shirt-apron-work-suit-sets-unisex-nanny-housekeeping-cleaning-clothes","status":"publish","type":"product","link":"https:\/\/nexgendecors.com\/fr\/product\/custom-hotel-cleaner-uniforms-staff-shirt-apron-work-suit-sets-unisex-nanny-housekeeping-cleaning-clothes\/","title":{"rendered":"Uniformes de nettoyeur d'h\u00f4tel personnalis\u00e9s Chemise de personnel Tablier Combinaison de travail Ensemble Unisexe Nounou V\u00eatements de nettoyage de m\u00e9nage"},"content":{"rendered":"<ul>\n<li><strong>Type de produit : <\/strong> uniforme<\/li>\n<li><strong>Utiliser : <\/strong> H\u00f4tel<\/li>\n<li><strong>D\u00e9lai de commande d&#039;\u00e9chantillon de 7 jours : <\/strong> Soutien<\/li>\n<li><strong>Type d&#039;alimentation : <\/strong> Service OEM<\/li>\n<li><strong>Mat\u00e9riel : <\/strong> Polyester \/ Coton<\/li>\n<li><strong>Genre : <\/strong> Unisexe<\/li>\n<li><strong>Type d&#039;uniforme : <\/strong> Housekeeping Staff<\/li>\n<li><strong>Lieu d&#039;origine : <\/strong> Shanghai, Chine<\/li>\n<li><strong>Nom de marque : <\/strong> OEM<\/li>\n<li><strong>Nom du produit : <\/strong> Design Custom Hotel Cleaning Uniforms Sets<\/li>\n<li><strong>Sets : <\/strong> Shirt+Apron+Pants<\/li>\n<li><strong>Utilisation : <\/strong> Housekeeping\/Cleaning\/Maid\/Nanny\/Waiter<\/li>\n<li><strong>Application Scenarios : <\/strong> Office\/Hospital\/School\/Hotel\/Club\/Bar\/Bank\/Commercial Building<\/li>\n<li><strong>Custom Uniforms Style : <\/strong> Include Dress\/Coverall\/Suit\/Shirt\/Coat\/Jacket\/Pants\/Skirt Sets<\/li>\n<\/ul>","protected":false},"excerpt":{"rendered":"<p>Type de produit : uniforme Utilisation : H\u00f4tel D\u00e9lai de 7 jours pour les commandes d'\u00e9chantillons : Support Type de fourniture : Service OEM<\/p>","protected":false},"featured_media":183395,"comment_status":"open","ping_status":"closed","template":"","meta":[],"product_brand":[],"product_cat":[30968],"product_tag":[],"class_list":{"0":"post-183396","1":"product","2":"type-product","3":"status-publish","4":"has-post-thumbnail","6":"product_cat-housekeeping-uniforms-aprons","8":"first","9":"instock","10":"taxable","11":"shipping-taxable","12":"purchasable","13":"product-type-variable"},"_links":{"self":[{"href":"https:\/\/nexgendecors.com\/fr\/wp-json\/wp\/v2\/product\/183396","targetHints":{"allow":["GET"]}}],"collection":[{"href":"https:\/\/nexgendecors.com\/fr\/wp-json\/wp\/v2\/product"}],"about":[{"href":"https:\/\/nexgendecors.com\/fr\/wp-json\/wp\/v2\/types\/product"}],"replies":[{"embeddable":true,"href":"https:\/\/nexgendecors.com\/fr\/wp-json\/wp\/v2\/comments?post=183396"}],"version-history":[{"count":0,"href":"https:\/\/nexgendecors.com\/fr\/wp-json\/wp\/v2\/product\/183396\/revisions"}],"wp:featuredmedia":[{"embeddable":true,"href":"https:\/\/nexgendecors.com\/fr\/wp-json\/wp\/v2\/media\/183395"}],"wp:attachment":[{"href":"https:\/\/nexgendecors.com\/fr\/wp-json\/wp\/v2\/media?parent=183396"}],"wp:term":[{"taxonomy":"product_brand","embeddable":true,"href":"https:\/\/nexgendecors.com\/fr\/wp-json\/wp\/v2\/product_brand?post=183396"},{"taxonomy":"product_cat","embeddable":true,"href":"https:\/\/nexgendecors.com\/fr\/wp-json\/wp\/v2\/product_cat?post=183396"},{"taxonomy":"product_tag","embeddable":true,"href":"https:\/\/nexgendecors.com\/fr\/wp-json\/wp\/v2\/product_tag?post=183396"}],"curies":[{"name":"wp","href":"https:\/\/api.w.org\/{rel}","templated":true}]}}