{"id":183432,"date":"2025-03-01T09:20:53","date_gmt":"2025-03-01T09:20:53","guid":{"rendered":"https:\/\/nexgendecors.com\/en\/product\/supplier-design-formal-cleaning-staff-work-suit-5-star-hotel-women-cleaners-clothes-housekeeping-uniforms-sets\/"},"modified":"2025-04-12T14:19:22","modified_gmt":"2025-04-12T14:19:22","slug":"supplier-design-formal-cleaning-staff-work-suit-5-star-hotel-women-cleaners-clothes-housekeeping-uniforms-sets","status":"publish","type":"product","link":"https:\/\/nexgendecors.com\/fr\/product\/supplier-design-formal-cleaning-staff-work-suit-5-star-hotel-women-cleaners-clothes-housekeeping-uniforms-sets\/","title":{"rendered":"Fournisseur Conception Personnel de Nettoyage Formel Costume de Travail H\u00f4tel 5 \u00c9toiles Femmes Nettoyeuses V\u00eatements Uniformes de M\u00e9nage Ensembles"},"content":{"rendered":"<ul>\n<li><strong>Type de produit : <\/strong> uniforme<\/li>\n<li><strong>Utiliser : <\/strong> H\u00f4tel<\/li>\n<li><strong>D\u00e9lai de commande d&#039;\u00e9chantillon de 7 jours : <\/strong> Soutien<\/li>\n<li><strong>Type d&#039;alimentation : <\/strong> Service OEM<\/li>\n<li><strong>Mat\u00e9riel : <\/strong> Polyester \/ Cotton \/ Spandex<\/li>\n<li><strong>Genre : <\/strong> Unisexe<\/li>\n<li><strong>Type d&#039;uniforme : <\/strong> Housekeeping Staff<\/li>\n<li><strong>Lieu d&#039;origine : <\/strong> Shanghai, Chine<\/li>\n<li><strong>Nom de marque : <\/strong> ZX waitress uniform<\/li>\n<li><strong>Num\u00e9ro de mod\u00e8le : <\/strong> hotel waiter maid waitress uniform<\/li>\n<li><strong>Nom du produit : <\/strong> Design Custom Famale Cleaning Uniforms Sets<\/li>\n<li><strong>Custom Range : <\/strong> Customized Logo Printing\/Style\/Size\/Logo\/Color<\/li>\n<li><strong>Article : <\/strong> OEM Service Custom<\/li>\n<li><strong>Utilisation : <\/strong> Housekeeping \/ Cleaning \/ Maid<\/li>\n<li><strong>Application Scenarios : <\/strong> Office\/Hospital\/School\/Hotel\/Club\/Bar\/Bank\/Commercial Building<\/li>\n<\/ul>","protected":false},"excerpt":{"rendered":"<p>Type de produit : uniforme Utilisation : H\u00f4tel D\u00e9lai de 7 jours pour les commandes d'\u00e9chantillons : Support Type de fourniture : Service OEM<\/p>","protected":false},"featured_media":183431,"comment_status":"open","ping_status":"closed","template":"","meta":[],"product_brand":[],"product_cat":[30968],"product_tag":[],"class_list":{"0":"post-183432","1":"product","2":"type-product","3":"status-publish","4":"has-post-thumbnail","6":"product_cat-housekeeping-uniforms-aprons","8":"first","9":"instock","10":"taxable","11":"shipping-taxable","12":"purchasable","13":"product-type-variable"},"_links":{"self":[{"href":"https:\/\/nexgendecors.com\/fr\/wp-json\/wp\/v2\/product\/183432","targetHints":{"allow":["GET"]}}],"collection":[{"href":"https:\/\/nexgendecors.com\/fr\/wp-json\/wp\/v2\/product"}],"about":[{"href":"https:\/\/nexgendecors.com\/fr\/wp-json\/wp\/v2\/types\/product"}],"replies":[{"embeddable":true,"href":"https:\/\/nexgendecors.com\/fr\/wp-json\/wp\/v2\/comments?post=183432"}],"version-history":[{"count":0,"href":"https:\/\/nexgendecors.com\/fr\/wp-json\/wp\/v2\/product\/183432\/revisions"}],"wp:featuredmedia":[{"embeddable":true,"href":"https:\/\/nexgendecors.com\/fr\/wp-json\/wp\/v2\/media\/183431"}],"wp:attachment":[{"href":"https:\/\/nexgendecors.com\/fr\/wp-json\/wp\/v2\/media?parent=183432"}],"wp:term":[{"taxonomy":"product_brand","embeddable":true,"href":"https:\/\/nexgendecors.com\/fr\/wp-json\/wp\/v2\/product_brand?post=183432"},{"taxonomy":"product_cat","embeddable":true,"href":"https:\/\/nexgendecors.com\/fr\/wp-json\/wp\/v2\/product_cat?post=183432"},{"taxonomy":"product_tag","embeddable":true,"href":"https:\/\/nexgendecors.com\/fr\/wp-json\/wp\/v2\/product_tag?post=183432"}],"curies":[{"name":"wp","href":"https:\/\/api.w.org\/{rel}","templated":true}]}}