{"id":183490,"date":"2025-03-01T09:42:37","date_gmt":"2025-03-01T09:42:37","guid":{"rendered":"https:\/\/nexgendecors.com\/en\/product\/wholesale-hard-a4-size-80-gsm-75-gsm-70-gsm-printing-photocopy-copier-500-ream-sheets-double-bond-office-a-copy-paper\/"},"modified":"2025-04-12T14:28:35","modified_gmt":"2025-04-12T14:28:35","slug":"papier-de-copie-a4-rigide-en-gros-format-80-g-m\u00b2-75-g-m\u00b2-70-g-m\u00b2-pour-impression-photocopie-copieur-500-feuilles-double-bond-pour-bureau","status":"publish","type":"product","link":"https:\/\/nexgendecors.com\/fr\/product\/papier-de-copie-a4-rigide-en-gros-format-80-g-m\u00b2-75-g-m\u00b2-70-g-m\u00b2-pour-impression-photocopie-copieur-500-feuilles-double-bond-pour-bureau\/","title":{"rendered":"Papier de bureau rigide A4 80 g\/m\u00b2, 75 g\/m\u00b2, 70 g\/m\u00b2, pour photocopie et copie, 500 feuilles, double reliure"},"content":{"rendered":"<ul>\n<li><strong>Taper : <\/strong> Papier de copie<\/li>\n<li><strong>Poids : <\/strong> 70G 75G 80G, 70g\/75g\/80g<\/li>\n<li><strong>Taille : <\/strong> Autre<\/li>\n<li><strong>Couleur : <\/strong> Blanc<\/li>\n<li><strong>Nom de marque : <\/strong> Sunkey<\/li>\n<li><strong>Num\u00e9ro de mod\u00e8le : <\/strong> SKCP-001<\/li>\n<li><strong>Lieu d&#039;origine : <\/strong> Guangdong, Chine<\/li>\n<li><strong>Format du papier : <\/strong> A4<\/li>\n<li><strong>Marque : <\/strong> Papier Sunkey<\/li>\n<li><strong>Nom du produit : <\/strong> Papier A4 de 80 g\/m\u00b2 de p\u00e2te de laine 100%<\/li>\n<li><strong>Temps de production : <\/strong> 2 jours pour le chargement complet du conteneur<\/li>\n<li><strong>Format de papier de copie : <\/strong> A4 210*297mm, format lettre<\/li>\n<li><strong>Utilisation : <\/strong> Machines d&#039;impression, d&#039;\u00e9criture, de dessin, de t\u00e9l\u00e9copie et de photocopie<\/li>\n<li><strong>Emballage : <\/strong> 500 feuilles\/rame 5 rames\/bo\u00eete<\/li>\n<li><strong>Mat\u00e9riel : <\/strong> 100% P\u00e2te de bois vierge<\/li>\n<li><strong>Luminosit\u00e9 : <\/strong> 98%-110%<\/li>\n<li><strong>Qualit\u00e9 : <\/strong> Cat\u00e9gorie A<\/li>\n<\/ul>","protected":false},"excerpt":{"rendered":"<p>Type : Copy Paper Weight : 70G 75G 80G, 70g\/75g\/80g Size : Other Color : White Brand Name : Sunkey<\/p>","protected":false},"featured_media":183489,"comment_status":"open","ping_status":"closed","template":"","meta":[],"product_brand":[],"product_cat":[30969],"product_tag":[],"class_list":{"0":"post-183490","1":"product","2":"type-product","3":"status-publish","4":"has-post-thumbnail","6":"product_cat-copy-paper","8":"first","9":"instock","10":"taxable","11":"shipping-taxable","12":"purchasable","13":"product-type-variable"},"_links":{"self":[{"href":"https:\/\/nexgendecors.com\/fr\/wp-json\/wp\/v2\/product\/183490","targetHints":{"allow":["GET"]}}],"collection":[{"href":"https:\/\/nexgendecors.com\/fr\/wp-json\/wp\/v2\/product"}],"about":[{"href":"https:\/\/nexgendecors.com\/fr\/wp-json\/wp\/v2\/types\/product"}],"replies":[{"embeddable":true,"href":"https:\/\/nexgendecors.com\/fr\/wp-json\/wp\/v2\/comments?post=183490"}],"version-history":[{"count":0,"href":"https:\/\/nexgendecors.com\/fr\/wp-json\/wp\/v2\/product\/183490\/revisions"}],"wp:featuredmedia":[{"embeddable":true,"href":"https:\/\/nexgendecors.com\/fr\/wp-json\/wp\/v2\/media\/183489"}],"wp:attachment":[{"href":"https:\/\/nexgendecors.com\/fr\/wp-json\/wp\/v2\/media?parent=183490"}],"wp:term":[{"taxonomy":"product_brand","embeddable":true,"href":"https:\/\/nexgendecors.com\/fr\/wp-json\/wp\/v2\/product_brand?post=183490"},{"taxonomy":"product_cat","embeddable":true,"href":"https:\/\/nexgendecors.com\/fr\/wp-json\/wp\/v2\/product_cat?post=183490"},{"taxonomy":"product_tag","embeddable":true,"href":"https:\/\/nexgendecors.com\/fr\/wp-json\/wp\/v2\/product_tag?post=183490"}],"curies":[{"name":"wp","href":"https:\/\/api.w.org\/{rel}","templated":true}]}}