{"id":183506,"date":"2025-03-01T09:46:14","date_gmt":"2025-03-01T09:46:14","guid":{"rendered":"https:\/\/nexgendecors.com\/en\/product\/sunkey-80x80mm-57x40mm-thermal-paper-receipt-roll-cash-register-paper-used-for-credit-card-terminals-supermarket-bank-atm\/"},"modified":"2025-04-06T11:43:47","modified_gmt":"2025-04-06T11:43:47","slug":"sunkey-80x80mm-57x40mm-thermal-paper-receipt-roll-cash-register-paper-used-for-credit-card-terminals-supermarket-bank-atm","status":"publish","type":"product","link":"https:\/\/nexgendecors.com\/fr\/product\/sunkey-80x80mm-57x40mm-thermal-paper-receipt-roll-cash-register-paper-used-for-credit-card-terminals-supermarket-bank-atm\/","title":{"rendered":"Rouleau de papier thermique Sunkey 80 x 80 mm, 57 x 40 mm, pour re\u00e7us de caisse, utilis\u00e9 pour les terminaux de cartes de cr\u00e9dit, les supermarch\u00e9s, les banques et les distributeurs automatiques de billets."},"content":{"rendered":"<ul>\n<li><strong>Taper : <\/strong> Cash Register Paper<\/li>\n<li><strong>Layer Quantity : <\/strong> Single Phase, Single<\/li>\n<li><strong>Taille : <\/strong> 80*80 mm\/57*50 mm, 80*80 80*70 80*60 Custom Sizes<\/li>\n<li><strong>Type de papier : <\/strong> Thermal Paper, Cash Register Paper<\/li>\n<li><strong>Lieu d&#039;origine : <\/strong> Guangdong, Chine<\/li>\n<li><strong>Nom de marque : <\/strong> Sunkey<\/li>\n<li><strong>Num\u00e9ro de mod\u00e8le : <\/strong> CRP-01<\/li>\n<li><strong>Features : <\/strong> long color preservation, heat sensitive waterproof<\/li>\n<li><strong>Print image : <\/strong> As long as 5 years<\/li>\n<li><strong>Smoothness : <\/strong> High smoothness to increase print<\/li>\n<li><strong>Core size : <\/strong> 13\/17mm<\/li>\n<li><strong>C\u0153ur : <\/strong> Plastic,paper,coreless<\/li>\n<li><strong>Packaging Details : <\/strong> 5 Roll\/shrink Wrap<\/li>\n<li><strong>Width : <\/strong> 80mm  Thermal Paper<\/li>\n<\/ul>","protected":false},"excerpt":{"rendered":"<p>Type : Papier pour caisse enregistreuse Quantit\u00e9 de couches : Monophas\u00e9, unique Taille : 80*80 mm\/57*50 mm, 80*80 80*70 80*60 Personnalis\u00e9<\/p>","protected":false},"featured_media":183505,"comment_status":"open","ping_status":"closed","template":"","meta":[],"product_brand":[],"product_cat":[30969],"product_tag":[],"class_list":{"0":"post-183506","1":"product","2":"type-product","3":"status-publish","4":"has-post-thumbnail","6":"product_cat-copy-paper","8":"first","9":"instock","10":"taxable","11":"shipping-taxable","12":"purchasable","13":"product-type-variable"},"_links":{"self":[{"href":"https:\/\/nexgendecors.com\/fr\/wp-json\/wp\/v2\/product\/183506","targetHints":{"allow":["GET"]}}],"collection":[{"href":"https:\/\/nexgendecors.com\/fr\/wp-json\/wp\/v2\/product"}],"about":[{"href":"https:\/\/nexgendecors.com\/fr\/wp-json\/wp\/v2\/types\/product"}],"replies":[{"embeddable":true,"href":"https:\/\/nexgendecors.com\/fr\/wp-json\/wp\/v2\/comments?post=183506"}],"version-history":[{"count":0,"href":"https:\/\/nexgendecors.com\/fr\/wp-json\/wp\/v2\/product\/183506\/revisions"}],"wp:featuredmedia":[{"embeddable":true,"href":"https:\/\/nexgendecors.com\/fr\/wp-json\/wp\/v2\/media\/183505"}],"wp:attachment":[{"href":"https:\/\/nexgendecors.com\/fr\/wp-json\/wp\/v2\/media?parent=183506"}],"wp:term":[{"taxonomy":"product_brand","embeddable":true,"href":"https:\/\/nexgendecors.com\/fr\/wp-json\/wp\/v2\/product_brand?post=183506"},{"taxonomy":"product_cat","embeddable":true,"href":"https:\/\/nexgendecors.com\/fr\/wp-json\/wp\/v2\/product_cat?post=183506"},{"taxonomy":"product_tag","embeddable":true,"href":"https:\/\/nexgendecors.com\/fr\/wp-json\/wp\/v2\/product_tag?post=183506"}],"curies":[{"name":"wp","href":"https:\/\/api.w.org\/{rel}","templated":true}]}}