{"id":183514,"date":"2025-03-01T09:46:28","date_gmt":"2025-03-01T09:46:28","guid":{"rendered":"https:\/\/nexgendecors.com\/en\/product\/factory-price-80x80-57x40-57x30-100-case-traditional-cash-register-pos-thermal-paper-roll-tape-for-credit-card\/"},"modified":"2025-04-06T11:43:57","modified_gmt":"2025-04-06T11:43:57","slug":"factory-price-80x80-57x40-57x30-100-case-traditional-cash-register-pos-thermal-paper-roll-tape-for-credit-card","status":"publish","type":"product","link":"https:\/\/nexgendecors.com\/fr\/product\/factory-price-80x80-57x40-57x30-100-case-traditional-cash-register-pos-thermal-paper-roll-tape-for-credit-card\/","title":{"rendered":"Rouleau de papier thermique pour caisse enregistreuse traditionnelle, prix d&#039;usine 80 \u00d7 80, 57 \u00d7 40, 57 \u00d7 30, 100 unit\u00e9s\/bo\u00eete, pour carte de cr\u00e9dit"},"content":{"rendered":"<ul>\n<li><strong>Taper : <\/strong> Cash Register Paper<\/li>\n<li><strong>Layer Quantity : <\/strong> Single Phase, Single<\/li>\n<li><strong>Taille : <\/strong> 80*80 mm\/57*50 mm, 80*80 80*70 80*60 Custom Sizes<\/li>\n<li><strong>Type de papier : <\/strong> Thermal Paper, Traditional Cash Register Paper<\/li>\n<li><strong>Lieu d&#039;origine : <\/strong> Guangdong, Chine<\/li>\n<li><strong>Nom de marque : <\/strong> Sunkey<\/li>\n<li><strong>Num\u00e9ro de mod\u00e8le : <\/strong> TP-001<\/li>\n<li><strong>Features : <\/strong> long color preservation, heat sensitive waterproof<\/li>\n<li><strong>Print image : <\/strong> As long as 5 years<\/li>\n<li><strong>Smoothness : <\/strong> High smoothness to increase print<\/li>\n<li><strong>Core size : <\/strong> 13\/17mm<\/li>\n<li><strong>C\u0153ur : <\/strong> Plastic,paper,coreless<\/li>\n<li><strong>Packaging Details : <\/strong> 5 Roll\/shrink Wrap<\/li>\n<li><strong>Width : <\/strong> 80mm  Thermal Paper<\/li>\n<\/ul>","protected":false},"excerpt":{"rendered":"<p>Type : Papier pour caisse enregistreuse Quantit\u00e9 de couches : Monophas\u00e9, unique Taille : 80*80 mm\/57*50 mm, 80*80 80*70 80*60 Personnalis\u00e9<\/p>","protected":false},"featured_media":183513,"comment_status":"open","ping_status":"closed","template":"","meta":[],"product_brand":[],"product_cat":[30969],"product_tag":[],"class_list":{"0":"post-183514","1":"product","2":"type-product","3":"status-publish","4":"has-post-thumbnail","6":"product_cat-copy-paper","8":"first","9":"instock","10":"taxable","11":"shipping-taxable","12":"purchasable","13":"product-type-variable"},"_links":{"self":[{"href":"https:\/\/nexgendecors.com\/fr\/wp-json\/wp\/v2\/product\/183514","targetHints":{"allow":["GET"]}}],"collection":[{"href":"https:\/\/nexgendecors.com\/fr\/wp-json\/wp\/v2\/product"}],"about":[{"href":"https:\/\/nexgendecors.com\/fr\/wp-json\/wp\/v2\/types\/product"}],"replies":[{"embeddable":true,"href":"https:\/\/nexgendecors.com\/fr\/wp-json\/wp\/v2\/comments?post=183514"}],"version-history":[{"count":0,"href":"https:\/\/nexgendecors.com\/fr\/wp-json\/wp\/v2\/product\/183514\/revisions"}],"wp:featuredmedia":[{"embeddable":true,"href":"https:\/\/nexgendecors.com\/fr\/wp-json\/wp\/v2\/media\/183513"}],"wp:attachment":[{"href":"https:\/\/nexgendecors.com\/fr\/wp-json\/wp\/v2\/media?parent=183514"}],"wp:term":[{"taxonomy":"product_brand","embeddable":true,"href":"https:\/\/nexgendecors.com\/fr\/wp-json\/wp\/v2\/product_brand?post=183514"},{"taxonomy":"product_cat","embeddable":true,"href":"https:\/\/nexgendecors.com\/fr\/wp-json\/wp\/v2\/product_cat?post=183514"},{"taxonomy":"product_tag","embeddable":true,"href":"https:\/\/nexgendecors.com\/fr\/wp-json\/wp\/v2\/product_tag?post=183514"}],"curies":[{"name":"wp","href":"https:\/\/api.w.org\/{rel}","templated":true}]}}