{"id":183530,"date":"2025-03-01T09:47:04","date_gmt":"2025-03-01T09:47:04","guid":{"rendered":"https:\/\/nexgendecors.com\/en\/product\/high-quality-3-plys-ncr-paper-form-carbonless-receipt-book-custom-invoice-book\/"},"modified":"2025-04-06T11:44:16","modified_gmt":"2025-04-06T11:44:16","slug":"high-quality-3-plys-ncr-paper-form-carbonless-receipt-book-custom-invoice-book","status":"publish","type":"product","link":"https:\/\/nexgendecors.com\/fr\/product\/high-quality-3-plys-ncr-paper-form-carbonless-receipt-book-custom-invoice-book\/","title":{"rendered":"Carnet de re\u00e7us autocopiant en papier NCR 3 plis de haute qualit\u00e9, carnet de factures personnalis\u00e9"},"content":{"rendered":"<ul>\n<li><strong>Taper : <\/strong> Carbonless Paper<\/li>\n<li><strong>Paper Roll : <\/strong> NON<\/li>\n<li><strong>Nom de marque : <\/strong> Sunkey<\/li>\n<li><strong>Num\u00e9ro de mod\u00e8le : <\/strong> CP-01<\/li>\n<li><strong>Lieu d&#039;origine : <\/strong> Guangdong, Chine<\/li>\n<li><strong>Type de papier : <\/strong> Carbonless Paper<\/li>\n<li><strong>Mat\u00e9riel : <\/strong> 100% P\u00e2te de bois vierge<\/li>\n<li><strong>Couleur : <\/strong> White\/ Pink\/Red\/ Yellow\/ Blue \/Green<\/li>\n<li><strong>Utilisation : <\/strong> Invoices, Delivery Notes, etc.<\/li>\n<li><strong>Grammage : <\/strong> 50-80 gsm<\/li>\n<li><strong>Impression : <\/strong> Customize Logo and Format, etc.<\/li>\n<li><strong>OEM : <\/strong> OEM Service Accepted<\/li>\n<li><strong>Emballage : <\/strong> Single Wrapping<\/li>\n<li><strong>Time Storage : <\/strong> 2-5 Years<\/li>\n<li><strong>Quantit\u00e9 minimale de commande : <\/strong> 1 Box<\/li>\n<\/ul>","protected":false},"excerpt":{"rendered":"<p>Type : Papier autocopiant Rouleau de papier : NON Nom de marque : Sunkey Num\u00e9ro de mod\u00e8le : CP-01 Lieu d&#039;origine :<\/p>","protected":false},"featured_media":183529,"comment_status":"open","ping_status":"closed","template":"","meta":[],"product_brand":[],"product_cat":[30969],"product_tag":[],"class_list":{"0":"post-183530","1":"product","2":"type-product","3":"status-publish","4":"has-post-thumbnail","6":"product_cat-copy-paper","8":"first","9":"instock","10":"taxable","11":"shipping-taxable","12":"purchasable","13":"product-type-variable"},"_links":{"self":[{"href":"https:\/\/nexgendecors.com\/fr\/wp-json\/wp\/v2\/product\/183530","targetHints":{"allow":["GET"]}}],"collection":[{"href":"https:\/\/nexgendecors.com\/fr\/wp-json\/wp\/v2\/product"}],"about":[{"href":"https:\/\/nexgendecors.com\/fr\/wp-json\/wp\/v2\/types\/product"}],"replies":[{"embeddable":true,"href":"https:\/\/nexgendecors.com\/fr\/wp-json\/wp\/v2\/comments?post=183530"}],"version-history":[{"count":0,"href":"https:\/\/nexgendecors.com\/fr\/wp-json\/wp\/v2\/product\/183530\/revisions"}],"wp:featuredmedia":[{"embeddable":true,"href":"https:\/\/nexgendecors.com\/fr\/wp-json\/wp\/v2\/media\/183529"}],"wp:attachment":[{"href":"https:\/\/nexgendecors.com\/fr\/wp-json\/wp\/v2\/media?parent=183530"}],"wp:term":[{"taxonomy":"product_brand","embeddable":true,"href":"https:\/\/nexgendecors.com\/fr\/wp-json\/wp\/v2\/product_brand?post=183530"},{"taxonomy":"product_cat","embeddable":true,"href":"https:\/\/nexgendecors.com\/fr\/wp-json\/wp\/v2\/product_cat?post=183530"},{"taxonomy":"product_tag","embeddable":true,"href":"https:\/\/nexgendecors.com\/fr\/wp-json\/wp\/v2\/product_tag?post=183530"}],"curies":[{"name":"wp","href":"https:\/\/api.w.org\/{rel}","templated":true}]}}