{"id":183642,"date":"2025-03-01T13:21:51","date_gmt":"2025-03-01T13:21:51","guid":{"rendered":"https:\/\/nexgendecors.com\/en\/product\/800ml-fast-food-take-away-aluminium-foil-container-tray-disposable-aluminium-foil-pans-use-for-food-packing\/"},"modified":"2025-04-06T11:45:04","modified_gmt":"2025-04-06T11:45:04","slug":"800ml-fast-food-take-away-aluminium-foil-container-tray-disposable-aluminium-foil-pans-use-for-food-packing","status":"publish","type":"product","link":"https:\/\/nexgendecors.com\/fr\/product\/800ml-fast-food-take-away-aluminium-foil-container-tray-disposable-aluminium-foil-pans-use-for-food-packing\/","title":{"rendered":"800ml Fast Food Take Away Aluminium Foil Container Tray Tray Jetable Aluminium Foil Pans Use for Food Packing"},"content":{"rendered":"<ul>\n<li><strong>Fonctionnalit\u00e9 : <\/strong> jetable<\/li>\n<li><strong>Capacit\u00e9 max. : <\/strong> 100ML, 200Ml, 750ML, 700ml, 1000ML, 150ml, 450ML, 320ml, 550ML, 800ML<\/li>\n<li><strong>Grade : <\/strong> Qualit\u00e9 alimentaire<\/li>\n<li><strong>Forme : <\/strong> Rectangle, Rectangle\/Round\/Square<\/li>\n<li><strong>couvercle : <\/strong> couvercle en papier<\/li>\n<li><strong>Impression du logo : <\/strong> Coutume<\/li>\n<li><strong>Taper : <\/strong> R\u00e9cipient<\/li>\n<li><strong>Utiliser : <\/strong> Nourriture<\/li>\n<li><strong>Lieu d&#039;origine : <\/strong> Henan, Chine<\/li>\n<li><strong>Nom de marque : <\/strong> Yongsheng<\/li>\n<li><strong>Num\u00e9ro de mod\u00e8le : <\/strong> 8011\/3003<\/li>\n<li><strong>Mat\u00e9riel : <\/strong> Aluminium<\/li>\n<li><strong>Type de plastique : <\/strong> ANIMAL DE COMPAGNIE<\/li>\n<li><strong>Type de processus : <\/strong> Moulage de p\u00e2te \u00e0 papier<\/li>\n<li><strong>Commande personnalis\u00e9e : <\/strong> Accepter<\/li>\n<li><strong>Nom du produit : <\/strong> r\u00e9cipient en aluminium pour aliments<\/li>\n<li><strong>Couleur : <\/strong> Silver\/Gold\/Red\/Blue\/Yellow or Customized<\/li>\n<li><strong>Gaufrage : <\/strong> Wrinkle, Wrinkle free smooth<\/li>\n<li><strong>Couvercle : <\/strong> Couvercle en papier\/Couvercle en aluminium\/Couvercle en plastique\/Personnalisation<\/li>\n<li><strong>Utilisation : <\/strong> Alimentation\/P\u00e2tisserie\/G\u00e2teau\/Cuisine\/Restaurant\/Soupe<\/li>\n<li><strong>Emballage : <\/strong> 1000pcs\/CTN\/customized<\/li>\n<li><strong>OEM\/ODM : <\/strong> Accepter<\/li>\n<li><strong>Certificat : <\/strong> ISO, FDA, etc.<\/li>\n<li><strong>\u00c9chantillon : <\/strong> Gratuit<\/li>\n<\/ul>","protected":false},"excerpt":{"rendered":"<p>Caract\u00e9ristique : jetable Capacit\u00e9 maximale : 100ML, 200Ml, 750ML, 1000ML Capacit\u00e9 : 100ML, 200Ml, 750ML, 700ml, 1000ML, 150ml, 450ML, 320ml, 550ML, 800ML Qualit\u00e9 : Alimentaire<\/p>","protected":false},"featured_media":183641,"comment_status":"open","ping_status":"closed","template":"","meta":[],"product_brand":[],"product_cat":[30935],"product_tag":[],"class_list":{"0":"post-183642","1":"product","2":"type-product","3":"status-publish","4":"has-post-thumbnail","6":"product_cat-coffee-supplies","8":"first","9":"instock","10":"taxable","11":"shipping-taxable","12":"purchasable","13":"product-type-variable"},"_links":{"self":[{"href":"https:\/\/nexgendecors.com\/fr\/wp-json\/wp\/v2\/product\/183642","targetHints":{"allow":["GET"]}}],"collection":[{"href":"https:\/\/nexgendecors.com\/fr\/wp-json\/wp\/v2\/product"}],"about":[{"href":"https:\/\/nexgendecors.com\/fr\/wp-json\/wp\/v2\/types\/product"}],"replies":[{"embeddable":true,"href":"https:\/\/nexgendecors.com\/fr\/wp-json\/wp\/v2\/comments?post=183642"}],"version-history":[{"count":0,"href":"https:\/\/nexgendecors.com\/fr\/wp-json\/wp\/v2\/product\/183642\/revisions"}],"wp:featuredmedia":[{"embeddable":true,"href":"https:\/\/nexgendecors.com\/fr\/wp-json\/wp\/v2\/media\/183641"}],"wp:attachment":[{"href":"https:\/\/nexgendecors.com\/fr\/wp-json\/wp\/v2\/media?parent=183642"}],"wp:term":[{"taxonomy":"product_brand","embeddable":true,"href":"https:\/\/nexgendecors.com\/fr\/wp-json\/wp\/v2\/product_brand?post=183642"},{"taxonomy":"product_cat","embeddable":true,"href":"https:\/\/nexgendecors.com\/fr\/wp-json\/wp\/v2\/product_cat?post=183642"},{"taxonomy":"product_tag","embeddable":true,"href":"https:\/\/nexgendecors.com\/fr\/wp-json\/wp\/v2\/product_tag?post=183642"}],"curies":[{"name":"wp","href":"https:\/\/api.w.org\/{rel}","templated":true}]}}