{"id":183752,"date":"2025-03-01T13:34:18","date_gmt":"2025-03-01T13:34:18","guid":{"rendered":"https:\/\/nexgendecors.com\/en\/product\/2024-comgesi-customizable-kraft-and-pla-paper-cup-for-hot-drinks-single-pe-gold-foil-printing-various-use-craft-coffee-cups\/"},"modified":"2025-04-06T11:46:35","modified_gmt":"2025-04-06T11:46:35","slug":"2024-comgesi-gobelet-en-papier-kraft-et-pla-personnalisable-pour-boissons-chaudes-impression-feuille-dor-pe-unique-tasses-a-cafe-artisanales-a-usages-divers","status":"publish","type":"product","link":"https:\/\/nexgendecors.com\/fr\/product\/2024-comgesi-gobelet-en-papier-kraft-et-pla-personnalisable-pour-boissons-chaudes-impression-feuille-dor-pe-unique-tasses-a-cafe-artisanales-a-usages-divers\/","title":{"rendered":"2024 Comgesi Tasses en papier personnalisables en Kraft et PLA pour boissons chaudes Tasses \u00e0 caf\u00e9 artisanales \u00e0 usage multiple avec impression de feuille d'or en PE"},"content":{"rendered":"<ul>\n<li><strong>Utilisation industrielle : <\/strong> Boisson<\/li>\n<li><strong>Utiliser : <\/strong> Jus, caf\u00e9, th\u00e9<\/li>\n<li><strong>Type de papier : <\/strong> Papier kraft<\/li>\n<li><strong>Impression du logo : <\/strong> Logo personnalis\u00e9 acceptable<\/li>\n<li><strong>Style : <\/strong> Mur ondul\u00e9<\/li>\n<li><strong>Lieu d&#039;origine : <\/strong> ZHE<\/li>\n<li><strong>Nom de marque : <\/strong> 100 m\u00e8tres<\/li>\n<li><strong>Fonctionnalit\u00e9 : <\/strong> Jetable<\/li>\n<li><strong>Commande personnalis\u00e9e : <\/strong> Accepter<\/li>\n<li><strong>Gestion de l&#039;impression : <\/strong> Pelliculage brillant, Pelliculage mat, feuille d&#039;or, Pelliculage brillant, Pelliculage mat, feuille d&#039;or<\/li>\n<\/ul>","protected":false},"excerpt":{"rendered":"<p>Utilisation industrielle : Boisson Utilisation : Jus, caf\u00e9, th\u00e9 Type de papier : Papier artisanal Impression du logo : Logo personnalis\u00e9 acceptable<\/p>","protected":false},"featured_media":183751,"comment_status":"open","ping_status":"closed","template":"","meta":[],"product_brand":[],"product_cat":[30935],"product_tag":[],"class_list":{"0":"post-183752","1":"product","2":"type-product","3":"status-publish","4":"has-post-thumbnail","6":"product_cat-coffee-supplies","8":"first","9":"instock","10":"taxable","11":"shipping-taxable","12":"purchasable","13":"product-type-variable"},"_links":{"self":[{"href":"https:\/\/nexgendecors.com\/fr\/wp-json\/wp\/v2\/product\/183752","targetHints":{"allow":["GET"]}}],"collection":[{"href":"https:\/\/nexgendecors.com\/fr\/wp-json\/wp\/v2\/product"}],"about":[{"href":"https:\/\/nexgendecors.com\/fr\/wp-json\/wp\/v2\/types\/product"}],"replies":[{"embeddable":true,"href":"https:\/\/nexgendecors.com\/fr\/wp-json\/wp\/v2\/comments?post=183752"}],"version-history":[{"count":0,"href":"https:\/\/nexgendecors.com\/fr\/wp-json\/wp\/v2\/product\/183752\/revisions"}],"wp:featuredmedia":[{"embeddable":true,"href":"https:\/\/nexgendecors.com\/fr\/wp-json\/wp\/v2\/media\/183751"}],"wp:attachment":[{"href":"https:\/\/nexgendecors.com\/fr\/wp-json\/wp\/v2\/media?parent=183752"}],"wp:term":[{"taxonomy":"product_brand","embeddable":true,"href":"https:\/\/nexgendecors.com\/fr\/wp-json\/wp\/v2\/product_brand?post=183752"},{"taxonomy":"product_cat","embeddable":true,"href":"https:\/\/nexgendecors.com\/fr\/wp-json\/wp\/v2\/product_cat?post=183752"},{"taxonomy":"product_tag","embeddable":true,"href":"https:\/\/nexgendecors.com\/fr\/wp-json\/wp\/v2\/product_tag?post=183752"}],"curies":[{"name":"wp","href":"https:\/\/api.w.org\/{rel}","templated":true}]}}