{"id":183758,"date":"2025-03-01T13:34:25","date_gmt":"2025-03-01T13:34:25","guid":{"rendered":"https:\/\/nexgendecors.com\/en\/product\/custom-8oz-coffee-cups-disposable-single-wall-paper-cups-with-logo-design-plain-white-to-go-cafe-shop-stamping-embossing\/"},"modified":"2025-04-06T11:46:44","modified_gmt":"2025-04-06T11:46:44","slug":"custom-8oz-coffee-cups-disposable-single-wall-paper-cups-with-logo-design-plain-white-to-go-cafe-shop-stamping-embossing","status":"publish","type":"product","link":"https:\/\/nexgendecors.com\/fr\/product\/custom-8oz-coffee-cups-disposable-single-wall-paper-cups-with-logo-design-plain-white-to-go-cafe-shop-stamping-embossing\/","title":{"rendered":"Tasses \u00e0 caf\u00e9 8oz jetables avec logo blanc uni pour les caf\u00e9s \u00e0 emporter Estampillage et gaufrage"},"content":{"rendered":"<ul>\n<li><strong>Utilisation industrielle : <\/strong> Nourriture<\/li>\n<li><strong>Utiliser : <\/strong> Milk, Juice<\/li>\n<li><strong>Type de papier : <\/strong> Corrugated Paper<\/li>\n<li><strong>Impression du logo : <\/strong> Personnalis\u00e9<\/li>\n<li><strong>Style : <\/strong> Single Wall<\/li>\n<li><strong>Lieu d&#039;origine : <\/strong> ZHE<\/li>\n<li><strong>Nom de marque : <\/strong> 100 m\u00e8tres<\/li>\n<li><strong>Fonctionnalit\u00e9 : <\/strong> Bio-degradable<\/li>\n<li><strong>Commande personnalis\u00e9e : <\/strong> Accepter<\/li>\n<li><strong>Gestion de l&#039;impression : <\/strong> Embossing, UV Coating, Varnishing, Glossy Lamination, Stamping, Embossing, UV Coating, Varnishing, Glossy Lamination, Stamping<\/li>\n<\/ul>","protected":false},"excerpt":{"rendered":"<p>Usage industriel : Usage alimentaire : Lait, jus Type de papier : Papier ondul\u00e9 Impression du logo : Personnalis\u00e9e Style : Simple<\/p>","protected":false},"featured_media":183757,"comment_status":"open","ping_status":"closed","template":"","meta":[],"product_brand":[],"product_cat":[30935],"product_tag":[],"class_list":{"0":"post-183758","1":"product","2":"type-product","3":"status-publish","4":"has-post-thumbnail","6":"product_cat-coffee-supplies","8":"first","9":"instock","10":"taxable","11":"shipping-taxable","12":"purchasable","13":"product-type-variable"},"_links":{"self":[{"href":"https:\/\/nexgendecors.com\/fr\/wp-json\/wp\/v2\/product\/183758","targetHints":{"allow":["GET"]}}],"collection":[{"href":"https:\/\/nexgendecors.com\/fr\/wp-json\/wp\/v2\/product"}],"about":[{"href":"https:\/\/nexgendecors.com\/fr\/wp-json\/wp\/v2\/types\/product"}],"replies":[{"embeddable":true,"href":"https:\/\/nexgendecors.com\/fr\/wp-json\/wp\/v2\/comments?post=183758"}],"version-history":[{"count":0,"href":"https:\/\/nexgendecors.com\/fr\/wp-json\/wp\/v2\/product\/183758\/revisions"}],"wp:featuredmedia":[{"embeddable":true,"href":"https:\/\/nexgendecors.com\/fr\/wp-json\/wp\/v2\/media\/183757"}],"wp:attachment":[{"href":"https:\/\/nexgendecors.com\/fr\/wp-json\/wp\/v2\/media?parent=183758"}],"wp:term":[{"taxonomy":"product_brand","embeddable":true,"href":"https:\/\/nexgendecors.com\/fr\/wp-json\/wp\/v2\/product_brand?post=183758"},{"taxonomy":"product_cat","embeddable":true,"href":"https:\/\/nexgendecors.com\/fr\/wp-json\/wp\/v2\/product_cat?post=183758"},{"taxonomy":"product_tag","embeddable":true,"href":"https:\/\/nexgendecors.com\/fr\/wp-json\/wp\/v2\/product_tag?post=183758"}],"curies":[{"name":"wp","href":"https:\/\/api.w.org\/{rel}","templated":true}]}}