{"id":183801,"date":"2025-03-02T03:31:32","date_gmt":"2025-03-02T03:31:32","guid":{"rendered":"https:\/\/nexgendecors.com\/en\/product\/source-manufacturer-keji-hard-card-holder-wholesale-double-sided-transparent-student-id-card-employee-slide-cover-work-card\/"},"modified":"2025-04-06T11:46:51","modified_gmt":"2025-04-06T11:46:51","slug":"source-manufacturer-keji-hard-card-holder-wholesale-double-sided-transparent-student-id-card-employee-slide-cover-work-card","status":"publish","type":"product","link":"https:\/\/nexgendecors.com\/fr\/product\/source-manufacturer-keji-hard-card-holder-wholesale-double-sided-transparent-student-id-card-employee-slide-cover-work-card\/","title":{"rendered":"Porte-cartes rigide Keji, fabricant source, vente en gros, carte d&#039;identit\u00e9 d&#039;\u00e9tudiant transparente recto verso, couverture coulissante pour employ\u00e9, carte de travail"},"content":{"rendered":"","protected":false},"excerpt":{"rendered":"","protected":false},"featured_media":183799,"comment_status":"open","ping_status":"closed","template":"","meta":[],"product_brand":[],"product_cat":[30969],"product_tag":[],"class_list":{"0":"post-183801","1":"product","2":"type-product","3":"status-publish","4":"has-post-thumbnail","6":"product_cat-copy-paper","8":"first","9":"instock","10":"taxable","11":"shipping-taxable","12":"purchasable","13":"product-type-simple"},"_links":{"self":[{"href":"https:\/\/nexgendecors.com\/fr\/wp-json\/wp\/v2\/product\/183801","targetHints":{"allow":["GET"]}}],"collection":[{"href":"https:\/\/nexgendecors.com\/fr\/wp-json\/wp\/v2\/product"}],"about":[{"href":"https:\/\/nexgendecors.com\/fr\/wp-json\/wp\/v2\/types\/product"}],"replies":[{"embeddable":true,"href":"https:\/\/nexgendecors.com\/fr\/wp-json\/wp\/v2\/comments?post=183801"}],"version-history":[{"count":0,"href":"https:\/\/nexgendecors.com\/fr\/wp-json\/wp\/v2\/product\/183801\/revisions"}],"wp:featuredmedia":[{"embeddable":true,"href":"https:\/\/nexgendecors.com\/fr\/wp-json\/wp\/v2\/media\/183799"}],"wp:attachment":[{"href":"https:\/\/nexgendecors.com\/fr\/wp-json\/wp\/v2\/media?parent=183801"}],"wp:term":[{"taxonomy":"product_brand","embeddable":true,"href":"https:\/\/nexgendecors.com\/fr\/wp-json\/wp\/v2\/product_brand?post=183801"},{"taxonomy":"product_cat","embeddable":true,"href":"https:\/\/nexgendecors.com\/fr\/wp-json\/wp\/v2\/product_cat?post=183801"},{"taxonomy":"product_tag","embeddable":true,"href":"https:\/\/nexgendecors.com\/fr\/wp-json\/wp\/v2\/product_tag?post=183801"}],"curies":[{"name":"wp","href":"https:\/\/api.w.org\/{rel}","templated":true}]}}