{"id":18385,"date":"2025-01-13T14:23:36","date_gmt":"2025-01-13T14:23:36","guid":{"rendered":"https:\/\/nexgendecors.com\/product\/okaren-independent-bathtub-household-acrylic-japanese-style-small-apartment-mini-mobile-small-bathtub-deep-bubble-square-net-red\/"},"modified":"2025-04-06T07:41:36","modified_gmt":"2025-04-06T07:41:36","slug":"okaren-independent-bathtub-household-acrylic-japanese-style-small-apartment-mini-mobile-small-bathtub-deep-bubble-square-net-red","status":"publish","type":"product","link":"https:\/\/nexgendecors.com\/fr\/product\/okaren-independent-bathtub-household-acrylic-japanese-style-small-apartment-mini-mobile-small-bathtub-deep-bubble-square-net-red\/","title":{"rendered":"Mini baignoire acrylique Okaren \u2013 Design japonais \u00e0 bulles profondes"},"content":{"rendered":"<ul>\n<li>\n<strong>marque<\/strong>:Okaren<\/li>\n<li>\n<strong>mod\u00e8le<\/strong>:2314-<\/li>\n<li>\n<strong>forme<\/strong>:D\u00e9tach\u00e9<\/li>\n<li>\n<strong>Origine<\/strong>:Chine continentale<\/li>\n<li>\n<strong>province<\/strong>:Province du Guangdong<\/li>\n<li>\n<strong>Est-ce qu&#039;il contient un robinet ?<\/strong>:Non inclus<\/li>\n<li>\n<strong>longueur<\/strong>:0.9m 1m 1.1m 1.2m 1.3m 1.4m 1.5m 1.6m 1.7m 1.8m<\/li>\n<li>\n<strong>Mat\u00e9riel<\/strong>:Acrylique<\/li>\n<li>\n<strong>Y a-t-il des mains courantes ?<\/strong>:Non<\/li>\n<li>\n<strong>capacit\u00e9<\/strong>:150L<\/li>\n<li>\n<strong>Service en ville<\/strong>:Livraison porte-\u00e0-porte logistique intra-urbaine<\/li>\n<li>\n<strong>trier par couleur<\/strong>:Free home visit and free installation White empty tank (without seat) White empty tank (with seat) White empty tank (without seat) + black waterfall faucet (handheld shower) White empty tank (acrylic seat + armrest) Black empty tank (without seat) Black empty tank (with seat) Red empty tank (without seat) Gray empty tank (without seat) [750 width] White empty tank (with seat) [750 width] White empty tank (with seat)<\/li>\n<li>\n<strong><\/strong>:<\/li>\n<\/ul>\n<p><img><\/p>","protected":false},"excerpt":{"rendered":"<p>Marque : Okaren Mod\u00e8le : 2314- Forme : D\u00e9tach\u00e9e Origine : Chine continentale Province : Province du Guangdong Contient-il un robinet ? : Non inclus Longueur : 0,9 m 1 m 1,1 m 1,2 m 1,3 m 1,4 m 1,5 m<\/p>","protected":false},"featured_media":19182,"comment_status":"open","ping_status":"closed","template":"","meta":[],"product_brand":[],"product_cat":[30971,869],"product_tag":[],"class_list":{"0":"post-18385","1":"product","2":"type-product","3":"status-publish","4":"has-post-thumbnail","6":"product_cat-hp","7":"product_cat-wholesale-bathtub","9":"first","10":"instock","11":"taxable","12":"shipping-taxable","13":"purchasable","14":"product-type-variable"},"_links":{"self":[{"href":"https:\/\/nexgendecors.com\/fr\/wp-json\/wp\/v2\/product\/18385","targetHints":{"allow":["GET"]}}],"collection":[{"href":"https:\/\/nexgendecors.com\/fr\/wp-json\/wp\/v2\/product"}],"about":[{"href":"https:\/\/nexgendecors.com\/fr\/wp-json\/wp\/v2\/types\/product"}],"replies":[{"embeddable":true,"href":"https:\/\/nexgendecors.com\/fr\/wp-json\/wp\/v2\/comments?post=18385"}],"version-history":[{"count":0,"href":"https:\/\/nexgendecors.com\/fr\/wp-json\/wp\/v2\/product\/18385\/revisions"}],"wp:featuredmedia":[{"embeddable":true,"href":"https:\/\/nexgendecors.com\/fr\/wp-json\/wp\/v2\/media\/19182"}],"wp:attachment":[{"href":"https:\/\/nexgendecors.com\/fr\/wp-json\/wp\/v2\/media?parent=18385"}],"wp:term":[{"taxonomy":"product_brand","embeddable":true,"href":"https:\/\/nexgendecors.com\/fr\/wp-json\/wp\/v2\/product_brand?post=18385"},{"taxonomy":"product_cat","embeddable":true,"href":"https:\/\/nexgendecors.com\/fr\/wp-json\/wp\/v2\/product_cat?post=18385"},{"taxonomy":"product_tag","embeddable":true,"href":"https:\/\/nexgendecors.com\/fr\/wp-json\/wp\/v2\/product_tag?post=18385"}],"curies":[{"name":"wp","href":"https:\/\/api.w.org\/{rel}","templated":true}]}}