{"id":184036,"date":"2025-03-02T05:44:50","date_gmt":"2025-03-02T05:44:50","guid":{"rendered":"https:\/\/nexgendecors.com\/en\/product\/touch-screen-professional-coffee-grinders-titanium-burrs-automatic-grinder-coffee-espresso-coffee-machine\/"},"modified":"2025-04-10T12:29:44","modified_gmt":"2025-04-10T12:29:44","slug":"touch-screen-professional-coffee-grinders-titanium-burrs-automatic-grinder-coffee-espresso-coffee-machine","status":"publish","type":"product","link":"https:\/\/nexgendecors.com\/fr\/product\/touch-screen-professional-coffee-grinders-titanium-burrs-automatic-grinder-coffee-espresso-coffee-machine\/","title":{"rendered":"Moulin \u00e0 caf\u00e9 professionnel \u00e0 \u00e9cran tactile Machine \u00e0 caf\u00e9 expresso avec broyeur automatique \u00e0 billes en titane"},"content":{"rendered":"<ul>\n<li><strong>service apr\u00e8s-vente assur\u00e9 : <\/strong> Pi\u00e8ces de rechange gratuites<\/li>\n<li><strong>garantie : <\/strong> 1 an<\/li>\n<li><strong>cote d&#039;efficacit\u00e9 \u00e9nerg\u00e9tique : <\/strong> Classe A<\/li>\n<li><strong>langue de fonctionnement : <\/strong> Anglais<\/li>\n<li><strong>application : <\/strong> Car, Household<\/li>\n<li><strong>source d&#039;\u00e9nergie : <\/strong> usb<\/li>\n<li><strong>contr\u00f4l\u00e9 par l&#039;application : <\/strong> NON<\/li>\n<li><strong>moule priv\u00e9 : <\/strong> NON<\/li>\n<li><strong>taper : <\/strong> Blade Coffee Grinders<\/li>\n<li><strong>mat\u00e9riau du bo\u00eetier : <\/strong> Acier inoxydable<\/li>\n<li><strong>puissance w : <\/strong> 200W<\/li>\n<li><strong>lieu d&#039;origine : <\/strong> Guangdong, Chine<\/li>\n<li><strong>nom de marque : <\/strong> Roadstar<\/li>\n<li><strong>num\u00e9ro de mod\u00e8le : <\/strong> 022<\/li>\n<li><strong>fonction : <\/strong> Easy operation<\/li>\n<li><strong>burr material : <\/strong> Acier inoxydable<\/li>\n<li><strong>blade material : <\/strong> Acier inoxydable<\/li>\n<li><strong>Capacit\u00e9 : <\/strong> 500ml, 500ML<\/li>\n<li><strong>Nom du produit : <\/strong> Electric Coffee Bean Grinder<\/li>\n<li><strong>Nom de marque : <\/strong> Roadstar<\/li>\n<li><strong>Mat\u00e9riel : <\/strong> 304 Stainless Steel<\/li>\n<li><strong>Utilisation : <\/strong> Home Hotel Restaurant Office<\/li>\n<li><strong>Couleur : <\/strong> Argent<\/li>\n<li><strong>Mot-cl\u00e9 : <\/strong> Coffee Grinder Mahine<\/li>\n<li><strong>Logo : <\/strong> Customized Logo Accepted<\/li>\n<li><strong>Emballage : <\/strong> Color Box<\/li>\n<li><strong>Style : <\/strong> Moderne<\/li>\n<\/ul>","protected":false},"excerpt":{"rendered":"<p>service apr\u00e8s-vente assur\u00e9 : Pi\u00e8ces de rechange gratuites Garantie : 1 an Efficacit\u00e9 \u00e9nerg\u00e9tique : Classe A Langue d'utilisation :<\/p>","protected":false},"featured_media":184035,"comment_status":"open","ping_status":"closed","template":"","meta":[],"product_brand":[],"product_cat":[30930,30984],"product_tag":[],"class_list":{"0":"post-184036","1":"product","2":"type-product","3":"status-publish","4":"has-post-thumbnail","6":"product_cat-coffee-makers","7":"product_cat-hotel-appliances","9":"first","10":"instock","11":"taxable","12":"shipping-taxable","13":"purchasable","14":"product-type-variable"},"_links":{"self":[{"href":"https:\/\/nexgendecors.com\/fr\/wp-json\/wp\/v2\/product\/184036","targetHints":{"allow":["GET"]}}],"collection":[{"href":"https:\/\/nexgendecors.com\/fr\/wp-json\/wp\/v2\/product"}],"about":[{"href":"https:\/\/nexgendecors.com\/fr\/wp-json\/wp\/v2\/types\/product"}],"replies":[{"embeddable":true,"href":"https:\/\/nexgendecors.com\/fr\/wp-json\/wp\/v2\/comments?post=184036"}],"version-history":[{"count":0,"href":"https:\/\/nexgendecors.com\/fr\/wp-json\/wp\/v2\/product\/184036\/revisions"}],"wp:featuredmedia":[{"embeddable":true,"href":"https:\/\/nexgendecors.com\/fr\/wp-json\/wp\/v2\/media\/184035"}],"wp:attachment":[{"href":"https:\/\/nexgendecors.com\/fr\/wp-json\/wp\/v2\/media?parent=184036"}],"wp:term":[{"taxonomy":"product_brand","embeddable":true,"href":"https:\/\/nexgendecors.com\/fr\/wp-json\/wp\/v2\/product_brand?post=184036"},{"taxonomy":"product_cat","embeddable":true,"href":"https:\/\/nexgendecors.com\/fr\/wp-json\/wp\/v2\/product_cat?post=184036"},{"taxonomy":"product_tag","embeddable":true,"href":"https:\/\/nexgendecors.com\/fr\/wp-json\/wp\/v2\/product_tag?post=184036"}],"curies":[{"name":"wp","href":"https:\/\/api.w.org\/{rel}","templated":true}]}}