{"id":184053,"date":"2025-03-02T05:54:10","date_gmt":"2025-03-02T05:54:10","guid":{"rendered":"https:\/\/nexgendecors.com\/en\/product\/espresso-coffee-machine-with-grinder-20-bar-for-home-office-milk-cappuccino-latte-machines-professional-coffee-machine\/"},"modified":"2025-04-10T12:29:44","modified_gmt":"2025-04-10T12:29:44","slug":"espresso-coffee-machine-with-grinder-20-bar-for-home-office-milk-cappuccino-latte-machines-professional-coffee-machine","status":"publish","type":"product","link":"https:\/\/nexgendecors.com\/fr\/product\/espresso-coffee-machine-with-grinder-20-bar-for-home-office-milk-cappuccino-latte-machines-professional-coffee-machine\/","title":{"rendered":"Machine \u00e0 caf\u00e9 expresso avec broyeur 20 bars pour la maison, le bureau, les machines \u00e0 lait, \u00e0 cappuccino et \u00e0 latte Machine \u00e0 caf\u00e9 professionnelle"},"content":{"rendered":"<ul>\n<li><strong>lieu d&#039;origine : <\/strong> Guangdong, Chine<\/li>\n<li><strong>nom de marque : <\/strong> roadstar<\/li>\n<li><strong>num\u00e9ro de mod\u00e8le : <\/strong> CM5520<\/li>\n<li><strong>capacity cup : <\/strong> More than 15 cup<\/li>\n<li><strong>dimensions lxlxh pouces : <\/strong> 203*267*317mm<\/li>\n<li><strong>mat\u00e9riau du bo\u00eetier : <\/strong> Acier inoxydable<\/li>\n<li><strong>puissance w : <\/strong> 1350W<\/li>\n<li><strong>service apr\u00e8s-vente assur\u00e9 : <\/strong> Pi\u00e8ces de rechange gratuites<\/li>\n<li><strong>garantie : <\/strong> 1 an<\/li>\n<li><strong>taper : <\/strong> Machine \u00e0 caf\u00e9 semi-automatique<\/li>\n<li><strong>fonction : <\/strong> Hot Water System, Programmable<\/li>\n<li><strong>cote d&#039;efficacit\u00e9 \u00e9nerg\u00e9tique : <\/strong> Classe A<\/li>\n<li><strong>langue de fonctionnement : <\/strong> Anglais<\/li>\n<li><strong>application : <\/strong> H\u00f4tel, M\u00e9nage<\/li>\n<li><strong>source d&#039;\u00e9nergie : <\/strong> \u00c9lectrique<\/li>\n<li><strong>contr\u00f4l\u00e9 par l&#039;application : <\/strong> NON<\/li>\n<li><strong>moule priv\u00e9 : <\/strong> NON<\/li>\n<li><strong>packaging types : <\/strong> Corrugated Box<\/li>\n<li><strong>Fonctionnalit\u00e9 : <\/strong> safe, Easy operation, Multifunctional, Easy<\/li>\n<li><strong>Pressure : <\/strong> 20 bars<\/li>\n<li><strong>Water Tank Capacity : <\/strong> 1.8l<\/li>\n<li><strong>Control Mode : <\/strong> Manual Control<\/li>\n<li><strong>Fonction : <\/strong> Hot Water System<\/li>\n<li><strong>Application : <\/strong> Household Hotel Restaurant Bar Office<\/li>\n<li><strong>Nom du produit : <\/strong> Semi-automatic Coffee Espresso Machine<\/li>\n<li><strong>Mot-cl\u00e9 : <\/strong> Espresso Maker Machine<\/li>\n<li><strong>Utilisation : <\/strong> Home Hotel Restaurant Office<\/li>\n<li><strong>Couleur : <\/strong> Noir<\/li>\n<li><strong>Mat\u00e9riel : <\/strong> Stainlee Steel<\/li>\n<li><strong>Emballage : <\/strong> Giftbox<\/li>\n<li><strong>Nom : <\/strong> Household Espresso Coffee Maker<\/li>\n<\/ul>","protected":false},"excerpt":{"rendered":"<p>lieu d'origine : Guangdong, Chine marque : roadstar num\u00e9ro de mod\u00e8le : CM5520 capacit\u00e9 du gobelet : Plus de 15<\/p>","protected":false},"featured_media":184052,"comment_status":"open","ping_status":"closed","template":"","meta":[],"product_brand":[],"product_cat":[30930,30984],"product_tag":[],"class_list":{"0":"post-184053","1":"product","2":"type-product","3":"status-publish","4":"has-post-thumbnail","6":"product_cat-coffee-makers","7":"product_cat-hotel-appliances","9":"first","10":"instock","11":"taxable","12":"shipping-taxable","13":"purchasable","14":"product-type-variable"},"_links":{"self":[{"href":"https:\/\/nexgendecors.com\/fr\/wp-json\/wp\/v2\/product\/184053","targetHints":{"allow":["GET"]}}],"collection":[{"href":"https:\/\/nexgendecors.com\/fr\/wp-json\/wp\/v2\/product"}],"about":[{"href":"https:\/\/nexgendecors.com\/fr\/wp-json\/wp\/v2\/types\/product"}],"replies":[{"embeddable":true,"href":"https:\/\/nexgendecors.com\/fr\/wp-json\/wp\/v2\/comments?post=184053"}],"version-history":[{"count":0,"href":"https:\/\/nexgendecors.com\/fr\/wp-json\/wp\/v2\/product\/184053\/revisions"}],"wp:featuredmedia":[{"embeddable":true,"href":"https:\/\/nexgendecors.com\/fr\/wp-json\/wp\/v2\/media\/184052"}],"wp:attachment":[{"href":"https:\/\/nexgendecors.com\/fr\/wp-json\/wp\/v2\/media?parent=184053"}],"wp:term":[{"taxonomy":"product_brand","embeddable":true,"href":"https:\/\/nexgendecors.com\/fr\/wp-json\/wp\/v2\/product_brand?post=184053"},{"taxonomy":"product_cat","embeddable":true,"href":"https:\/\/nexgendecors.com\/fr\/wp-json\/wp\/v2\/product_cat?post=184053"},{"taxonomy":"product_tag","embeddable":true,"href":"https:\/\/nexgendecors.com\/fr\/wp-json\/wp\/v2\/product_tag?post=184053"}],"curies":[{"name":"wp","href":"https:\/\/api.w.org\/{rel}","templated":true}]}}