{"id":184064,"date":"2025-03-02T05:54:26","date_gmt":"2025-03-02T05:54:26","guid":{"rendered":"https:\/\/nexgendecors.com\/en\/product\/italian-home-office-hotel-espresso-machine-professional-semi-automatic-stainless-steel-espresso-machine\/"},"modified":"2025-04-10T12:29:43","modified_gmt":"2025-04-10T12:29:43","slug":"italian-home-office-hotel-espresso-machine-professional-semi-automatic-stainless-steel-espresso-machine","status":"publish","type":"product","link":"https:\/\/nexgendecors.com\/fr\/product\/italian-home-office-hotel-espresso-machine-professional-semi-automatic-stainless-steel-espresso-machine\/","title":{"rendered":"Machine \u00e0 expresso italienne pour la maison, le bureau et l'h\u00f4tel Machine \u00e0 expresso professionnelle semi-automatique en acier inoxydable"},"content":{"rendered":"<ul>\n<li><strong>lieu d&#039;origine : <\/strong> Guangdong, Chine<\/li>\n<li><strong>nom de marque : <\/strong> roadstar<\/li>\n<li><strong>num\u00e9ro de mod\u00e8le : <\/strong> CM3120<\/li>\n<li><strong>dimensions lxlxh pouces : <\/strong> 19.5*26*28cm<\/li>\n<li><strong>mat\u00e9riau du bo\u00eetier : <\/strong> Acier inoxydable<\/li>\n<li><strong>puissance w : <\/strong> 1050W<\/li>\n<li><strong>tension v : <\/strong> 220<\/li>\n<li><strong>service apr\u00e8s-vente assur\u00e9 : <\/strong> Pi\u00e8ces de rechange gratuites<\/li>\n<li><strong>garantie : <\/strong> 1 an<\/li>\n<li><strong>taper : <\/strong> Machine \u00e0 caf\u00e9 semi-automatique<\/li>\n<li><strong>fonction : <\/strong> Programmable, Brew System<\/li>\n<li><strong>cote d&#039;efficacit\u00e9 \u00e9nerg\u00e9tique : <\/strong> Classe A<\/li>\n<li><strong>langue de fonctionnement : <\/strong> Anglais<\/li>\n<li><strong>application : <\/strong> H\u00f4tel, Commercial, M\u00e9nage<\/li>\n<li><strong>source d&#039;\u00e9nergie : <\/strong> \u00c9lectrique<\/li>\n<li><strong>contr\u00f4l\u00e9 par l&#039;application : <\/strong> NON<\/li>\n<li><strong>moule priv\u00e9 : <\/strong> NON<\/li>\n<li><strong>Nom de marque : <\/strong> Roadstar<\/li>\n<li><strong>Nom du produit : <\/strong> Espresso coffee Maker<\/li>\n<li><strong>Fonctionnalit\u00e9 : <\/strong> Auto-power-off Protection System<\/li>\n<li><strong>Capacity of Water Tank : <\/strong> More than 15 cup<\/li>\n<li><strong>Couleur : <\/strong> blanc<\/li>\n<li><strong>G.W. : <\/strong> 3.9 KGs<\/li>\n<li><strong>Coffee type : <\/strong> Cappuccino, mocha, latte, iced coffee and cream foam<\/li>\n<li><strong>Moule priv\u00e9 : <\/strong> Oui<\/li>\n<li><strong>Mot-cl\u00e9 : <\/strong> expresso machines<\/li>\n<li><strong>Single package size : <\/strong> 19.5X26X28 cm<\/li>\n<\/ul>","protected":false},"excerpt":{"rendered":"<p>lieu d'origine : Guangdong, Chine marque : roadstar num\u00e9ro de mod\u00e8le : CM3120 dimensions l x l x h<\/p>","protected":false},"featured_media":184063,"comment_status":"open","ping_status":"closed","template":"","meta":[],"product_brand":[],"product_cat":[30930,30984],"product_tag":[],"class_list":{"0":"post-184064","1":"product","2":"type-product","3":"status-publish","4":"has-post-thumbnail","6":"product_cat-coffee-makers","7":"product_cat-hotel-appliances","9":"first","10":"instock","11":"taxable","12":"shipping-taxable","13":"purchasable","14":"product-type-variable"},"_links":{"self":[{"href":"https:\/\/nexgendecors.com\/fr\/wp-json\/wp\/v2\/product\/184064","targetHints":{"allow":["GET"]}}],"collection":[{"href":"https:\/\/nexgendecors.com\/fr\/wp-json\/wp\/v2\/product"}],"about":[{"href":"https:\/\/nexgendecors.com\/fr\/wp-json\/wp\/v2\/types\/product"}],"replies":[{"embeddable":true,"href":"https:\/\/nexgendecors.com\/fr\/wp-json\/wp\/v2\/comments?post=184064"}],"version-history":[{"count":0,"href":"https:\/\/nexgendecors.com\/fr\/wp-json\/wp\/v2\/product\/184064\/revisions"}],"wp:featuredmedia":[{"embeddable":true,"href":"https:\/\/nexgendecors.com\/fr\/wp-json\/wp\/v2\/media\/184063"}],"wp:attachment":[{"href":"https:\/\/nexgendecors.com\/fr\/wp-json\/wp\/v2\/media?parent=184064"}],"wp:term":[{"taxonomy":"product_brand","embeddable":true,"href":"https:\/\/nexgendecors.com\/fr\/wp-json\/wp\/v2\/product_brand?post=184064"},{"taxonomy":"product_cat","embeddable":true,"href":"https:\/\/nexgendecors.com\/fr\/wp-json\/wp\/v2\/product_cat?post=184064"},{"taxonomy":"product_tag","embeddable":true,"href":"https:\/\/nexgendecors.com\/fr\/wp-json\/wp\/v2\/product_tag?post=184064"}],"curies":[{"name":"wp","href":"https:\/\/api.w.org\/{rel}","templated":true}]}}