{"id":184105,"date":"2025-03-02T05:55:53","date_gmt":"2025-03-02T05:55:53","guid":{"rendered":"https:\/\/nexgendecors.com\/en\/product\/hot-sale-2-5l-kitchen-appliance-commercial-blender-smoothie-juicer-food-processor-heavy-duty-blender-3-in-1\/"},"modified":"2025-04-10T12:30:04","modified_gmt":"2025-04-10T12:30:04","slug":"offre-speciale-2-5l-appareil-de-cuisine-mixeur-commercial-presse-agrumes-smoothie-robot-culinaire-mixeur-robuste-3-en-1","status":"publish","type":"product","link":"https:\/\/nexgendecors.com\/fr\/product\/offre-speciale-2-5l-appareil-de-cuisine-mixeur-commercial-presse-agrumes-smoothie-robot-culinaire-mixeur-robuste-3-en-1\/","title":{"rendered":"Vente \u00e0 chaud 2.5L Kitchen Appliance Commercial Blender Smoothie Juicer Food Processor Heavy Duty Blender 3 in 1"},"content":{"rendered":"<ul>\n<li><strong>service apr\u00e8s-vente assur\u00e9 : <\/strong> Pi\u00e8ces de rechange gratuites<\/li>\n<li><strong>garantie : <\/strong> 1 an<\/li>\n<li><strong>cote d&#039;efficacit\u00e9 \u00e9nerg\u00e9tique : <\/strong> Classe A<\/li>\n<li><strong>langue de fonctionnement : <\/strong> Anglais<\/li>\n<li><strong>fonctionnalit\u00e9 : <\/strong> Multifonctionnel<\/li>\n<li><strong>application : <\/strong> M\u00e9nage<\/li>\n<li><strong>source d&#039;\u00e9nergie : <\/strong> \u00c9lectrique<\/li>\n<li><strong>contr\u00f4l\u00e9 par l&#039;application : <\/strong> NON<\/li>\n<li><strong>moule priv\u00e9 : <\/strong> NON<\/li>\n<li><strong>taper : <\/strong> Mixeur commercial<\/li>\n<li><strong>type de contr\u00f4les : <\/strong> Bouton poussoir<\/li>\n<li><strong>mat\u00e9riau du conteneur : <\/strong> Plastique<\/li>\n<li><strong>mat\u00e9riau du bo\u00eetier : <\/strong> Acier inoxydable<\/li>\n<li><strong>capacit\u00e9 l : <\/strong> 2.6-3.0<\/li>\n<li><strong>nombre de r\u00e9glages de vitesse : <\/strong> 5 vitesses et plus<\/li>\n<li><strong>puissance w : <\/strong> 1500<\/li>\n<li><strong>num\u00e9ro de mod\u00e8le : <\/strong> 5010 3 en 1<\/li>\n<li><strong>nom de marque : <\/strong> \u00c9toile de la route<\/li>\n<li><strong>lieu d&#039;origine : <\/strong> Guangdong, Chine<\/li>\n<li><strong>fonction : <\/strong> Vitesse variable<\/li>\n<li><strong>Nom du produit : <\/strong> Mixeur commercial multifonction<\/li>\n<li><strong>Mot-cl\u00e9 : <\/strong> Mixeur \u00e9lectrique Belnder<\/li>\n<li><strong>Application : <\/strong> M\u00e9nage<\/li>\n<li><strong>Fonction : <\/strong> M\u00e9langeur de fruits<\/li>\n<li><strong>Mat\u00e9riel : <\/strong> Plastique + acier inoxydable<\/li>\n<li><strong>Utilisation : <\/strong> Appareil de cuisine, presse-agrumes<\/li>\n<li><strong>Couleur : <\/strong> Couleur personnalis\u00e9e<\/li>\n<li><strong>Multifonction : <\/strong> Mixeur Hachoir Broyeur Broyeur \u00e0 glace<\/li>\n<li><strong>Nom : <\/strong> M\u00e9langeur Power Mix<\/li>\n<li><strong>Lame : <\/strong> Lame en acier inoxydable<\/li>\n<\/ul>","protected":false},"excerpt":{"rendered":"<p>service apr\u00e8s-vente assur\u00e9 : Pi\u00e8ces de rechange gratuites Garantie : 1 an Efficacit\u00e9 \u00e9nerg\u00e9tique : Classe A Langue d'utilisation :<\/p>","protected":false},"featured_media":184104,"comment_status":"open","ping_status":"closed","template":"","meta":[],"product_brand":[],"product_cat":[30970,30984],"product_tag":[],"class_list":{"0":"post-184105","1":"product","2":"type-product","3":"status-publish","4":"has-post-thumbnail","6":"product_cat-blender","7":"product_cat-hotel-appliances","9":"first","10":"instock","11":"taxable","12":"shipping-taxable","13":"purchasable","14":"product-type-variable"},"_links":{"self":[{"href":"https:\/\/nexgendecors.com\/fr\/wp-json\/wp\/v2\/product\/184105","targetHints":{"allow":["GET"]}}],"collection":[{"href":"https:\/\/nexgendecors.com\/fr\/wp-json\/wp\/v2\/product"}],"about":[{"href":"https:\/\/nexgendecors.com\/fr\/wp-json\/wp\/v2\/types\/product"}],"replies":[{"embeddable":true,"href":"https:\/\/nexgendecors.com\/fr\/wp-json\/wp\/v2\/comments?post=184105"}],"version-history":[{"count":0,"href":"https:\/\/nexgendecors.com\/fr\/wp-json\/wp\/v2\/product\/184105\/revisions"}],"wp:featuredmedia":[{"embeddable":true,"href":"https:\/\/nexgendecors.com\/fr\/wp-json\/wp\/v2\/media\/184104"}],"wp:attachment":[{"href":"https:\/\/nexgendecors.com\/fr\/wp-json\/wp\/v2\/media?parent=184105"}],"wp:term":[{"taxonomy":"product_brand","embeddable":true,"href":"https:\/\/nexgendecors.com\/fr\/wp-json\/wp\/v2\/product_brand?post=184105"},{"taxonomy":"product_cat","embeddable":true,"href":"https:\/\/nexgendecors.com\/fr\/wp-json\/wp\/v2\/product_cat?post=184105"},{"taxonomy":"product_tag","embeddable":true,"href":"https:\/\/nexgendecors.com\/fr\/wp-json\/wp\/v2\/product_tag?post=184105"}],"curies":[{"name":"wp","href":"https:\/\/api.w.org\/{rel}","templated":true}]}}