{"id":184113,"date":"2025-03-02T05:56:08","date_gmt":"2025-03-02T05:56:08","guid":{"rendered":"https:\/\/nexgendecors.com\/en\/product\/hot-sale-blender-electric-food-processor-3-in-1-commercial-mixer-and-grinder-juicer-blender\/"},"modified":"2025-04-10T12:30:03","modified_gmt":"2025-04-10T12:30:03","slug":"hot-sale-blender-electric-food-processor-3-in-1-commercial-mixer-and-grinder-juicer-blender","status":"publish","type":"product","link":"https:\/\/nexgendecors.com\/fr\/product\/hot-sale-blender-electric-food-processor-3-in-1-commercial-mixer-and-grinder-juicer-blender\/","title":{"rendered":"Hot Sale Blender Electric Food Processor 3 in 1 Commercial Mixer and Grinder Juicer Blender"},"content":{"rendered":"<ul>\n<li><strong>service apr\u00e8s-vente assur\u00e9 : <\/strong> Pi\u00e8ces de rechange gratuites<\/li>\n<li><strong>garantie : <\/strong> 1 an<\/li>\n<li><strong>cote d&#039;efficacit\u00e9 \u00e9nerg\u00e9tique : <\/strong> Classe A<\/li>\n<li><strong>langue de fonctionnement : <\/strong> Anglais<\/li>\n<li><strong>fonctionnalit\u00e9 : <\/strong> Multifonctionnel<\/li>\n<li><strong>application : <\/strong> M\u00e9nage<\/li>\n<li><strong>source d&#039;\u00e9nergie : <\/strong> \u00c9lectrique<\/li>\n<li><strong>contr\u00f4l\u00e9 par l&#039;application : <\/strong> NON<\/li>\n<li><strong>moule priv\u00e9 : <\/strong> NON<\/li>\n<li><strong>taper : <\/strong> Mixeur commercial<\/li>\n<li><strong>type de contr\u00f4les : <\/strong> Bouton poussoir<\/li>\n<li><strong>mat\u00e9riau du conteneur : <\/strong> Plastique<\/li>\n<li><strong>mat\u00e9riau du bo\u00eetier : <\/strong> Acier inoxydable<\/li>\n<li><strong>capacit\u00e9 l : <\/strong> 2.6-3.0<\/li>\n<li><strong>nombre de r\u00e9glages de vitesse : <\/strong> 5 vitesses et plus<\/li>\n<li><strong>puissance w : <\/strong> 1500<\/li>\n<li><strong>num\u00e9ro de mod\u00e8le : <\/strong> 5082 3in1<\/li>\n<li><strong>nom de marque : <\/strong> \u00c9toile de la route<\/li>\n<li><strong>lieu d&#039;origine : <\/strong> Guangdong, Chine<\/li>\n<li><strong>fonction : <\/strong> Vitesse variable<\/li>\n<li><strong>Nom du produit : <\/strong> Mixeur commercial multifonction<\/li>\n<li><strong>Mot-cl\u00e9 : <\/strong> Mixeur \u00e9lectrique Belnder<\/li>\n<li><strong>Application : <\/strong> M\u00e9nage<\/li>\n<li><strong>Fonction : <\/strong> M\u00e9langeur de fruits<\/li>\n<li><strong>Mat\u00e9riel : <\/strong> Plastique + acier inoxydable<\/li>\n<li><strong>Utilisation : <\/strong> Appareil de cuisine, presse-agrumes<\/li>\n<li><strong>Couleur : <\/strong> Couleur personnalis\u00e9e<\/li>\n<li><strong>Multifonction : <\/strong> Mixeur Hachoir Broyeur Broyeur \u00e0 glace<\/li>\n<li><strong>Nom : <\/strong> M\u00e9langeur Power Mix<\/li>\n<li><strong>Lame : <\/strong> Lame en acier inoxydable<\/li>\n<\/ul>","protected":false},"excerpt":{"rendered":"<p>service apr\u00e8s-vente assur\u00e9 : Pi\u00e8ces de rechange gratuites Garantie : 1 an Efficacit\u00e9 \u00e9nerg\u00e9tique : Classe A Langue d'utilisation :<\/p>","protected":false},"featured_media":184112,"comment_status":"open","ping_status":"closed","template":"","meta":[],"product_brand":[],"product_cat":[30970,30984],"product_tag":[],"class_list":{"0":"post-184113","1":"product","2":"type-product","3":"status-publish","4":"has-post-thumbnail","6":"product_cat-blender","7":"product_cat-hotel-appliances","9":"first","10":"instock","11":"taxable","12":"shipping-taxable","13":"purchasable","14":"product-type-variable"},"_links":{"self":[{"href":"https:\/\/nexgendecors.com\/fr\/wp-json\/wp\/v2\/product\/184113","targetHints":{"allow":["GET"]}}],"collection":[{"href":"https:\/\/nexgendecors.com\/fr\/wp-json\/wp\/v2\/product"}],"about":[{"href":"https:\/\/nexgendecors.com\/fr\/wp-json\/wp\/v2\/types\/product"}],"replies":[{"embeddable":true,"href":"https:\/\/nexgendecors.com\/fr\/wp-json\/wp\/v2\/comments?post=184113"}],"version-history":[{"count":0,"href":"https:\/\/nexgendecors.com\/fr\/wp-json\/wp\/v2\/product\/184113\/revisions"}],"wp:featuredmedia":[{"embeddable":true,"href":"https:\/\/nexgendecors.com\/fr\/wp-json\/wp\/v2\/media\/184112"}],"wp:attachment":[{"href":"https:\/\/nexgendecors.com\/fr\/wp-json\/wp\/v2\/media?parent=184113"}],"wp:term":[{"taxonomy":"product_brand","embeddable":true,"href":"https:\/\/nexgendecors.com\/fr\/wp-json\/wp\/v2\/product_brand?post=184113"},{"taxonomy":"product_cat","embeddable":true,"href":"https:\/\/nexgendecors.com\/fr\/wp-json\/wp\/v2\/product_cat?post=184113"},{"taxonomy":"product_tag","embeddable":true,"href":"https:\/\/nexgendecors.com\/fr\/wp-json\/wp\/v2\/product_tag?post=184113"}],"curies":[{"name":"wp","href":"https:\/\/api.w.org\/{rel}","templated":true}]}}