{"id":18695,"date":"2025-01-13T14:23:47","date_gmt":"2025-01-13T14:23:47","guid":{"rendered":"https:\/\/nexgendecors.com\/product\/langzi-all-copper-floor-standing-faucet-independent-bathtub-shower-pre-buried-tub-side-hot-and-cold-water-faucet\/"},"modified":"2025-03-08T07:07:25","modified_gmt":"2025-03-08T07:07:25","slug":"langzi-all-copper-floor-standing-faucet-independent-bathtub-shower-pre-buried-tub-side-hot-and-cold-water-faucet","status":"publish","type":"product","link":"https:\/\/nexgendecors.com\/fr\/product\/langzi-all-copper-floor-standing-faucet-independent-bathtub-shower-pre-buried-tub-side-hot-and-cold-water-faucet\/","title":{"rendered":"Robinet de baignoire et douche sur pied tout en cuivre Langzi"},"content":{"rendered":"<ul>\n<li>\n<strong>marque<\/strong>:Langzi (home decoration main materials)<\/li>\n<li>\n<strong>mod\u00e8le<\/strong>:E71-21<\/li>\n<li>\n<strong>Mat\u00e9riel<\/strong>:cuivre<\/li>\n<li>\n<strong>Origine<\/strong>:Chine continentale<\/li>\n<li>\n<strong>province<\/strong>:Province du Guangdong<\/li>\n<li>\n<strong>Installation<\/strong>:Seat<\/li>\n<li>\n<strong>trier par couleur<\/strong>:E71-21 SilverE71-21 BlackE71-21 Gun Gray<\/li>\n<li>\n<strong>Hot and cold water control type<\/strong>:Single handle dual control<\/li>\n<li>\n<strong>Shower bracket type<\/strong>:Fixed support<\/li>\n<li>\n<strong>Shower faucet type<\/strong>:Single shower faucet<\/li>\n<\/ul>\n<p><img><\/p>","protected":false},"excerpt":{"rendered":"<p>Marque : Langzi (principaux mat\u00e9riaux de d\u00e9coration int\u00e9rieure) Mod\u00e8le : E71-21 Mat\u00e9riau : cuivre Origine : Chine continentale Province : Province du Guangdong Installation : Si\u00e8ge Trier par couleur : E71-21 Argent E71-21 Noir E71-21 Gris pistolet Chaud<\/p>","protected":false},"featured_media":19359,"comment_status":"open","ping_status":"closed","template":"","meta":[],"product_brand":[],"product_cat":[30971,869,870],"product_tag":[],"class_list":{"0":"post-18695","1":"product","2":"type-product","3":"status-publish","4":"has-post-thumbnail","6":"product_cat-hp","7":"product_cat-wholesale-bathtub","8":"product_cat-wholesale-faucet","10":"first","11":"instock","12":"taxable","13":"shipping-taxable","14":"purchasable","15":"product-type-variable"},"_links":{"self":[{"href":"https:\/\/nexgendecors.com\/fr\/wp-json\/wp\/v2\/product\/18695","targetHints":{"allow":["GET"]}}],"collection":[{"href":"https:\/\/nexgendecors.com\/fr\/wp-json\/wp\/v2\/product"}],"about":[{"href":"https:\/\/nexgendecors.com\/fr\/wp-json\/wp\/v2\/types\/product"}],"replies":[{"embeddable":true,"href":"https:\/\/nexgendecors.com\/fr\/wp-json\/wp\/v2\/comments?post=18695"}],"version-history":[{"count":0,"href":"https:\/\/nexgendecors.com\/fr\/wp-json\/wp\/v2\/product\/18695\/revisions"}],"wp:featuredmedia":[{"embeddable":true,"href":"https:\/\/nexgendecors.com\/fr\/wp-json\/wp\/v2\/media\/19359"}],"wp:attachment":[{"href":"https:\/\/nexgendecors.com\/fr\/wp-json\/wp\/v2\/media?parent=18695"}],"wp:term":[{"taxonomy":"product_brand","embeddable":true,"href":"https:\/\/nexgendecors.com\/fr\/wp-json\/wp\/v2\/product_brand?post=18695"},{"taxonomy":"product_cat","embeddable":true,"href":"https:\/\/nexgendecors.com\/fr\/wp-json\/wp\/v2\/product_cat?post=18695"},{"taxonomy":"product_tag","embeddable":true,"href":"https:\/\/nexgendecors.com\/fr\/wp-json\/wp\/v2\/product_tag?post=18695"}],"curies":[{"name":"wp","href":"https:\/\/api.w.org\/{rel}","templated":true}]}}