{"id":18742,"date":"2025-01-13T14:23:50","date_gmt":"2025-01-13T14:23:50","guid":{"rendered":"https:\/\/nexgendecors.com\/product\/acrylic-large-round-bathtub-hotel-homestay-adult-double-couple-massage-surfing-constant-temperature-independent-bath-1\/"},"modified":"2025-04-06T07:41:58","modified_gmt":"2025-04-06T07:41:58","slug":"acrylic-large-round-bathtub-hotel-homestay-adult-double-couple-massage-surfing-constant-temperature-independent-bath-1","status":"publish","type":"product","link":"https:\/\/nexgendecors.com\/fr\/product\/acrylic-large-round-bathtub-hotel-homestay-adult-double-couple-massage-surfing-constant-temperature-independent-bath-1\/","title":{"rendered":"Baignoire de massage double en acrylique de luxe pour couple"},"content":{"rendered":"<ul>\n<li>\n<strong>marque<\/strong>:Quiet<\/li>\n<li>\n<strong>mod\u00e8le<\/strong>:Y00896<\/li>\n<li>\n<strong>Mat\u00e9riel<\/strong>:Acrylique<\/li>\n<li>\n<strong>Origine<\/strong>:Chine continentale<\/li>\n<li>\n<strong>province<\/strong>:Anhui Province<\/li>\n<li>\n<strong>ville<\/strong>:Xuancheng City<\/li>\n<li>\n<strong>trier par couleur<\/strong>:Empty tank, five-piece set, standard surfing, constant temperature surfing, embedded empty tank, embedded five-piece set, embedded standard surfing, embedded constant temperature surfing<\/li>\n<li>\n<strong>Service en ville<\/strong>:Livraison porte-\u00e0-porte logistique intra-urbaine<\/li>\n<li>\n<strong>Est-ce qu&#039;il contient un robinet ?<\/strong>:Non inclus<\/li>\n<li>\n<strong>Y a-t-il des mains courantes ?<\/strong>:Non<\/li>\n<li>\n<strong>forme<\/strong>:D\u00e9tach\u00e9<\/li>\n<li>\n<strong>longueur<\/strong>:1.2m,1.3m,1.4m,1.5m,1.6m<\/li>\n<\/ul>\n<p><img><\/p>","protected":false},"excerpt":{"rendered":"<p>Marque : Quiet Mod\u00e8le : Y00896 Mat\u00e9riau : Acrylique Origine : Chine continentale Province : Province d&#039;Anhui Ville : Ville de Xuancheng Trier par couleur : R\u00e9servoir vide, ensemble cinq pi\u00e8ces, surf standard, surf \u00e0 temp\u00e9rature constante,<\/p>","protected":false},"featured_media":19595,"comment_status":"open","ping_status":"closed","template":"","meta":[],"product_brand":[],"product_cat":[30971,869],"product_tag":[],"class_list":{"0":"post-18742","1":"product","2":"type-product","3":"status-publish","4":"has-post-thumbnail","6":"product_cat-hp","7":"product_cat-wholesale-bathtub","9":"first","10":"instock","11":"taxable","12":"shipping-taxable","13":"purchasable","14":"product-type-variable"},"_links":{"self":[{"href":"https:\/\/nexgendecors.com\/fr\/wp-json\/wp\/v2\/product\/18742","targetHints":{"allow":["GET"]}}],"collection":[{"href":"https:\/\/nexgendecors.com\/fr\/wp-json\/wp\/v2\/product"}],"about":[{"href":"https:\/\/nexgendecors.com\/fr\/wp-json\/wp\/v2\/types\/product"}],"replies":[{"embeddable":true,"href":"https:\/\/nexgendecors.com\/fr\/wp-json\/wp\/v2\/comments?post=18742"}],"version-history":[{"count":0,"href":"https:\/\/nexgendecors.com\/fr\/wp-json\/wp\/v2\/product\/18742\/revisions"}],"wp:featuredmedia":[{"embeddable":true,"href":"https:\/\/nexgendecors.com\/fr\/wp-json\/wp\/v2\/media\/19595"}],"wp:attachment":[{"href":"https:\/\/nexgendecors.com\/fr\/wp-json\/wp\/v2\/media?parent=18742"}],"wp:term":[{"taxonomy":"product_brand","embeddable":true,"href":"https:\/\/nexgendecors.com\/fr\/wp-json\/wp\/v2\/product_brand?post=18742"},{"taxonomy":"product_cat","embeddable":true,"href":"https:\/\/nexgendecors.com\/fr\/wp-json\/wp\/v2\/product_cat?post=18742"},{"taxonomy":"product_tag","embeddable":true,"href":"https:\/\/nexgendecors.com\/fr\/wp-json\/wp\/v2\/product_tag?post=18742"}],"curies":[{"name":"wp","href":"https:\/\/api.w.org\/{rel}","templated":true}]}}