{"id":18783,"date":"2025-01-13T14:23:51","date_gmt":"2025-01-13T14:23:51","guid":{"rendered":"https:\/\/nexgendecors.com\/product\/acrylic-b-b-hotel-internet-celebrity-adult-concubine-art-bathtub-independent-seamless-integrated-home-bath-tub\/"},"modified":"2025-04-06T07:42:03","modified_gmt":"2025-04-06T07:42:03","slug":"acrylic-b-b-hotel-internet-celebrity-adult-concubine-art-bathtub-independent-seamless-integrated-home-bath-tub","status":"publish","type":"product","link":"https:\/\/nexgendecors.com\/fr\/product\/acrylic-b-b-hotel-internet-celebrity-adult-concubine-art-bathtub-independent-seamless-integrated-home-bath-tub\/","title":{"rendered":"Baignoire en acrylique sans jointure\u00a0: sublimez le style de votre spa \u00e0 domicile"},"content":{"rendered":"<ul>\n<li>\n<strong>marque<\/strong>:Quiet<\/li>\n<li>\n<strong>mod\u00e8le<\/strong>:JY9008<\/li>\n<li>\n<strong>Mat\u00e9riel<\/strong>:Acrylique<\/li>\n<li>\n<strong>Origine<\/strong>:Chine continentale<\/li>\n<li>\n<strong>province<\/strong>:Anhui Province<\/li>\n<li>\n<strong>trier par couleur<\/strong>:White empty tank, white empty tank + floor-standing faucet, white empty tank + wall-mounted faucet, half-color empty tank, half-color empty tank + floor-standing faucet, half-color empty tank + wall-mounted faucet, full-color empty tank, full-color empty tank + floor-standing faucet, full-color empty tank + wall-mounted faucet<\/li>\n<li>\n<strong>Service en ville<\/strong>:Livraison porte-\u00e0-porte logistique intra-urbaine<\/li>\n<li>\n<strong>Est-ce qu&#039;il contient un robinet ?<\/strong>:Non inclus<\/li>\n<li>\n<strong>Y a-t-il des mains courantes ?<\/strong>:Non<\/li>\n<li>\n<strong>forme<\/strong>:D\u00e9tach\u00e9<\/li>\n<li>\n<strong>longueur<\/strong>:1.3m,1.4m,1.5m,1.6m,1.7m<\/li>\n<li>\n<strong><\/strong>:<\/li>\n<\/ul>\n<p><img><\/p>","protected":false},"excerpt":{"rendered":"<p>Marque : Quiet Mod\u00e8le : JY9008 Mat\u00e9riau : Acrylique Origine : Chine continentale Province : Province d&#039;Anhui Trier par couleur : R\u00e9servoir vide blanc, r\u00e9servoir vide blanc + robinet sur pied, blanc vide<\/p>","protected":false},"featured_media":19598,"comment_status":"open","ping_status":"closed","template":"","meta":[],"product_brand":[],"product_cat":[30971,869],"product_tag":[],"class_list":{"0":"post-18783","1":"product","2":"type-product","3":"status-publish","4":"has-post-thumbnail","6":"product_cat-hp","7":"product_cat-wholesale-bathtub","9":"first","10":"instock","11":"taxable","12":"shipping-taxable","13":"purchasable","14":"product-type-variable"},"_links":{"self":[{"href":"https:\/\/nexgendecors.com\/fr\/wp-json\/wp\/v2\/product\/18783","targetHints":{"allow":["GET"]}}],"collection":[{"href":"https:\/\/nexgendecors.com\/fr\/wp-json\/wp\/v2\/product"}],"about":[{"href":"https:\/\/nexgendecors.com\/fr\/wp-json\/wp\/v2\/types\/product"}],"replies":[{"embeddable":true,"href":"https:\/\/nexgendecors.com\/fr\/wp-json\/wp\/v2\/comments?post=18783"}],"version-history":[{"count":0,"href":"https:\/\/nexgendecors.com\/fr\/wp-json\/wp\/v2\/product\/18783\/revisions"}],"wp:featuredmedia":[{"embeddable":true,"href":"https:\/\/nexgendecors.com\/fr\/wp-json\/wp\/v2\/media\/19598"}],"wp:attachment":[{"href":"https:\/\/nexgendecors.com\/fr\/wp-json\/wp\/v2\/media?parent=18783"}],"wp:term":[{"taxonomy":"product_brand","embeddable":true,"href":"https:\/\/nexgendecors.com\/fr\/wp-json\/wp\/v2\/product_brand?post=18783"},{"taxonomy":"product_cat","embeddable":true,"href":"https:\/\/nexgendecors.com\/fr\/wp-json\/wp\/v2\/product_cat?post=18783"},{"taxonomy":"product_tag","embeddable":true,"href":"https:\/\/nexgendecors.com\/fr\/wp-json\/wp\/v2\/product_tag?post=18783"}],"curies":[{"name":"wp","href":"https:\/\/api.w.org\/{rel}","templated":true}]}}