{"id":192312,"date":"2025-04-06T14:19:58","date_gmt":"2025-04-06T14:19:58","guid":{"rendered":"https:\/\/nexgendecors.com\/product\/lumabella63015-floor-washing-machine-wet-and-dry-household-high-power-powerful-carpet-washing-machine-6-meters-wired-floor-cleaning\/"},"modified":"2025-04-06T14:21:41","modified_gmt":"2025-04-06T14:21:41","slug":"lumabella63015-floor-washing-machine-wet-and-dry-household-high-power-powerful-carpet-washing-machine-6-meters-wired-floor-cleaning","status":"publish","type":"product","link":"https:\/\/nexgendecors.com\/fr\/product\/lumabella63015-floor-washing-machine-wet-and-dry-household-high-power-powerful-carpet-washing-machine-6-meters-wired-floor-cleaning\/","title":{"rendered":"Lumabella63015 Machine \u00e0 laver les sols humides et secs Machine \u00e0 laver les tapis haute puissance pour la maison 6 m\u00e8tres de nettoyage des sols filaire"},"content":{"rendered":"<p><b>marque<\/b>: SOKANY<\/p>\n<p><b>Power cord length<\/b>: About 6 meters<\/p>\n<p><b>Tension nominale<\/b>: 111V~240V inclus<\/p>\n<p><b>Puissance nominale<\/b>: 3600W<\/p>\n<p><b>Vacuum cleaner function<\/b>: Wet and dry use<\/p>\n<p><b>Dust storage type<\/b>: Dust box\/dust bucket<\/p>\n<p><b>Vacuum cleaner style<\/b>: Portable<\/p>\n<p><b>Special nozzle type<\/b>: autre<\/p>\n<p><b>couleur<\/b>: green<\/p>\n<p><b>Principales plateformes aval<\/b>: ebay, Amazon, wish, AliExpress, independent station, LAZADA<\/p>\n<p><b>Avoir une marque priv\u00e9e sous licence<\/b>: Oui<\/p>\n<p><b>Qu&#039;il s&#039;agisse d&#039;une source d\u00e9di\u00e9e de marchandises destin\u00e9es \u00e0 l&#039;exportation transfrontali\u00e8re<\/b>: Oui<\/p>\n<p><b>suction<\/b>: 15.1-20KPA<\/p>\n<p><b>Vacuum degree<\/b>: 3100Pa-4000Pa<\/p>\n<p><b>Is it a patented source?<\/b>: Non<\/p>\n<p><b>Battery life<\/b>: 3-6hinclusive<\/p>\n<p><b>Design Patent<\/b>: aucun<\/p>\n<p><b>Principaux domaines de vente<\/b>: South America, North America, Middle East, Domestic e-commerce<\/p>\n<p><b>Is it 3C certified?<\/b>: Oui<\/p>\n<p><b>style<\/b>: Creative style<\/p>\n<p><b>Power supply mode<\/b>: Dry cell batteries<\/p>\n<p><b>Fonctionnalit\u00e9s suppl\u00e9mentaires<\/b>: Water absorption, dust removal<\/p>\n<p><b>Built-in battery capacity<\/b>: 500MAh and below<\/p>\n<p><b>Is there a built-in battery?<\/b>: Internal battery<\/p>\n<p><b>noise<\/b>: 46-70db<\/p>","protected":false},"excerpt":{"rendered":"<p>Marque : SOKANY Longueur du cordon d&#039;alimentation : environ 6 m\u00e8tres Tension nominale : 111 V ~ 240 V inclus Puissance nominale : 3 600 W Fonction aspirateur : humide et<\/p>","protected":false},"featured_media":192311,"comment_status":"open","ping_status":"closed","template":"","meta":[],"product_brand":[],"product_cat":[30929,30945],"product_tag":[],"class_list":{"0":"post-192312","1":"product","2":"type-product","3":"status-publish","4":"has-post-thumbnail","6":"product_cat-housekeeping","7":"product_cat-steam-cleaners","9":"first","10":"instock","11":"taxable","12":"shipping-taxable","13":"purchasable","14":"product-type-variable"},"_links":{"self":[{"href":"https:\/\/nexgendecors.com\/fr\/wp-json\/wp\/v2\/product\/192312","targetHints":{"allow":["GET"]}}],"collection":[{"href":"https:\/\/nexgendecors.com\/fr\/wp-json\/wp\/v2\/product"}],"about":[{"href":"https:\/\/nexgendecors.com\/fr\/wp-json\/wp\/v2\/types\/product"}],"replies":[{"embeddable":true,"href":"https:\/\/nexgendecors.com\/fr\/wp-json\/wp\/v2\/comments?post=192312"}],"version-history":[{"count":0,"href":"https:\/\/nexgendecors.com\/fr\/wp-json\/wp\/v2\/product\/192312\/revisions"}],"wp:featuredmedia":[{"embeddable":true,"href":"https:\/\/nexgendecors.com\/fr\/wp-json\/wp\/v2\/media\/192311"}],"wp:attachment":[{"href":"https:\/\/nexgendecors.com\/fr\/wp-json\/wp\/v2\/media?parent=192312"}],"wp:term":[{"taxonomy":"product_brand","embeddable":true,"href":"https:\/\/nexgendecors.com\/fr\/wp-json\/wp\/v2\/product_brand?post=192312"},{"taxonomy":"product_cat","embeddable":true,"href":"https:\/\/nexgendecors.com\/fr\/wp-json\/wp\/v2\/product_cat?post=192312"},{"taxonomy":"product_tag","embeddable":true,"href":"https:\/\/nexgendecors.com\/fr\/wp-json\/wp\/v2\/product_tag?post=192312"}],"curies":[{"name":"wp","href":"https:\/\/api.w.org\/{rel}","templated":true}]}}