{"id":19555,"date":"2025-01-13T14:40:53","date_gmt":"2025-01-13T14:40:53","guid":{"rendered":"https:\/\/nexgendecors.com\/product\/dexiton-6065-skylight-ceiling-concealed-shower-set-constant-temperature-home-piano-key-waterfall-shower\/"},"modified":"2025-04-06T07:42:28","modified_gmt":"2025-04-06T07:42:28","slug":"dexiton-6065-skylight-ceiling-concealed-shower-set-constant-temperature-home-piano-key-waterfall-shower","status":"publish","type":"product","link":"https:\/\/nexgendecors.com\/fr\/product\/dexiton-6065-skylight-ceiling-concealed-shower-set-constant-temperature-home-piano-key-waterfall-shower\/","title":{"rendered":"Ensemble de douche encastr\u00e9 Dexiton 6065 \u2013 Cascade Piano Key"},"content":{"rendered":"<ul>\n<li>\n<strong>marque<\/strong>:De Hedon<\/li>\n<li>\n<strong>mod\u00e8le<\/strong>:D-DXDON6065<\/li>\n<li>\n<strong>Mat\u00e9riel<\/strong>:cuivre<\/li>\n<li>\n<strong>forme<\/strong>:Carr\u00e9<\/li>\n<li>\n<strong>Origine<\/strong>:Chine continentale<\/li>\n<li>\n<strong>Installation<\/strong>:In-wall<\/li>\n<li>\n<strong>trier par couleur<\/strong>:6065A constant temperature &#8211; white flying rain (fine copper casting + hot melt integration) 6065A constant temperature &#8211; gun gray flying rain (fine copper casting + hot melt integration) 6065A constant temperature &#8211; black flying rain (fine copper casting + hot melt integration) 6065A constant temperature &#8211; chrome flying rain (fine copper casting + hot melt integration) 6066A constant temperature &#8211; white sky curtain (fine copper casting + hot melt integration) 6066A constant temperature &#8211; gun gray sky curtain (fine copper casting + hot melt integration) 6066A constant temperature &#8211; black sky curtain (fine copper casting + hot melt integration) 6065B constant temperature &#8211; white flying rain (lifting storage table) 6065B constant temperature &#8211; gun gray flying rain (lifting storage table) 6065B constant temperature &#8211; black flying rain (lifting storage table) 6065B thermostat &#8211; chrome rainfly (lifting storage platform) 6066B thermostat &#8211; white canopy (lifting storage platform) 6066B thermostat &#8211; gun gray canopy (lifting storage platform) 6066B thermostat &#8211; black canopy (lifting storage platform) 6066B thermostat &#8211; chrome canopy (lifting storage platform) 6065A hot and cold &#8211; color notes &#8211; not picky water heater 6065B hot and cold &#8211; color notes &#8211; not picky water heater 6066A hot and cold &#8211; color notes &#8211; not picky water heater 6066B hot and cold &#8211; color notes &#8211; not picky water heater<\/li>\n<li>\n<strong>Service en ville<\/strong>:Livraison porte-\u00e0-porte logistique intra-urbaine<\/li>\n<li>\n<strong>Hot and cold water control type<\/strong>:Constant temperature control<\/li>\n<li>\n<strong>Shower bracket type<\/strong>:With lifting<\/li>\n<li>\n<strong>Shower faucet type<\/strong>:Double shower faucet<\/li>\n<li>\n<strong><\/strong>:<\/li>\n<\/ul>\n<p><img><\/p>","protected":false},"excerpt":{"rendered":"<p>Marque : De Hedon Mod\u00e8le : D-DXDON6065 Mat\u00e9riau : cuivre Forme : carr\u00e9 Origine : Chine continentale Installation : encastr\u00e9e Trier par couleur : 6065A temp\u00e9rature constante \u2013 pluie volante blanche (fonte de cuivre fin)<\/p>","protected":false},"featured_media":20507,"comment_status":"open","ping_status":"closed","template":"","meta":[],"product_brand":[],"product_cat":[30971,870],"product_tag":[],"class_list":{"0":"post-19555","1":"product","2":"type-product","3":"status-publish","4":"has-post-thumbnail","6":"product_cat-hp","7":"product_cat-wholesale-faucet","9":"first","10":"instock","11":"taxable","12":"shipping-taxable","13":"purchasable","14":"product-type-variable"},"_links":{"self":[{"href":"https:\/\/nexgendecors.com\/fr\/wp-json\/wp\/v2\/product\/19555","targetHints":{"allow":["GET"]}}],"collection":[{"href":"https:\/\/nexgendecors.com\/fr\/wp-json\/wp\/v2\/product"}],"about":[{"href":"https:\/\/nexgendecors.com\/fr\/wp-json\/wp\/v2\/types\/product"}],"replies":[{"embeddable":true,"href":"https:\/\/nexgendecors.com\/fr\/wp-json\/wp\/v2\/comments?post=19555"}],"version-history":[{"count":0,"href":"https:\/\/nexgendecors.com\/fr\/wp-json\/wp\/v2\/product\/19555\/revisions"}],"wp:featuredmedia":[{"embeddable":true,"href":"https:\/\/nexgendecors.com\/fr\/wp-json\/wp\/v2\/media\/20507"}],"wp:attachment":[{"href":"https:\/\/nexgendecors.com\/fr\/wp-json\/wp\/v2\/media?parent=19555"}],"wp:term":[{"taxonomy":"product_brand","embeddable":true,"href":"https:\/\/nexgendecors.com\/fr\/wp-json\/wp\/v2\/product_brand?post=19555"},{"taxonomy":"product_cat","embeddable":true,"href":"https:\/\/nexgendecors.com\/fr\/wp-json\/wp\/v2\/product_cat?post=19555"},{"taxonomy":"product_tag","embeddable":true,"href":"https:\/\/nexgendecors.com\/fr\/wp-json\/wp\/v2\/product_tag?post=19555"}],"curies":[{"name":"wp","href":"https:\/\/api.w.org\/{rel}","templated":true}]}}