{"id":19889,"date":"2025-01-13T14:50:20","date_gmt":"2025-01-13T14:50:20","guid":{"rendered":"https:\/\/nexgendecors.com\/product\/white-rainfall-sink-with-knife-holder-japanese-style-large-single-slot-nano-sink-under-counter-vegetable-basin-kitchen-home\/"},"modified":"2025-04-06T07:42:36","modified_gmt":"2025-04-06T07:42:36","slug":"evier-a-pluie-blanc-avec-porte-couteaux-style-japonais-grand-evier-nano-a-fente-unique-sous-le-comptoir-bassin-a-legumes-cuisine-maison","status":"publish","type":"product","link":"https:\/\/nexgendecors.com\/fr\/product\/evier-a-pluie-blanc-avec-porte-couteaux-style-japonais-grand-evier-nano-a-fente-unique-sous-le-comptoir-bassin-a-legumes-cuisine-maison\/","title":{"rendered":"\u00c9vier japonais blanc Nano avec porte-couteaux \u2013 Grand bassin"},"content":{"rendered":"<ul>\n<li>\n<strong>taille<\/strong>:75x46x22mm<\/li>\n<li>\n<strong>marque<\/strong>:Bichen (mat\u00e9riaux de d\u00e9coration int\u00e9rieure)<\/li>\n<li>\n<strong>mod\u00e8le<\/strong>:Porte-couteaux blanc mat<\/li>\n<li>\n<strong>Origine<\/strong>:Chine continentale<\/li>\n<li>\n<strong>province<\/strong>:Province du Guangdong<\/li>\n<li>\n<strong>ville<\/strong>:Jiangmen<\/li>\n<li>\n<strong>forme<\/strong>:Robinet cascade<\/li>\n<li>\n<strong>Nombre d&#039;emplacements<\/strong>:1<\/li>\n<li>\n<strong>Mat\u00e9riel<\/strong>:Acier inoxydable<\/li>\n<li>\n<strong>Installation<\/strong>:Sur sc\u00e8ne\/Taichung\/Hors sc\u00e8ne<\/li>\n<li>\n<strong>Emballage inclus<\/strong>:Avec porte-couteau, distributeur de savon, lave-gobelet, panier de vidange, robinet et autres accessoires<\/li>\n<li>\n<strong>Service en ville<\/strong>:Livraison porte-\u00e0-porte logistique intra-urbaine<\/li>\n<li>\n<strong>trier par couleur<\/strong>:Porte-couteaux blanc mat version de base A 68*46 Porte-couteaux blanc mat version de base B 68*46 Porte-couteaux blanc mat version de base C 68*46 Porte-couteaux blanc mat version exclusive A 68*46 Porte-couteaux blanc mat version exclusive B 68*46 Porte-couteaux blanc mat version luxe A 68*46 Porte-couteaux blanc mat version luxe B 68*46 Porte-couteaux blanc mat version luxe C 68*46 Porte-couteaux blanc mat version luxe D 68*46 Porte-couteaux blanc mat version luxe E 68*46 Porte-couteaux blanc mat version de base A 75*46 Porte-couteaux blanc mat version de base B 75*46 Porte-couteaux blanc mat version de base C 75*46 Porte-couteaux blanc mat version exclusive A 75*46 Porte-couteaux blanc mat version exclusive B 75*46 Porte-couteaux blanc mat version luxe A 75*46 Porte-couteaux blanc mat version luxe B 75*46 Porte-couteaux blanc mat version luxe C 75*46 Porte-couteaux blanc mat version luxe D 75*46 Porte-couteaux blanc mat Supreme version A 75*46 Porte-couteaux blanc mat Supreme version B 75*46 Porte-couteaux blanc mat Supreme version C 75*46 Porte-couteaux blanc mat Supreme version A 80*46 Porte-couteaux blanc mat Supreme version B 80*46 Porte-couteaux blanc mat Supreme version C 80*46<\/li>\n<li>\n<strong><\/strong>:<\/li>\n<\/ul>\n<p><img><\/p>","protected":false},"excerpt":{"rendered":"<p>Taille : 75 x 46 x 22 mm Marque : Bichen (mat\u00e9riaux de d\u00e9coration int\u00e9rieure) Mod\u00e8le : Porte-couteaux blanc mat Origine : Chine continentale Province : Province du Guangdong Ville : Jiangmen Forme : Robinet cascade Nombre de fentes : 1 Mat\u00e9riau : Inox<\/p>","protected":false},"featured_media":20598,"comment_status":"open","ping_status":"closed","template":"","meta":[],"product_brand":[],"product_cat":[30971,873],"product_tag":[],"class_list":{"0":"post-19889","1":"product","2":"type-product","3":"status-publish","4":"has-post-thumbnail","6":"product_cat-hp","7":"product_cat-wholesale-kitchen-sink","9":"first","10":"instock","11":"taxable","12":"shipping-taxable","13":"purchasable","14":"product-type-variable"},"_links":{"self":[{"href":"https:\/\/nexgendecors.com\/fr\/wp-json\/wp\/v2\/product\/19889","targetHints":{"allow":["GET"]}}],"collection":[{"href":"https:\/\/nexgendecors.com\/fr\/wp-json\/wp\/v2\/product"}],"about":[{"href":"https:\/\/nexgendecors.com\/fr\/wp-json\/wp\/v2\/types\/product"}],"replies":[{"embeddable":true,"href":"https:\/\/nexgendecors.com\/fr\/wp-json\/wp\/v2\/comments?post=19889"}],"version-history":[{"count":0,"href":"https:\/\/nexgendecors.com\/fr\/wp-json\/wp\/v2\/product\/19889\/revisions"}],"wp:featuredmedia":[{"embeddable":true,"href":"https:\/\/nexgendecors.com\/fr\/wp-json\/wp\/v2\/media\/20598"}],"wp:attachment":[{"href":"https:\/\/nexgendecors.com\/fr\/wp-json\/wp\/v2\/media?parent=19889"}],"wp:term":[{"taxonomy":"product_brand","embeddable":true,"href":"https:\/\/nexgendecors.com\/fr\/wp-json\/wp\/v2\/product_brand?post=19889"},{"taxonomy":"product_cat","embeddable":true,"href":"https:\/\/nexgendecors.com\/fr\/wp-json\/wp\/v2\/product_cat?post=19889"},{"taxonomy":"product_tag","embeddable":true,"href":"https:\/\/nexgendecors.com\/fr\/wp-json\/wp\/v2\/product_tag?post=19889"}],"curies":[{"name":"wp","href":"https:\/\/api.w.org\/{rel}","templated":true}]}}