{"id":19915,"date":"2025-01-13T14:50:21","date_gmt":"2025-01-13T14:50:21","guid":{"rendered":"https:\/\/nexgendecors.com\/product\/japanese-style-white-flying-rain-waterfall-sink-large-single-trough-undercounter-basin-304-stainless-steel-vegetable-sink-kitchen-household-pool\/"},"modified":"2025-04-06T07:42:41","modified_gmt":"2025-04-06T07:42:41","slug":"evier-cascade-de-style-japonais-blanc-a-pluie-volante-grand-bac-simple-sous-plan-evier-a-legumes-en-acier-inoxydable-304-cuisine-menage-piscine","status":"publish","type":"product","link":"https:\/\/nexgendecors.com\/fr\/product\/evier-cascade-de-style-japonais-blanc-a-pluie-volante-grand-bac-simple-sous-plan-evier-a-legumes-en-acier-inoxydable-304-cuisine-menage-piscine\/","title":{"rendered":"\u00c9vier \u00e0 l\u00e9gumes japonais sous plan en acier inoxydable 304"},"content":{"rendered":"<ul>\n<li>\n<strong>marque<\/strong>:Bichen (mat\u00e9riaux de d\u00e9coration int\u00e9rieure)<\/li>\n<li>\n<strong>mod\u00e8le<\/strong>:\u00c9vier cascade blanc \u00e0 six fonctions avec double toit<\/li>\n<li>\n<strong>Mat\u00e9riel<\/strong>:Acier inoxydable<\/li>\n<li>\n<strong>Origine<\/strong>:Chine continentale<\/li>\n<li>\n<strong>province<\/strong>:Province du Guangdong<\/li>\n<li>\n<strong>ville<\/strong>:Jiangmen<\/li>\n<li>\n<strong>trier par couleur<\/strong>:\u00c9vier cascade blanc 6846BT package standard A \u00c9vier cascade blanc 6846BT package de base B \u00c9vier cascade blanc 6846BT package exclusif C \u00c9vier cascade blanc 6846BT package luxe D \u00c9vier cascade blanc 6846BT package supr\u00eame E \u00c9vier cascade blanc 6846BT package noble F \u00c9vier cascade blanc 7546BT package standard A \u00c9vier cascade blanc 7546BT package de base B \u00c9vier cascade blanc 7546BT package exclusif C \u00c9vier cascade blanc 7546BT package luxe D \u00c9vier cascade blanc 7546BT package supr\u00eame E \u00c9vier cascade blanc 7546BT package noble F \u00c9vier cascade blanc 7546BT package king G<\/li>\n<li>\n<strong>Service en ville<\/strong>:Livraison porte-\u00e0-porte logistique intra-urbaine<\/li>\n<li>\n<strong>Emballage inclus<\/strong>:Avec d&#039;autres accessoires Avec panier de vidange Avec distributeur de savon Avec robinet<\/li>\n<li>\n<strong>Nombre d&#039;emplacements<\/strong>:1<\/li>\n<li>\n<strong>taille<\/strong>:750x460x220mm<\/li>\n<li>\n<strong><\/strong>:<\/li>\n<\/ul>\n<p><img><\/p>","protected":false},"excerpt":{"rendered":"<p>Marque : Bichen (mat\u00e9riaux de d\u00e9coration int\u00e9rieure) Mod\u00e8le : \u00c9vier cascade \u00e0 six fonctions blanc Mat\u00e9riau : Acier inoxydable Origine : Chine continentale Province : Province du Guangdong Ville : Jiangmen Trier par couleur : Cascade blanche<\/p>","protected":false},"featured_media":20618,"comment_status":"open","ping_status":"closed","template":"","meta":[],"product_brand":[],"product_cat":[30971,873],"product_tag":[],"class_list":{"0":"post-19915","1":"product","2":"type-product","3":"status-publish","4":"has-post-thumbnail","6":"product_cat-hp","7":"product_cat-wholesale-kitchen-sink","9":"first","10":"instock","11":"taxable","12":"shipping-taxable","13":"purchasable","14":"product-type-variable"},"_links":{"self":[{"href":"https:\/\/nexgendecors.com\/fr\/wp-json\/wp\/v2\/product\/19915","targetHints":{"allow":["GET"]}}],"collection":[{"href":"https:\/\/nexgendecors.com\/fr\/wp-json\/wp\/v2\/product"}],"about":[{"href":"https:\/\/nexgendecors.com\/fr\/wp-json\/wp\/v2\/types\/product"}],"replies":[{"embeddable":true,"href":"https:\/\/nexgendecors.com\/fr\/wp-json\/wp\/v2\/comments?post=19915"}],"version-history":[{"count":0,"href":"https:\/\/nexgendecors.com\/fr\/wp-json\/wp\/v2\/product\/19915\/revisions"}],"wp:featuredmedia":[{"embeddable":true,"href":"https:\/\/nexgendecors.com\/fr\/wp-json\/wp\/v2\/media\/20618"}],"wp:attachment":[{"href":"https:\/\/nexgendecors.com\/fr\/wp-json\/wp\/v2\/media?parent=19915"}],"wp:term":[{"taxonomy":"product_brand","embeddable":true,"href":"https:\/\/nexgendecors.com\/fr\/wp-json\/wp\/v2\/product_brand?post=19915"},{"taxonomy":"product_cat","embeddable":true,"href":"https:\/\/nexgendecors.com\/fr\/wp-json\/wp\/v2\/product_cat?post=19915"},{"taxonomy":"product_tag","embeddable":true,"href":"https:\/\/nexgendecors.com\/fr\/wp-json\/wp\/v2\/product_tag?post=19915"}],"curies":[{"name":"wp","href":"https:\/\/api.w.org\/{rel}","templated":true}]}}