{"id":19958,"date":"2025-01-13T14:50:24","date_gmt":"2025-01-13T14:50:24","guid":{"rendered":"https:\/\/nexgendecors.com\/product\/left-side-down-drainage-flying-rain-waterfall-sink-with-knife-holder-vegetable-sink-large-single-trough-kitchen-304-stainless-steel-dishwashing-sink\/"},"modified":"2025-04-06T07:42:45","modified_gmt":"2025-04-06T07:42:45","slug":"left-side-down-drainage-flying-rain-waterfall-sink-with-knife-holder-vegetable-sink-large-single-trough-kitchen-304-stainless-steel-dishwashing-sink","status":"publish","type":"product","link":"https:\/\/nexgendecors.com\/fr\/product\/left-side-down-drainage-flying-rain-waterfall-sink-with-knife-holder-vegetable-sink-large-single-trough-kitchen-304-stainless-steel-dishwashing-sink\/","title":{"rendered":"Grand \u00e9vier \u00e0 cuvette en acier inoxydable 304 avec porte-couteaux"},"content":{"rendered":"<ul>\n<li>\n<strong>marque<\/strong>:Bichen (mat\u00e9riaux de d\u00e9coration int\u00e9rieure)<\/li>\n<li>\n<strong>mod\u00e8le<\/strong>:Left side water knife holder<\/li>\n<li>\n<strong>Mat\u00e9riel<\/strong>:Acier inoxydable<\/li>\n<li>\n<strong>Origine<\/strong>:Chine continentale<\/li>\n<li>\n<strong>province<\/strong>:Province du Guangdong<\/li>\n<li>\n<strong>ville<\/strong>:Jiangmen<\/li>\n<li>\n<strong>trier par couleur<\/strong>:68*46 Left side waterfall sink knife holder Basic A version 68*46 Left side waterfall sink knife holder Basic B version 68*46 Left side waterfall sink knife holder Basic C version 68*46 Left side waterfall sink knife holder Exclusive A version 68*46 Left side waterfall sink knife holder Exclusive B version 68*46 Left side waterfall sink knife holder Deluxe A version 68*46 Left side waterfall sink knife holder Deluxe B version 68*46 Left side waterfall sink knife holder Deluxe C version 75*46 Left side waterfall sink knife holder Basic A version 75*46 Left side waterfall sink knife holder Basic B version 75*46 left side waterfall sink knife holder basic C version 75*46 left side waterfall sink knife holder exclusive A version 75*46 left side waterfall sink knife holder exclusive B version 75*46 left side waterfall sink knife holder luxury A version 75*46 left side waterfall sink knife holder luxury B version 75*46 left side waterfall sink knife holder luxury C version 75*46 left side waterfall sink knife holder luxury D version 75*46 left side waterfall sink knife holder supreme A version 75*46 left side waterfall sink knife holder supreme B version 75*46 left side waterfall sink knife holder supreme C version<\/li>\n<li>\n<strong>Service en ville<\/strong>:Livraison porte-\u00e0-porte logistique intra-urbaine<\/li>\n<li>\n<strong>Emballage inclus<\/strong>:With other accessories<\/li>\n<li>\n<strong>Nombre d&#039;emplacements<\/strong>:1<\/li>\n<li>\n<strong>taille<\/strong>:750x460x220mm<\/li>\n<li>\n<strong><\/strong>:<\/li>\n<\/ul>\n<p><img><\/p>","protected":false},"excerpt":{"rendered":"<p>Marque : Bichen (mat\u00e9riaux de d\u00e9coration int\u00e9rieure) Mod\u00e8le : Porte-couteau \u00e0 eau c\u00f4t\u00e9 gauche Mat\u00e9riau : Acier inoxydable Origine : Chine continentale Province : Province du Guangdong Ville : Jiangmen Trier par couleur : 68*46 Gauche<\/p>","protected":false},"featured_media":20673,"comment_status":"open","ping_status":"closed","template":"","meta":[],"product_brand":[],"product_cat":[30971,873],"product_tag":[],"class_list":{"0":"post-19958","1":"product","2":"type-product","3":"status-publish","4":"has-post-thumbnail","6":"product_cat-hp","7":"product_cat-wholesale-kitchen-sink","9":"first","10":"instock","11":"taxable","12":"shipping-taxable","13":"purchasable","14":"product-type-variable"},"_links":{"self":[{"href":"https:\/\/nexgendecors.com\/fr\/wp-json\/wp\/v2\/product\/19958","targetHints":{"allow":["GET"]}}],"collection":[{"href":"https:\/\/nexgendecors.com\/fr\/wp-json\/wp\/v2\/product"}],"about":[{"href":"https:\/\/nexgendecors.com\/fr\/wp-json\/wp\/v2\/types\/product"}],"replies":[{"embeddable":true,"href":"https:\/\/nexgendecors.com\/fr\/wp-json\/wp\/v2\/comments?post=19958"}],"version-history":[{"count":0,"href":"https:\/\/nexgendecors.com\/fr\/wp-json\/wp\/v2\/product\/19958\/revisions"}],"wp:featuredmedia":[{"embeddable":true,"href":"https:\/\/nexgendecors.com\/fr\/wp-json\/wp\/v2\/media\/20673"}],"wp:attachment":[{"href":"https:\/\/nexgendecors.com\/fr\/wp-json\/wp\/v2\/media?parent=19958"}],"wp:term":[{"taxonomy":"product_brand","embeddable":true,"href":"https:\/\/nexgendecors.com\/fr\/wp-json\/wp\/v2\/product_brand?post=19958"},{"taxonomy":"product_cat","embeddable":true,"href":"https:\/\/nexgendecors.com\/fr\/wp-json\/wp\/v2\/product_cat?post=19958"},{"taxonomy":"product_tag","embeddable":true,"href":"https:\/\/nexgendecors.com\/fr\/wp-json\/wp\/v2\/product_tag?post=19958"}],"curies":[{"name":"wp","href":"https:\/\/api.w.org\/{rel}","templated":true}]}}