{"id":19989,"date":"2025-01-13T14:50:25","date_gmt":"2025-01-13T14:50:25","guid":{"rendered":"https:\/\/nexgendecors.com\/product\/left-side-down-drainage-white-waterfall-sink-large-single-trough-stainless-steel-vegetable-basin-kitchen-dishwashing-sink-home\/"},"modified":"2025-04-06T07:42:50","modified_gmt":"2025-04-06T07:42:50","slug":"left-side-down-drainage-white-waterfall-sink-large-single-trough-stainless-steel-vegetable-basin-kitchen-dishwashing-sink-home","status":"publish","type":"product","link":"https:\/\/nexgendecors.com\/fr\/product\/left-side-down-drainage-white-waterfall-sink-large-single-trough-stainless-steel-vegetable-basin-kitchen-dishwashing-sink-home\/","title":{"rendered":"White Waterfall Stainless Steel Kitchen Sink"},"content":{"rendered":"<ul>\n<li>\n<strong>forme<\/strong>:Robinet cascade<\/li>\n<li>\n<strong>marque<\/strong>:Bichen (mat\u00e9riaux de d\u00e9coration int\u00e9rieure)<\/li>\n<li>\n<strong>mod\u00e8le<\/strong>:White left bottom water fly rain gutter<\/li>\n<li>\n<strong>Mat\u00e9riel<\/strong>:Acier inoxydable<\/li>\n<li>\n<strong>Origine<\/strong>:Chine continentale<\/li>\n<li>\n<strong>province<\/strong>:Province du Guangdong<\/li>\n<li>\n<strong>ville<\/strong>:Jiangmen<\/li>\n<li>\n<strong>trier par couleur<\/strong>:Lower left white waterfall sink basic version A 68*46 Lower left white waterfall sink basic version B 68*46 Lower left white waterfall sink basic version C 68*46 Lower left white waterfall sink exclusive version A 68*46 Lower left white waterfall sink exclusive version B 68*46 Lower left white waterfall sink deluxe version A 68*46 Lower left white waterfall sink deluxe version B 68*46 Lower left white waterfall sink deluxe version C 68*46 Lower left white waterfall sink deluxe version D 68*46 Lower left white waterfall sink supreme version A 68*46 Lower left white waterfall sink supreme version B 68*46 Lower left white waterfall sink supreme version C 68*46 Lower left white waterfall sink basic version A 75*46 Lower left white waterfall sink basic version B 75*46 Lower left white waterfall sink basic version C 75*46 White waterfall sink in the lower left corner, exclusive version A 75*46 White waterfall sink in the lower left corner, exclusive version B 75*46 White waterfall sink in the lower left corner, deluxe version A 75*46 White waterfall sink in the lower left corner, deluxe version B 75*46 White waterfall sink in the lower left corner, deluxe version C 75*46 White waterfall sink in the lower left corner, deluxe version D 75*46 White waterfall sink in the lower left corner, supreme version A 75*46 White waterfall sink in the lower left corner, supreme version B 75*46 White waterfall sink in the lower left corner, supreme version C 75*46 White waterfall sink in the lower left corner, king version 75*46<\/li>\n<li>\n<strong>Service en ville<\/strong>:Livraison porte-\u00e0-porte logistique intra-urbaine<\/li>\n<li>\n<strong>Emballage inclus<\/strong>:With other accessories With drain basket With soap dispenser With faucet Cup washer<\/li>\n<li>\n<strong>Nombre d&#039;emplacements<\/strong>:1<\/li>\n<li>\n<strong>taille<\/strong>:750x460x220mm<\/li>\n<\/ul>","protected":false},"excerpt":{"rendered":"<p>Forme : robinet cascade Marque : Bichen (mat\u00e9riaux de d\u00e9coration int\u00e9rieure) Mod\u00e8le : goutti\u00e8re de pluie blanche en bas \u00e0 gauche Mat\u00e9riau : acier inoxydable Origine : Chine continentale Province : province du Guangdong Ville : Jiangmen<\/p>","protected":false},"featured_media":20717,"comment_status":"open","ping_status":"closed","template":"","meta":[],"product_brand":[],"product_cat":[30971,873],"product_tag":[],"class_list":{"0":"post-19989","1":"product","2":"type-product","3":"status-publish","4":"has-post-thumbnail","6":"product_cat-hp","7":"product_cat-wholesale-kitchen-sink","9":"first","10":"instock","11":"taxable","12":"shipping-taxable","13":"purchasable","14":"product-type-variable"},"_links":{"self":[{"href":"https:\/\/nexgendecors.com\/fr\/wp-json\/wp\/v2\/product\/19989","targetHints":{"allow":["GET"]}}],"collection":[{"href":"https:\/\/nexgendecors.com\/fr\/wp-json\/wp\/v2\/product"}],"about":[{"href":"https:\/\/nexgendecors.com\/fr\/wp-json\/wp\/v2\/types\/product"}],"replies":[{"embeddable":true,"href":"https:\/\/nexgendecors.com\/fr\/wp-json\/wp\/v2\/comments?post=19989"}],"version-history":[{"count":0,"href":"https:\/\/nexgendecors.com\/fr\/wp-json\/wp\/v2\/product\/19989\/revisions"}],"wp:featuredmedia":[{"embeddable":true,"href":"https:\/\/nexgendecors.com\/fr\/wp-json\/wp\/v2\/media\/20717"}],"wp:attachment":[{"href":"https:\/\/nexgendecors.com\/fr\/wp-json\/wp\/v2\/media?parent=19989"}],"wp:term":[{"taxonomy":"product_brand","embeddable":true,"href":"https:\/\/nexgendecors.com\/fr\/wp-json\/wp\/v2\/product_brand?post=19989"},{"taxonomy":"product_cat","embeddable":true,"href":"https:\/\/nexgendecors.com\/fr\/wp-json\/wp\/v2\/product_cat?post=19989"},{"taxonomy":"product_tag","embeddable":true,"href":"https:\/\/nexgendecors.com\/fr\/wp-json\/wp\/v2\/product_tag?post=19989"}],"curies":[{"name":"wp","href":"https:\/\/api.w.org\/{rel}","templated":true}]}}