{"id":20060,"date":"2025-01-13T14:50:28","date_gmt":"2025-01-13T14:50:28","guid":{"rendered":"https:\/\/nexgendecors.com\/product\/304-stainless-steel-nano-waterfall-sink-with-drainage-on-the-left-side-kitchen-sink-large-single-trough-vegetable-sink\/"},"modified":"2025-04-06T07:42:54","modified_gmt":"2025-04-06T07:42:54","slug":"304-stainless-steel-nano-waterfall-sink-with-drainage-on-the-left-side-kitchen-sink-large-single-trough-vegetable-sink","status":"publish","type":"product","link":"https:\/\/nexgendecors.com\/fr\/product\/304-stainless-steel-nano-waterfall-sink-with-drainage-on-the-left-side-kitchen-sink-large-single-trough-vegetable-sink\/","title":{"rendered":"\u00c9vier \u00e0 auge nano en acier inoxydable 304 \u2013 Grand drain \u00e0 gauche"},"content":{"rendered":"<ul>\n<li>\n<strong>forme<\/strong>:Robinet cascade<\/li>\n<li>\n<strong>marque<\/strong>:Bichen (mat\u00e9riaux de d\u00e9coration int\u00e9rieure)<\/li>\n<li>\n<strong>mod\u00e8le<\/strong>:750*460<\/li>\n<li>\n<strong>Mat\u00e9riel<\/strong>:Acier inoxydable<\/li>\n<li>\n<strong>Origine<\/strong>:Chine continentale<\/li>\n<li>\n<strong>province<\/strong>:Province du Guangdong<\/li>\n<li>\n<strong>ville<\/strong>:Jiangmen<\/li>\n<li>\n<strong>trier par couleur<\/strong>:Forfait de base drainage gauche A 68*46 Forfait de base drainage gauche B 68*46 Forfait de base drainage gauche C 68*46 Forfait exclusif drainage gauche A 68*46 Forfait exclusif drainage gauche B 68*46 Forfait luxe drainage gauche A 68*46 Forfait luxe drainage gauche B 68*46 Forfait luxe drainage gauche C 68*46 Forfait luxe drainage gauche D 68*46 Forfait supr\u00eame drainage gauche A 68*46 Forfait supr\u00eame drainage gauche B 68*46 Forfait supr\u00eame drainage gauche C 68*46 Forfait de base drainage gauche A 75*46 Forfait de base drainage gauche B 75*46 Forfait de base drainage gauche C 75*46 Forfait exclusif drainage gauche A 75*46 Forfait exclusif drainage gauche B 75*46 Forfait luxe drainage gauche A 75*46 Forfait luxe drainage gauche B 75*46 Forfait luxe drainage gauche C 75*46 Forfait luxe drainage gauche D 75*46 Forfait supr\u00eame drainage c\u00f4t\u00e9 gauche A 75*46 Drainage c\u00f4t\u00e9 gauche supr\u00eame package B 75*46 Drainage c\u00f4t\u00e9 gauche supr\u00eame package C 75*46<\/li>\n<li>\n<strong>Service en ville<\/strong>:Livraison porte-\u00e0-porte logistique intra-urbaine<\/li>\n<li>\n<strong>Emballage inclus<\/strong>:Avec d&#039;autres accessoires Avec panier de vidange Avec distributeur de savon Avec robinet<\/li>\n<li>\n<strong>Nombre d&#039;emplacements<\/strong>:1<\/li>\n<li>\n<strong>taille<\/strong>:750x460x220mm<\/li>\n<\/ul>\n<p><img><\/p>","protected":false},"excerpt":{"rendered":"<p>forme : robinet cascade marque : Bichen (mat\u00e9riaux de d\u00e9coration int\u00e9rieure) mod\u00e8le : 750*460 mat\u00e9riau : acier inoxydable origine : Chine continentale province : province du Guangdong ville : Jiangmen trier par couleur : drainage \u00e0 gauche emballage de base<\/p>","protected":false},"featured_media":20768,"comment_status":"open","ping_status":"closed","template":"","meta":[],"product_brand":[],"product_cat":[30971,873],"product_tag":[],"class_list":{"0":"post-20060","1":"product","2":"type-product","3":"status-publish","4":"has-post-thumbnail","6":"product_cat-hp","7":"product_cat-wholesale-kitchen-sink","9":"first","10":"instock","11":"taxable","12":"shipping-taxable","13":"purchasable","14":"product-type-variable"},"_links":{"self":[{"href":"https:\/\/nexgendecors.com\/fr\/wp-json\/wp\/v2\/product\/20060","targetHints":{"allow":["GET"]}}],"collection":[{"href":"https:\/\/nexgendecors.com\/fr\/wp-json\/wp\/v2\/product"}],"about":[{"href":"https:\/\/nexgendecors.com\/fr\/wp-json\/wp\/v2\/types\/product"}],"replies":[{"embeddable":true,"href":"https:\/\/nexgendecors.com\/fr\/wp-json\/wp\/v2\/comments?post=20060"}],"version-history":[{"count":0,"href":"https:\/\/nexgendecors.com\/fr\/wp-json\/wp\/v2\/product\/20060\/revisions"}],"wp:featuredmedia":[{"embeddable":true,"href":"https:\/\/nexgendecors.com\/fr\/wp-json\/wp\/v2\/media\/20768"}],"wp:attachment":[{"href":"https:\/\/nexgendecors.com\/fr\/wp-json\/wp\/v2\/media?parent=20060"}],"wp:term":[{"taxonomy":"product_brand","embeddable":true,"href":"https:\/\/nexgendecors.com\/fr\/wp-json\/wp\/v2\/product_brand?post=20060"},{"taxonomy":"product_cat","embeddable":true,"href":"https:\/\/nexgendecors.com\/fr\/wp-json\/wp\/v2\/product_cat?post=20060"},{"taxonomy":"product_tag","embeddable":true,"href":"https:\/\/nexgendecors.com\/fr\/wp-json\/wp\/v2\/product_tag?post=20060"}],"curies":[{"name":"wp","href":"https:\/\/api.w.org\/{rel}","templated":true}]}}