{"id":20085,"date":"2025-01-13T14:50:29","date_gmt":"2025-01-13T14:50:29","guid":{"rendered":"https:\/\/nexgendecors.com\/product\/rainfall-sink-digital-display-kitchen-large-single-trough-household-vegetable-washing-basin-nano-stainless-steel-dishwashing-sink-under-counter-basin\/"},"modified":"2025-04-06T07:42:59","modified_gmt":"2025-04-06T07:42:59","slug":"rainfall-sink-digital-display-kitchen-large-single-trough-household-vegetable-washing-basin-nano-stainless-steel-dishwashing-sink-under-counter-basin","status":"publish","type":"product","link":"https:\/\/nexgendecors.com\/fr\/product\/rainfall-sink-digital-display-kitchen-large-single-trough-household-vegetable-washing-basin-nano-stainless-steel-dishwashing-sink-under-counter-basin\/","title":{"rendered":"Rainfall Sink Nano Stainless Steel Under Counter Basin"},"content":{"rendered":"<ul>\n<li>\n<strong>marque<\/strong>:Bichen (mat\u00e9riaux de d\u00e9coration int\u00e9rieure)<\/li>\n<li>\n<strong>mod\u00e8le<\/strong>:Rainfall digital display<\/li>\n<li>\n<strong>Mat\u00e9riel<\/strong>:Acier inoxydable<\/li>\n<li>\n<strong>Origine<\/strong>:Chine continentale<\/li>\n<li>\n<strong>province<\/strong>:Province du Guangdong<\/li>\n<li>\n<strong>ville<\/strong>:Jiangmen<\/li>\n<li>\n<strong>trier par couleur<\/strong>:Nano waterfall sink 680*460 Nano waterfall sink digital display 680*460 Nano waterfall sink digital display\/table control\/cup washer\/680*460 Nano waterfall sink digital display\/table control\/cup washer\/water purifier 680*460 Nano waterfall sink 750*460 Nano waterfall sink digital display 750*460 Nano waterfall sink digital display\/table control\/cup washer\/soap dispenser\/750*460 Nano waterfall sink digital display\/table control\/cup washer\/water purifier 750*460 Nano waterfall sink digital display 800*460 Nano waterfall sink digital display\/table control\/cup washer\/soap dispenser 800*460 Nano waterfall sink digital display\/table control\/cup washer\/water purifier 800*460 Nano waterfall sink digital display 860*460 Nano waterfall sink with digital display\/table control\/cup washer\/soap dispenser 860*460 Nano sink with digital display\/table control\/cup washer\/water purifier 860*460<\/li>\n<li>\n<strong>Service en ville<\/strong>:Livraison porte-\u00e0-porte logistique intra-urbaine<\/li>\n<li>\n<strong>Emballage inclus<\/strong>:Avec d&#039;autres accessoires Avec panier de vidange Avec distributeur de savon Avec robinet<\/li>\n<li>\n<strong>Nombre d&#039;emplacements<\/strong>:1<\/li>\n<li>\n<strong>taille<\/strong>:750x460x210mm<\/li>\n<li>\n<strong><\/strong>:<\/li>\n<\/ul>","protected":false},"excerpt":{"rendered":"<p>brand:Bichen (home decoration materials) model:Rainfall digital display Material:Stainless steel Origin:Chinese mainland province:Guangdong Province city:Jiangmen sort by color:Nano waterfall sink 680*460<\/p>","protected":false},"featured_media":20784,"comment_status":"open","ping_status":"closed","template":"","meta":[],"product_brand":[],"product_cat":[30971,873],"product_tag":[],"class_list":{"0":"post-20085","1":"product","2":"type-product","3":"status-publish","4":"has-post-thumbnail","6":"product_cat-hp","7":"product_cat-wholesale-kitchen-sink","9":"first","10":"instock","11":"taxable","12":"shipping-taxable","13":"purchasable","14":"product-type-variable"},"_links":{"self":[{"href":"https:\/\/nexgendecors.com\/fr\/wp-json\/wp\/v2\/product\/20085","targetHints":{"allow":["GET"]}}],"collection":[{"href":"https:\/\/nexgendecors.com\/fr\/wp-json\/wp\/v2\/product"}],"about":[{"href":"https:\/\/nexgendecors.com\/fr\/wp-json\/wp\/v2\/types\/product"}],"replies":[{"embeddable":true,"href":"https:\/\/nexgendecors.com\/fr\/wp-json\/wp\/v2\/comments?post=20085"}],"version-history":[{"count":0,"href":"https:\/\/nexgendecors.com\/fr\/wp-json\/wp\/v2\/product\/20085\/revisions"}],"wp:featuredmedia":[{"embeddable":true,"href":"https:\/\/nexgendecors.com\/fr\/wp-json\/wp\/v2\/media\/20784"}],"wp:attachment":[{"href":"https:\/\/nexgendecors.com\/fr\/wp-json\/wp\/v2\/media?parent=20085"}],"wp:term":[{"taxonomy":"product_brand","embeddable":true,"href":"https:\/\/nexgendecors.com\/fr\/wp-json\/wp\/v2\/product_brand?post=20085"},{"taxonomy":"product_cat","embeddable":true,"href":"https:\/\/nexgendecors.com\/fr\/wp-json\/wp\/v2\/product_cat?post=20085"},{"taxonomy":"product_tag","embeddable":true,"href":"https:\/\/nexgendecors.com\/fr\/wp-json\/wp\/v2\/product_tag?post=20085"}],"curies":[{"name":"wp","href":"https:\/\/api.w.org\/{rel}","templated":true}]}}