{"id":20158,"date":"2025-01-13T14:50:31","date_gmt":"2025-01-13T14:50:31","guid":{"rendered":"https:\/\/nexgendecors.com\/product\/ceramic-kitchen-sink-semi-embedded-sink-american-style-dishwashing-sink-vegetable-basin-farmhouse-sink\/"},"modified":"2025-04-06T07:43:12","modified_gmt":"2025-04-06T07:43:12","slug":"evier-de-cuisine-en-ceramique-evier-semi-encastre-evier-de-style-americain-bac-a-legumes-evier-de-ferme","status":"publish","type":"product","link":"https:\/\/nexgendecors.com\/fr\/product\/evier-de-cuisine-en-ceramique-evier-semi-encastre-evier-de-style-americain-bac-a-legumes-evier-de-ferme\/","title":{"rendered":"\u00c9vier de cuisine en c\u00e9ramique de style ferme am\u00e9ricain \u2013 \u00c9l\u00e9gant et durable"},"content":{"rendered":"<ul>\n<li>\n<strong>marque<\/strong>:MDTNOFR<\/li>\n<li>\n<strong>mod\u00e8le<\/strong>:C-89898<\/li>\n<li>\n<strong>Mat\u00e9riel<\/strong>:c\u00e9ramique<\/li>\n<li>\n<strong>Origine<\/strong>:Chine continentale<\/li>\n<li>\n<strong>province<\/strong>:Province du Guangdong<\/li>\n<li>\n<strong>ville<\/strong>:Ville de Chaozhou<\/li>\n<li>\n<strong>taille<\/strong>:60CM 24 pouces<\/li>\n<li>\n<strong>trier par couleur<\/strong>:1A,1B,2A,2B,3A,3B,4A,4B,A double vasque,B double vasque,blanc classique,gris canon classique,noir classique,argent classique,or classique,blanc premium,gris canon premium,noir premium,argent premium,or premium<\/li>\n<li>\n<strong>Service en ville<\/strong>:Livraison porte-\u00e0-porte logistique intra-urbaine<\/li>\n<li>\n<strong>Nombre d&#039;emplacements<\/strong>:1<\/li>\n<\/ul>\n<p><img><\/p>","protected":false},"excerpt":{"rendered":"<p>Marque : MDTNOFR Mod\u00e8le : C-89898 Mat\u00e9riau : c\u00e9ramique Origine : Chine continentale Province : Province du Guangdong Ville : Ville de Chaozhou Taille : 60 cm 24 pouces Trier par couleur : 1A, 1B, 2A, 2B, 3A, 3B, 4A, 4B, A double vasque, B double vasque, blanc classique, pistolet<\/p>","protected":false},"featured_media":20872,"comment_status":"open","ping_status":"closed","template":"","meta":[],"product_brand":[],"product_cat":[30971,873],"product_tag":[],"class_list":{"0":"post-20158","1":"product","2":"type-product","3":"status-publish","4":"has-post-thumbnail","6":"product_cat-hp","7":"product_cat-wholesale-kitchen-sink","9":"first","10":"instock","11":"taxable","12":"shipping-taxable","13":"purchasable","14":"product-type-variable"},"_links":{"self":[{"href":"https:\/\/nexgendecors.com\/fr\/wp-json\/wp\/v2\/product\/20158","targetHints":{"allow":["GET"]}}],"collection":[{"href":"https:\/\/nexgendecors.com\/fr\/wp-json\/wp\/v2\/product"}],"about":[{"href":"https:\/\/nexgendecors.com\/fr\/wp-json\/wp\/v2\/types\/product"}],"replies":[{"embeddable":true,"href":"https:\/\/nexgendecors.com\/fr\/wp-json\/wp\/v2\/comments?post=20158"}],"version-history":[{"count":0,"href":"https:\/\/nexgendecors.com\/fr\/wp-json\/wp\/v2\/product\/20158\/revisions"}],"wp:featuredmedia":[{"embeddable":true,"href":"https:\/\/nexgendecors.com\/fr\/wp-json\/wp\/v2\/media\/20872"}],"wp:attachment":[{"href":"https:\/\/nexgendecors.com\/fr\/wp-json\/wp\/v2\/media?parent=20158"}],"wp:term":[{"taxonomy":"product_brand","embeddable":true,"href":"https:\/\/nexgendecors.com\/fr\/wp-json\/wp\/v2\/product_brand?post=20158"},{"taxonomy":"product_cat","embeddable":true,"href":"https:\/\/nexgendecors.com\/fr\/wp-json\/wp\/v2\/product_cat?post=20158"},{"taxonomy":"product_tag","embeddable":true,"href":"https:\/\/nexgendecors.com\/fr\/wp-json\/wp\/v2\/product_tag?post=20158"}],"curies":[{"name":"wp","href":"https:\/\/api.w.org\/{rel}","templated":true}]}}