{"id":20331,"date":"2025-01-13T14:50:39","date_gmt":"2025-01-13T14:50:39","guid":{"rendered":"https:\/\/nexgendecors.com\/product\/kabe-black-nano-round-sink-single-trough-small-304-stainless-steel-bar-balcony-kitchen-sink-under-the-counter\/"},"modified":"2025-04-06T07:43:27","modified_gmt":"2025-04-06T07:43:27","slug":"kabe-black-nano-round-sink-single-trough-small-304-stainless-steel-bar-balcony-kitchen-sink-under-the-counter","status":"publish","type":"product","link":"https:\/\/nexgendecors.com\/fr\/product\/kabe-black-nano-round-sink-single-trough-small-304-stainless-steel-bar-balcony-kitchen-sink-under-the-counter\/","title":{"rendered":"\u00c9vier rond Kabe Black Nano \u2013 \u00c9l\u00e9gant \u00e9vier de bar en acier inoxydable 304"},"content":{"rendered":"<ul>\n<li>\n<strong>marque<\/strong>:Cobbe<\/li>\n<li>\n<strong>mod\u00e8le<\/strong>:CC4242A Round Black<\/li>\n<li>\n<strong>Mat\u00e9riel<\/strong>:304 stainless steel<\/li>\n<li>\n<strong>Origine<\/strong>:Chine continentale<\/li>\n<li>\n<strong>province<\/strong>:Province du Guangdong<\/li>\n<li>\n<strong>ville<\/strong>:Ville de Zhongshan<\/li>\n<li>\n<strong>trier par couleur<\/strong>:Black round 304 stainless steel stretched bare groove Black round 304 stainless steel classic faucet set Black round 304 stainless steel pull-out faucet set Collection and purchase priority delivery<\/li>\n<li>\n<strong>Nombre d&#039;emplacements<\/strong>:1<\/li>\n<li>\n<strong>taille<\/strong>:420x420x195mm<\/li>\n<li>\n<strong><\/strong>:<\/li>\n<\/ul>\n<p><img><\/p>","protected":false},"excerpt":{"rendered":"<p>Marque : Cobbe Mod\u00e8le : CC4242A Rond Noir Mat\u00e9riau : Acier inoxydable 304 Origine : Chine continentale Province : Province du Guangdong Ville : Ville de Zhongshan Trier par couleur : Noir rond Acier inoxydable 304<\/p>","protected":false},"featured_media":21040,"comment_status":"open","ping_status":"closed","template":"","meta":[],"product_brand":[],"product_cat":[30971,873],"product_tag":[],"class_list":{"0":"post-20331","1":"product","2":"type-product","3":"status-publish","4":"has-post-thumbnail","6":"product_cat-hp","7":"product_cat-wholesale-kitchen-sink","9":"first","10":"instock","11":"taxable","12":"shipping-taxable","13":"purchasable","14":"product-type-variable"},"_links":{"self":[{"href":"https:\/\/nexgendecors.com\/fr\/wp-json\/wp\/v2\/product\/20331","targetHints":{"allow":["GET"]}}],"collection":[{"href":"https:\/\/nexgendecors.com\/fr\/wp-json\/wp\/v2\/product"}],"about":[{"href":"https:\/\/nexgendecors.com\/fr\/wp-json\/wp\/v2\/types\/product"}],"replies":[{"embeddable":true,"href":"https:\/\/nexgendecors.com\/fr\/wp-json\/wp\/v2\/comments?post=20331"}],"version-history":[{"count":0,"href":"https:\/\/nexgendecors.com\/fr\/wp-json\/wp\/v2\/product\/20331\/revisions"}],"wp:featuredmedia":[{"embeddable":true,"href":"https:\/\/nexgendecors.com\/fr\/wp-json\/wp\/v2\/media\/21040"}],"wp:attachment":[{"href":"https:\/\/nexgendecors.com\/fr\/wp-json\/wp\/v2\/media?parent=20331"}],"wp:term":[{"taxonomy":"product_brand","embeddable":true,"href":"https:\/\/nexgendecors.com\/fr\/wp-json\/wp\/v2\/product_brand?post=20331"},{"taxonomy":"product_cat","embeddable":true,"href":"https:\/\/nexgendecors.com\/fr\/wp-json\/wp\/v2\/product_cat?post=20331"},{"taxonomy":"product_tag","embeddable":true,"href":"https:\/\/nexgendecors.com\/fr\/wp-json\/wp\/v2\/product_tag?post=20331"}],"curies":[{"name":"wp","href":"https:\/\/api.w.org\/{rel}","templated":true}]}}