{"id":20457,"date":"2025-01-13T14:50:46","date_gmt":"2025-01-13T14:50:46","guid":{"rendered":"https:\/\/nexgendecors.com\/product\/yidiou-quartz-stone-sink-single-bowl-kitchen-vegetable-sink-granite-undercounter-basin-sink-dishwashing-sink-black-7170\/"},"modified":"2025-04-06T07:43:33","modified_gmt":"2025-04-06T07:43:33","slug":"yidiou-quartz-stone-sink-single-bowl-kitchen-vegetable-sink-granite-undercounter-basin-sink-dishwashing-sink-black-7170","status":"publish","type":"product","link":"https:\/\/nexgendecors.com\/fr\/product\/yidiou-quartz-stone-sink-single-bowl-kitchen-vegetable-sink-granite-undercounter-basin-sink-dishwashing-sink-black-7170\/","title":{"rendered":"\u00c9vier simple en quartz noir Yidiou \u2013 \u00c9l\u00e9gance moderne"},"content":{"rendered":"<ul>\n<li>\n<strong>taille<\/strong>:700x430x200mm<\/li>\n<li>\n<strong>marque<\/strong>:YEDEEO<\/li>\n<li>\n<strong>mod\u00e8le<\/strong>:7070sy<\/li>\n<li>\n<strong>Nombre d&#039;emplacements<\/strong>:1<\/li>\n<li>\n<strong>Mat\u00e9riel<\/strong>:granite<\/li>\n<li>\n<strong>Service en ville<\/strong>:Livraison porte-\u00e0-porte logistique intra-urbaine<\/li>\n<li>\n<strong>trier par couleur<\/strong>:650*430?7165SY?Bare basin configuration 650*430?7165SY?Faucet configuration 650*430?7165SY?Full set of configuration?Popular model? 650*430?7165SY?Luxury configuration?Recommended by the store manager? 680*450?7168SY?Bare basin configuration 680*450?7168SY?Faucet configuration 680*450?7168SY?Full set of configuration?Sales TOP1? 680*450?7168SY?Luxury configuration?Recommended by the store manager? 700*430?7170SY?Bare basin configuration 700*430?7170SY?Faucet configuration 700*430?7170SY?Full set of configuration?Sales TOP1? 700*430?7170SY?Luxury configuration?Recommended by the store manager? 730*440?7173SY?Bare basin configuration 730*440?7173SY?Faucet configuration 730*440?7173SY?Full set of configuration?Recommended by the store manager? 730*440?7173SY?Luxury configuration?Recommended by the store manager? 760*450?7176SY?Bare basin configuration 760*450?7176SY?Faucet configuration 760*450?7176SY?Full set of configuration?Recommended by the store manager? 760*450?7176SY?Luxury configuration?Recommended by the store manager? 780*440?7178SY?Bare basin configuration 780*440?7178SY?Faucet configuration 780*440?7178SY?Full set of configuration?Recommended by the store manager? 780*440?7178SY?Luxury configuration?Recommended by the store manager? 810*460?7181SY?Nude basin configuration 810*460?7181SY?Faucet configuration 810*460?7181SY?Full set configuration?Recommended by the store manager? 810*460?7181SY?Luxury configuration?Recommended by the store manager? Multiple faucets are available for free matching. Please consult customer service<\/li>\n<li>\n<strong><\/strong>:<\/li>\n<\/ul>\n<p><img><\/p>","protected":false},"excerpt":{"rendered":"<p>Taille : 700x430x200mm Marque : YEDEEO Mod\u00e8le : 7070sy Nombre d&#039;emplacements : 1 Mat\u00e9riau : granit Service en ville : logistique intra-urbaine livraison porte-\u00e0-porte Trier par couleur : 650*430?7165SY? Configuration du lavabo nu 650*430?7165SY? Configuration du robinet 650*430?7165SY? Complet<\/p>","protected":false},"featured_media":21182,"comment_status":"open","ping_status":"closed","template":"","meta":[],"product_brand":[],"product_cat":[30971,873],"product_tag":[],"class_list":{"0":"post-20457","1":"product","2":"type-product","3":"status-publish","4":"has-post-thumbnail","6":"product_cat-hp","7":"product_cat-wholesale-kitchen-sink","9":"first","10":"instock","11":"taxable","12":"shipping-taxable","13":"purchasable","14":"product-type-variable"},"_links":{"self":[{"href":"https:\/\/nexgendecors.com\/fr\/wp-json\/wp\/v2\/product\/20457","targetHints":{"allow":["GET"]}}],"collection":[{"href":"https:\/\/nexgendecors.com\/fr\/wp-json\/wp\/v2\/product"}],"about":[{"href":"https:\/\/nexgendecors.com\/fr\/wp-json\/wp\/v2\/types\/product"}],"replies":[{"embeddable":true,"href":"https:\/\/nexgendecors.com\/fr\/wp-json\/wp\/v2\/comments?post=20457"}],"version-history":[{"count":0,"href":"https:\/\/nexgendecors.com\/fr\/wp-json\/wp\/v2\/product\/20457\/revisions"}],"wp:featuredmedia":[{"embeddable":true,"href":"https:\/\/nexgendecors.com\/fr\/wp-json\/wp\/v2\/media\/21182"}],"wp:attachment":[{"href":"https:\/\/nexgendecors.com\/fr\/wp-json\/wp\/v2\/media?parent=20457"}],"wp:term":[{"taxonomy":"product_brand","embeddable":true,"href":"https:\/\/nexgendecors.com\/fr\/wp-json\/wp\/v2\/product_brand?post=20457"},{"taxonomy":"product_cat","embeddable":true,"href":"https:\/\/nexgendecors.com\/fr\/wp-json\/wp\/v2\/product_cat?post=20457"},{"taxonomy":"product_tag","embeddable":true,"href":"https:\/\/nexgendecors.com\/fr\/wp-json\/wp\/v2\/product_tag?post=20457"}],"curies":[{"name":"wp","href":"https:\/\/api.w.org\/{rel}","templated":true}]}}