{"id":21259,"date":"2025-01-13T16:15:39","date_gmt":"2025-01-13T16:15:39","guid":{"rendered":"https:\/\/nexgendecors.com\/product\/flush-island-dining-table-integrated-full-rock-board-home-light-retro-style-advanced-travertine-customizable-guide-table-dining-table\/"},"modified":"2025-04-06T07:43:41","modified_gmt":"2025-04-06T07:43:41","slug":"flush-island-dining-table-integrated-full-rock-board-home-light-retro-style-advanced-travertine-customizable-guide-table-dining-table","status":"publish","type":"product","link":"https:\/\/nexgendecors.com\/fr\/product\/flush-island-dining-table-integrated-full-rock-board-home-light-retro-style-advanced-travertine-customizable-guide-table-dining-table\/","title":{"rendered":"Table \u00e0 manger encastr\u00e9e\u00a0: style r\u00e9tro et options personnalis\u00e9es"},"content":{"rendered":"<ul>\n<li>\n<strong>style<\/strong>:Classique<\/li>\n<li>\n<strong>marque<\/strong>:Maison<\/li>\n<li>\n<strong>Num\u00e9ro de produit<\/strong>:QMDT-74<\/li>\n<li>\n<strong>Est-ce personnalisable ?<\/strong>:Oui<\/li>\n<li>\n<strong>forme<\/strong>:rectangle<\/li>\n<li>\n<strong>Origine<\/strong>:Shunde, Guangdong<\/li>\n<li>\n<strong>Assembler<\/strong>:Oui<\/li>\n<li>\n<strong>Mat\u00e9riel<\/strong>:Panneau de roche<\/li>\n<li>\n<strong>Est-ce \u00e9volutif ?<\/strong>:Non<\/li>\n<li>\n<strong>M\u00e9thode de levage<\/strong>:Tirer \u00e0 la main<\/li>\n<li>\n<strong>Mat\u00e9riau de finition<\/strong>:Panneau de roche<\/li>\n<li>\n<strong>trier par couleur<\/strong>:[Track&#8212;&#8211;CCTV?Exhibition?Broadcast?Products?Brand] Believe in the power of the brand, reject inferior materials, enjoy exclusive one-to-one design and drawing, and support various customizations. Entry-level version 1.8 meters, entry-level version 2.0 meters, entry-level version 2.2 meters, entry-level version 2.4 meters, upgraded version 1.8 meters [with bull socket], upgraded version 2.0 meters [with bull socket], upgraded version 2.2 meters [with bull socket], upgraded version 2.4 meters [with bull socket], luxury version 1.8 meters [with socket, light strip, sink], luxury version 2.0 meters [with socket, light strip, sink], luxury version 2.2 meters [with socket, light strip, sink], luxury version 2.4 meters [with socket, light strip, sink], supreme version 1.8 meters [with socket, light strip, sink, induction cooker], supreme version 2.0 meters [with socket, light strip, sink, induction cooker], supreme version 2.2 meters [with socket, light strip, sink, induction cooker] Supreme model 2.4 meters [with socket, light strip, sink, induction cooker]<\/li>\n<\/ul>\n<p><img><\/p>","protected":false},"excerpt":{"rendered":"<p>Style : Classique Marque : Maison Num\u00e9ro de produit : QMDT-74 Est-il personnalisable ? : Oui Forme : Rectangle Origine : Shunde, Guangdong Assemblage : Oui Mat\u00e9riau : Panneau de roche Est-il \u00e9volutif ? : Non M\u00e9thode de levage : Finition \u00e0 la main<\/p>","protected":false},"featured_media":21825,"comment_status":"open","ping_status":"closed","template":"","meta":[],"product_brand":[],"product_cat":[30971,871],"product_tag":[],"class_list":{"0":"post-21259","1":"product","2":"type-product","3":"status-publish","4":"has-post-thumbnail","6":"product_cat-hp","7":"product_cat-wholesale-kitchen-table","9":"first","10":"instock","11":"taxable","12":"shipping-taxable","13":"purchasable","14":"product-type-variable"},"_links":{"self":[{"href":"https:\/\/nexgendecors.com\/fr\/wp-json\/wp\/v2\/product\/21259","targetHints":{"allow":["GET"]}}],"collection":[{"href":"https:\/\/nexgendecors.com\/fr\/wp-json\/wp\/v2\/product"}],"about":[{"href":"https:\/\/nexgendecors.com\/fr\/wp-json\/wp\/v2\/types\/product"}],"replies":[{"embeddable":true,"href":"https:\/\/nexgendecors.com\/fr\/wp-json\/wp\/v2\/comments?post=21259"}],"version-history":[{"count":0,"href":"https:\/\/nexgendecors.com\/fr\/wp-json\/wp\/v2\/product\/21259\/revisions"}],"wp:featuredmedia":[{"embeddable":true,"href":"https:\/\/nexgendecors.com\/fr\/wp-json\/wp\/v2\/media\/21825"}],"wp:attachment":[{"href":"https:\/\/nexgendecors.com\/fr\/wp-json\/wp\/v2\/media?parent=21259"}],"wp:term":[{"taxonomy":"product_brand","embeddable":true,"href":"https:\/\/nexgendecors.com\/fr\/wp-json\/wp\/v2\/product_brand?post=21259"},{"taxonomy":"product_cat","embeddable":true,"href":"https:\/\/nexgendecors.com\/fr\/wp-json\/wp\/v2\/product_cat?post=21259"},{"taxonomy":"product_tag","embeddable":true,"href":"https:\/\/nexgendecors.com\/fr\/wp-json\/wp\/v2\/product_tag?post=21259"}],"curies":[{"name":"wp","href":"https:\/\/api.w.org\/{rel}","templated":true}]}}