{"id":21311,"date":"2025-01-13T16:15:42","date_gmt":"2025-01-13T16:15:42","guid":{"rendered":"https:\/\/nexgendecors.com\/product\/all-rock-suspended-island-dining-table-walnut-wood-grain-log-style-light-retro-high-end-restaurant-island-dining-table-integrated\/"},"modified":"2025-04-06T07:43:49","modified_gmt":"2025-04-06T07:43:49","slug":"all-rock-suspended-island-dining-table-walnut-wood-grain-log-style-light-retro-high-end-restaurant-island-dining-table-integrated","status":"publish","type":"product","link":"https:\/\/nexgendecors.com\/fr\/product\/all-rock-suspended-island-dining-table-walnut-wood-grain-log-style-light-retro-high-end-restaurant-island-dining-table-integrated\/","title":{"rendered":"Table \u00e0 manger r\u00e9tro en noyer \u2013 Style haut de gamme"},"content":{"rendered":"<ul>\n<li>\n<strong>style<\/strong>:Light Retro<\/li>\n<li>\n<strong>marque<\/strong>:Maison<\/li>\n<li>\n<strong>Num\u00e9ro de produit<\/strong>:QMDT-37<\/li>\n<li>\n<strong>Est-ce personnalisable ?<\/strong>:Oui<\/li>\n<li>\n<strong>forme<\/strong>:rectangle<\/li>\n<li>\n<strong>Origine<\/strong>:Shunde, Guangdong<\/li>\n<li>\n<strong>Assembler<\/strong>:Oui<\/li>\n<li>\n<strong>Mat\u00e9riel<\/strong>:Panneau de roche<\/li>\n<li>\n<strong>Est-ce \u00e9volutif ?<\/strong>:Non<\/li>\n<li>\n<strong>M\u00e9thode de levage<\/strong>:Tirer \u00e0 la main<\/li>\n<li>\n<strong>Mat\u00e9riau de finition<\/strong>:Panneau de roche<\/li>\n<li>\n<strong>trier par couleur<\/strong>:[Tracks&#8212;&#8211;CCTV Exhibition Broadcast Product Brand] Believe in the power of the brand, refuse inferior materials, enjoy exclusive one-to-one design and drawing, support various customization [Entry-level version 2.38 meters] [Entry-level version 2.58 meters] [Entry-level version 2.78 meters] [Entry-level version 2.98 meters] Upgraded version 2.38 meters [with bull socket] Upgraded version 2.58 meters [with bull socket] Upgraded version 2.78 meters [with bull socket] Upgraded version 2.98 meters [with bull socket] Deluxe version 2.38 meters [with bull socket + sink + light strip] Deluxe version 2.58 meters [with bull socket + sink + light strip] Deluxe version 2.78 meters [with bull socket + sink + light strip] Deluxe version 2.98 meters [with bull socket + sink + light strip]<\/li>\n<\/ul>\n<p><img><\/p>","protected":false},"excerpt":{"rendered":"<p>Style : R\u00e9tro l\u00e9ger Marque : Maison Num\u00e9ro de produit : QMDT-37 Est-il personnalisable ? : oui Forme : rectangle Origine : Shunde, Guangdong Assemblage : oui Mat\u00e9riau : Panneau de roche Est-il \u00e9volutif ? : non M\u00e9thode de levage : traction manuelle<\/p>","protected":false},"featured_media":21914,"comment_status":"open","ping_status":"closed","template":"","meta":[],"product_brand":[],"product_cat":[30971,871],"product_tag":[],"class_list":{"0":"post-21311","1":"product","2":"type-product","3":"status-publish","4":"has-post-thumbnail","6":"product_cat-hp","7":"product_cat-wholesale-kitchen-table","9":"first","10":"instock","11":"taxable","12":"shipping-taxable","13":"purchasable","14":"product-type-variable"},"_links":{"self":[{"href":"https:\/\/nexgendecors.com\/fr\/wp-json\/wp\/v2\/product\/21311","targetHints":{"allow":["GET"]}}],"collection":[{"href":"https:\/\/nexgendecors.com\/fr\/wp-json\/wp\/v2\/product"}],"about":[{"href":"https:\/\/nexgendecors.com\/fr\/wp-json\/wp\/v2\/types\/product"}],"replies":[{"embeddable":true,"href":"https:\/\/nexgendecors.com\/fr\/wp-json\/wp\/v2\/comments?post=21311"}],"version-history":[{"count":0,"href":"https:\/\/nexgendecors.com\/fr\/wp-json\/wp\/v2\/product\/21311\/revisions"}],"wp:featuredmedia":[{"embeddable":true,"href":"https:\/\/nexgendecors.com\/fr\/wp-json\/wp\/v2\/media\/21914"}],"wp:attachment":[{"href":"https:\/\/nexgendecors.com\/fr\/wp-json\/wp\/v2\/media?parent=21311"}],"wp:term":[{"taxonomy":"product_brand","embeddable":true,"href":"https:\/\/nexgendecors.com\/fr\/wp-json\/wp\/v2\/product_brand?post=21311"},{"taxonomy":"product_cat","embeddable":true,"href":"https:\/\/nexgendecors.com\/fr\/wp-json\/wp\/v2\/product_cat?post=21311"},{"taxonomy":"product_tag","embeddable":true,"href":"https:\/\/nexgendecors.com\/fr\/wp-json\/wp\/v2\/product_tag?post=21311"}],"curies":[{"name":"wp","href":"https:\/\/api.w.org\/{rel}","templated":true}]}}