{"id":21327,"date":"2025-01-13T16:15:42","date_gmt":"2025-01-13T16:15:42","guid":{"rendered":"https:\/\/nexgendecors.com\/product\/flush-island-table-high-end-rock-plate-island-table-dining-table-integrated-cream-style-center-guide-downturn-custom-kitchen-separate-bar\/"},"modified":"2025-04-06T07:43:53","modified_gmt":"2025-04-06T07:43:53","slug":"table-ilot-encastree-table-ilot-haut-de-gamme-en-pierre-plate-table-a-manger-integree-style-creme-guide-central-downturn-cuisine-personnalisee-bar-separe","status":"publish","type":"product","link":"https:\/\/nexgendecors.com\/fr\/product\/table-ilot-encastree-table-ilot-haut-de-gamme-en-pierre-plate-table-a-manger-integree-style-creme-guide-central-downturn-cuisine-personnalisee-bar-separe\/","title":{"rendered":"Table \u00e0 manger et bar de luxe en \u00eelot encastr\u00e9 Rock Plate"},"content":{"rendered":"<ul>\n<li>\n<strong>style<\/strong>:Europe du Nord<\/li>\n<li>\n<strong>marque<\/strong>:Maison<\/li>\n<li>\n<strong>Num\u00e9ro de produit<\/strong>:QMDT-06<\/li>\n<li>\n<strong>Assembler<\/strong>:Assembl\u00e9e<\/li>\n<li>\n<strong>Est-ce \u00e9volutif ?<\/strong>:Non<\/li>\n<li>\n<strong>volume du colis<\/strong>:0.8<\/li>\n<li>\n<strong>Est-ce personnalisable ?<\/strong>:Oui<\/li>\n<li>\n<strong>Fonction<\/strong>:Multifonction<\/li>\n<li>\n<strong>forme<\/strong>:rectangle<\/li>\n<li>\n<strong>Origine<\/strong>:Shunde, Guangdong<\/li>\n<li>\n<strong>Mat\u00e9riel<\/strong>:Panneau de roche<\/li>\n<li>\n<strong>Structure du meuble<\/strong>:cadre<\/li>\n<li>\n<strong>Nombre de personnes applicable<\/strong>:4-6 personnes<\/li>\n<li>\n<strong>province<\/strong>:Province du Guangdong<\/li>\n<li>\n<strong>M\u00e9thode de levage<\/strong>:Tirer \u00e0 la main<\/li>\n<li>\n<strong>Zone de livraison et d&#039;installation<\/strong>:\u00c0 l&#039;\u00e9chelle nationale<\/li>\n<li>\n<strong>Mat\u00e9riau de finition<\/strong>:Panneau de roche<\/li>\n<li>\n<strong>trier par couleur<\/strong>:[R\u00e9pertoire\u2014\u2013Marque de diffusion d&#039;exposition CCTV] [Conception de concepteur 1V1] Mod\u00e8le membre 1 m\u00e8tre (avec prise) Mod\u00e8le membre 1,2 m\u00e8tre (avec prise) Mod\u00e8le membre 1,4 m\u00e8tre (avec prise) Mod\u00e8le membre 1,6 m\u00e8tre (avec prise) Mod\u00e8le VIP 1 m\u00e8tre (avec prise, bande lumineuse, \u00e9vier) Mod\u00e8le VIP 1,2 m\u00e8tre (avec prise, bande lumineuse, \u00e9vier) Mod\u00e8le VIP 1,4 m\u00e8tre (avec prise, bande lumineuse, \u00e9vier) Mod\u00e8le VIP 1,6 m\u00e8tre (avec prise, bande lumineuse, \u00e9vier)<\/li>\n<\/ul>\n<p><img><\/p>","protected":false},"excerpt":{"rendered":"<p>style:Northern Europe brand:Home Product number:QMDT-06 Assemble:Assembly Is it scalable?:no package volume:0.8 Is it customizable?:yes Function:Multifunction shape:rectangle Origin:Shunde, Guangdong Material:Rock board<\/p>","protected":false},"featured_media":21917,"comment_status":"open","ping_status":"closed","template":"","meta":[],"product_brand":[],"product_cat":[30971,871],"product_tag":[],"class_list":{"0":"post-21327","1":"product","2":"type-product","3":"status-publish","4":"has-post-thumbnail","6":"product_cat-hp","7":"product_cat-wholesale-kitchen-table","9":"first","10":"instock","11":"taxable","12":"shipping-taxable","13":"purchasable","14":"product-type-variable"},"_links":{"self":[{"href":"https:\/\/nexgendecors.com\/fr\/wp-json\/wp\/v2\/product\/21327","targetHints":{"allow":["GET"]}}],"collection":[{"href":"https:\/\/nexgendecors.com\/fr\/wp-json\/wp\/v2\/product"}],"about":[{"href":"https:\/\/nexgendecors.com\/fr\/wp-json\/wp\/v2\/types\/product"}],"replies":[{"embeddable":true,"href":"https:\/\/nexgendecors.com\/fr\/wp-json\/wp\/v2\/comments?post=21327"}],"version-history":[{"count":0,"href":"https:\/\/nexgendecors.com\/fr\/wp-json\/wp\/v2\/product\/21327\/revisions"}],"wp:featuredmedia":[{"embeddable":true,"href":"https:\/\/nexgendecors.com\/fr\/wp-json\/wp\/v2\/media\/21917"}],"wp:attachment":[{"href":"https:\/\/nexgendecors.com\/fr\/wp-json\/wp\/v2\/media?parent=21327"}],"wp:term":[{"taxonomy":"product_brand","embeddable":true,"href":"https:\/\/nexgendecors.com\/fr\/wp-json\/wp\/v2\/product_brand?post=21327"},{"taxonomy":"product_cat","embeddable":true,"href":"https:\/\/nexgendecors.com\/fr\/wp-json\/wp\/v2\/product_cat?post=21327"},{"taxonomy":"product_tag","embeddable":true,"href":"https:\/\/nexgendecors.com\/fr\/wp-json\/wp\/v2\/product_tag?post=21327"}],"curies":[{"name":"wp","href":"https:\/\/api.w.org\/{rel}","templated":true}]}}